{"id":38538,"date":"2023-06-07T11:22:13","date_gmt":"2023-06-07T11:22:13","guid":{"rendered":"https:\/\/www.dutchtrans.co.uk\/financiele-vertaaldiensten\/"},"modified":"2023-06-08T08:20:47","modified_gmt":"2023-06-08T08:20:47","slug":"financiele-vertaaldiensten","status":"publish","type":"page","link":"https:\/\/www.dutchtrans.co.uk\/nl\/financiele-vertaaldiensten\/","title":{"rendered":"Financi\u00eble vertaaldiensten"},"content":{"rendered":"<div class=\"wpb-content-wrapper\"><p>[vc_row css_animation=&#8221;&#8221; row_type=&#8221;row&#8221; use_row_as_full_screen_section=&#8221;no&#8221; type=&#8221;grid&#8221; angled_section=&#8221;no&#8221; text_align=&#8221;left&#8221; background_image_as_pattern=&#8221;without_pattern&#8221;][vc_column][vc_empty_space][vc_column_text]<\/p>\n<h1 style=\"text-align: center; color: #36539d;\">Financi\u00eble vertaaldiensten<\/h1>\n<h3 style=\"text-align: center; color: #36539d;\">Zeer nauwkeurige vertaling van financi\u00eble documenten, snel en tegen lage tarieven<\/h3>\n<p>[\/vc_column_text][vc_empty_space][vc_column_text]<\/p>\n<p style=\"text-align: center;\">Financi\u00eble documenten kunnen vari\u00ebren van persoonlijke bankafschriften tot prestatiegegevens van bedrijven. Deze documenten zijn erg belangrijk omdat ze je financi\u00ebn bijhouden. Je financi\u00eble documenten zijn ook belangrijk in de zin dat ze je beweringen over je financi\u00eble situatie kunnen staven. Financi\u00eble documenten zijn nodig om een hypotheek af te sluiten en zelfs als je immigratie aanvraagt in een ander land. Door de globalisering kunnen financi\u00eble documenten van bedrijven niet in slechts \u00e9\u00e9n taal worden opgesteld. Ze moeten vertaald worden zodat ze in verschillende landen gebruikt kunnen worden. Wanneer je zeer nauwkeurige financi\u00eble vertaaldiensten nodig hebt, of het nu gaat om persoonlijke of zakelijke documenten, wij kunnen je precies geven wat je wilt, snel en tegen lage tarieven.<\/p>\n<p>[\/vc_column_text][\/vc_column][\/vc_row][vc_row css_animation=&#8221;&#8221; row_type=&#8221;row&#8221; use_row_as_full_screen_section=&#8221;no&#8221; type=&#8221;grid&#8221; angled_section=&#8221;no&#8221; text_align=&#8221;left&#8221; background_image_as_pattern=&#8221;without_pattern&#8221;][vc_column][vc_empty_space][vc_column_text]<\/p>\n<h3 style=\"text-align: center; color: #36539d;\">Waarom nauwkeurige vertalingen gebruiken<\/h3>\n<p>[\/vc_column_text][vc_empty_space][\/vc_column][\/vc_row][vc_row css_animation=&#8221;&#8221; row_type=&#8221;row&#8221; use_row_as_full_screen_section=&#8221;no&#8221; type=&#8221;grid&#8221; angled_section=&#8221;no&#8221; text_align=&#8221;left&#8221; background_image_as_pattern=&#8221;without_pattern&#8221;][vc_column width=&#8221;1\/3&#8243; el_class=&#8221;border_Div&#8221;][vc_single_image image=&#8221;16657&#8243; img_size=&#8221;large&#8221; alignment=&#8221;center&#8221; qode_css_animation=&#8221;&#8221; title=&#8221;Uw bedrijf uitbreiden&#8221;][vc_column_text]<\/p>\n<p style=\"text-align: center;\">Met de hulp van vertaaldiensten voor financi\u00eble documenten ligt de wereld voor het oprapen. Je kunt je bedrijf uitbreiden naar elk land, zolang je maar een stabiele partner hebt die zeer nauwkeurige vertalingen van belangrijke financi\u00eble, juridische, technische en <a href=\"https:\/\/www.dutchtrans.co.uk\/nl\/zakelijke-vertaaldiensten\/\">zakelijke documenten<\/a> levert.<\/p>\n<p>[\/vc_column_text][\/vc_column][vc_column width=&#8221;1\/3&#8243; el_class=&#8221;border_Div&#8221;][vc_single_image image=&#8221;16666&#8243; img_size=&#8221;large&#8221; alignment=&#8221;center&#8221; qode_css_animation=&#8221;&#8221; title=&#8221;Bescherm uw privacy&#8221;][vc_column_text]<\/p>\n<p style=\"text-align: center;\">Financi\u00eble documenten bevatten veel priv\u00e9-informatie. Elk bedrijf wil zijn financi\u00eble administratie veilig bewaren en daarvoor zijn wij de perfecte keuze. We houden al je gegevens priv\u00e9 en werken met de grootste zorg aan je documenten. Wij beschermen uw gegevens en die van uw klanten.<\/p>\n<p>[\/vc_column_text][\/vc_column][vc_column width=&#8221;1\/3&#8243; el_class=&#8221;border_Div&#8221;][vc_single_image image=&#8221;16675&#8243; img_size=&#8221;150&#215;150&#8243; alignment=&#8221;center&#8221; qode_css_animation=&#8221;&#8221; title=&#8221;Risicovrij&#8221;][vc_column_text]<\/p>\n<p style=\"text-align: center;\">Elk bedrijf brengt risicofactoren met zich mee, maar sommige kunnen gemakkelijk worden vermeden, en een daarvan is dat van onnauwkeurige vertalingen. Als je je financi\u00eble documenten laat vertalen door een professionele vertaler, zullen er geen onnauwkeurigheden in staan en zul je niet voor de rechter worden gesleept voor fouten.<\/p>\n<p>[\/vc_column_text][\/vc_column][\/vc_row][vc_row css_animation=&#8221;&#8221; row_type=&#8221;row&#8221; use_row_as_full_screen_section=&#8221;yes&#8221; type=&#8221;full_width&#8221; angled_section=&#8221;no&#8221; text_align=&#8221;left&#8221; background_image_as_pattern=&#8221;without_pattern&#8221; el_class=&#8221;callaction&#8221;][vc_column][vc_empty_space][vc_row_inner row_type=&#8221;row&#8221; type=&#8221;full_width&#8221; text_align=&#8221;left&#8221; css_animation=&#8221;&#8221;][vc_column_inner]<div class=\"call_to_action normal\" style=\"background-color: #6fbe44;\"><div class=\"container_inner\"><div class=\"two_columns_75_25 clearfix\"><div class=\"text_wrapper column1\"><div class=\"call_to_action_text  font_size_inherit font_weight_inherit\" style=\"font-size:24px;font-weight: 700;\">OFFERTE VOOR VERTALING NODIG? GEBRUIK ONZE 5-MINUTEN OFFERTE TOOL<\/div><\/div><div class=\"button_wrapper column2\"><a itemprop=\"url\" href=\"https:\/\/www.dutchtrans.co.uk\/dutch-translation-quote\/\" class=\"qbutton white \" target=\"_self\" style=\"color: #ffffff;border-color: #ffffff;\" data-hover-background-color=#ffffff data-hover-border-color=#ffffff data-hover-color=#a2a2a2>Klik hier<\/a><\/div><\/div><\/div><\/div>[\/vc_column_inner][\/vc_row_inner][vc_empty_space][\/vc_column][\/vc_row][vc_row css_animation=&#8221;&#8221; row_type=&#8221;row&#8221; use_row_as_full_screen_section=&#8221;no&#8221; type=&#8221;grid&#8221; angled_section=&#8221;no&#8221; text_align=&#8221;left&#8221; background_image_as_pattern=&#8221;without_pattern&#8221;][vc_column width=&#8221;1\/3&#8243;][vc_empty_space][vc_empty_space][vc_single_image image=&#8221;16703&#8243; img_size=&#8221;250&#215;250&#8243; alignment=&#8221;center&#8221; qode_css_animation=&#8221;&#8221;][\/vc_column][vc_column width=&#8221;2\/3&#8243;][vc_empty_space][vc_column_text]<\/p>\n<h3 style=\"text-align: center; color: #36539d;\">Waarom is vertaling van financi\u00eble documenten nodig?<\/h3>\n<p>Hieronder volgen de redenen waarom de vertaling van financi\u00eble documenten noodzakelijk is geworden in de wereld van vandaag:<\/p>\n<p><span style=\"color: #36539d;\"><strong>Een wereldwijd publiek bereiken:<\/strong><\/span><\/p>\n<p>Onze wereld evolueert naar een ge\u00efntegreerde economie waarin elk bedrijf zijn wortels heeft over de hele wereld. In een dergelijke wereld is het voor een bedrijf onmogelijk om zijn hele publiek te bereiken met slechts \u00e9\u00e9n taal. Een manier om indruk te maken op je klanten en meer klanten te krijgen is door je succes te laten zien. En niets kan je vooruitgang beter laten zien dan je financi\u00eble rapporten. Maar uw financi\u00eble documenten in het Nederlands zijn niet geschikt om te worden gepubliceerd in een krant in Groot-Brittanni\u00eb. Daarom is de vertaling van financi\u00eble documenten essentieel. Hiermee kun je een wereldwijd publiek bereiken en de kloof tussen bedrijven en klanten overbruggen.<\/p>\n<p><span style=\"color: #36539d;\"><strong>Voor zakendoen:<\/strong><\/span><\/p>\n<p>Als bedrijven willen samenwerken met organisaties uit andere landen, zullen ze de regels en voorschriften van die landen moeten volgen. Ze zullen ook een heleboel van hun financi\u00eble documenten moeten laten vertalen in de taal van die landen. Bedrijven slagen door samen te werken met andere bedrijven en <a href=\"https:\/\/www.dutchtrans.co.uk\/nl\/documentvertaaldiensten\/\">documentvertaaldiensten<\/a> maken die samenwerking mogelijk.<\/p>\n<p><span style=\"color: #36539d;\"><strong>Regionale kantoren op de hoogte houden:<\/strong><\/span><\/p>\n<p>Bedrijven die in verschillende landen actief zijn, zullen jaar- of kwartaalrapporten ter evaluatie naar regionale kantoren moeten sturen. Het is noodzakelijk dat bazen en regionale managers dezelfde rapporten te zien krijgen, zodat er een plan kan worden gemaakt om het resultaat te verbeteren. Om ervoor te zorgen dat iedereen die betrokken is bij het maken van betere plannen dezelfde rapporten ontvangt, is vertaling van financi\u00eble documenten van vitaal belang.[\/vc_column_text][vc_empty_space][\/vc_column][\/vc_row][vc_row css_animation=&#8221;&#8221; row_type=&#8221;row&#8221; use_row_as_full_screen_section=&#8221;no&#8221; type=&#8221;grid&#8221; angled_section=&#8221;no&#8221; text_align=&#8221;left&#8221; background_image_as_pattern=&#8221;without_pattern&#8221;][vc_column width=&#8221;2\/3&#8243;][vc_empty_space][vc_column_text]<\/p>\n<h3 style=\"text-align: center; color: #36539d;\">Wie vertaalt financi\u00eble documenten?<\/h3>\n<p>Financi\u00eble documenten bevatten belangrijke details die niet onnauwkeurig kunnen worden vertaald zonder de reputatie van een persoon of bedrijf te schaden. De terminologie die in financi\u00eble documenten wordt gebruikt, moet correct worden vertaald zodat het document de originele gegevens nauwkeurig weergeeft. Om deze complexe redenen kunnen financi\u00eble documenten alleen door experts worden vertaald. Deze experts hebben uitgebreide kennis van financi\u00eble terminologie\u00ebn en zijn gediplomeerde financi\u00eble vertalers. De rechtbanken en de immigratiedienst van verschillende landen accepteren de vertaling van financi\u00eble documenten alleen als deze gewaarmerkt is. Dus alleen vertalers die be\u00ebdigde financi\u00eble vertalingen kunnen uitvoeren, moeten je financi\u00eble documenten vertalen.<\/p>\n<p>Dit is waarom een nauwkeurige financi\u00eble vertaling zo belangrijk is:<\/p>\n<p><span style=\"color: #36539d;\"><strong>Zeer nauwkeurig:<\/strong><\/span><\/p>\n<p>Je kunt proberen Google te gebruiken om je financi\u00eble documenten te vertalen, maar de complexe terminologie zal niet nauwkeurig worden vertaald. Bovendien begrijpt de machine de regionale vereisten niet bij het vertalen naar een bepaalde taal. Een vertaler daarentegen weet precies hoe hij een financieel document moet vertalen zodat de mensen in dat land het begrijpen.<\/p>\n<p><span style=\"color: #36539d;\"><strong>Deskundige hulp<\/strong><\/span><\/p>\n<p>Met <a href=\"https:\/\/www.dutchtrans.co.uk\/nl\/uk-gecertificeerde-vertaling\/\">be\u00ebdigde vertalingen<\/a> krijg je niet alleen de perfecte vertaling, maar ook antwoord op alle vragen die je hebt over de vertaling. In tegenstelling tot een machine die jouw vragen over de vertaling niet kan beantwoorden, zal een vertaler je begeleiden over alle aspecten van de vertaling en klaar staan om voor een rechtbank te verschijnen om hun werk te ondersteunen.[\/vc_column_text][vc_empty_space][\/vc_column][vc_column width=&#8221;1\/3&#8243;][vc_empty_space][vc_single_image image=&#8221;16694&#8243; img_size=&#8221;250&#215;250&#8243; alignment=&#8221;center&#8221; qode_css_animation=&#8221;&#8221;][\/vc_column][\/vc_row][vc_row css_animation=&#8221;&#8221; row_type=&#8221;row&#8221; use_row_as_full_screen_section=&#8221;no&#8221; type=&#8221;grid&#8221; angled_section=&#8221;no&#8221; text_align=&#8221;left&#8221; background_image_as_pattern=&#8221;without_pattern&#8221;][vc_column width=&#8221;1\/4&#8243;][vc_empty_space][vc_empty_space][vc_single_image image=&#8221;16712&#8243; img_size=&#8221;250&#215;250&#8243; alignment=&#8221;center&#8221; qode_css_animation=&#8221;&#8221;][\/vc_column][vc_column width=&#8221;3\/4&#8243;][vc_empty_space][vc_column_text]<\/p>\n<h3 style=\"text-align: center; color: #36539d;\">Waar kun je financi\u00eble vertaaldiensten krijgen?<\/h3>\n<p>De meeste vertaaldiensten leveren financi\u00eble vertalingen. Maar er zijn een paar dingen waar je rekening mee moet houden bij het kiezen van een vertaaldienst. De dienst moet:<\/p>\n<ul>\n<li>Zorg dat je op de hoogte bent van de huidige regelgeving in de financi\u00eble sector.<\/li>\n<li>Vertalers hebben een grondige kennis van financi\u00eble zaken.<\/li>\n<li>Kunnen vertalen van en naar elke taal.<\/li>\n<li>Biedt de meest nauwkeurige vertalingen.<\/li>\n<li>Duurt geen maanden om te vertalen en vraagt er geen poot voor uit.<\/li>\n<\/ul>\n<p>Bij <a href=\"https:\/\/www.dutchtrans.co.uk\/nl\/\">DutchTrans<\/a> voldoen we aan de bovengenoemde criteria. DutchTrans levert zeer nauwkeurige financi\u00eble vertaaldiensten tegen de meest betaalbare tarieven. Onze gekwalificeerde en ervaren vertalers weten meer dan genoeg over financi\u00eble terminologie\u00ebn om uw documenten correct te vertalen. We bieden ook speciale kortingen voor vertalingen van grote volumes (documenten met meer dan 10.000 woorden).[\/vc_column_text][\/vc_column][\/vc_row][vc_row css_animation=&#8221;&#8221; row_type=&#8221;row&#8221; use_row_as_full_screen_section=&#8221;no&#8221; type=&#8221;grid&#8221; angled_section=&#8221;no&#8221; text_align=&#8221;left&#8221; background_image_as_pattern=&#8221;without_pattern&#8221;][vc_column][vc_empty_space][\/vc_column][\/vc_row][vc_row css_animation=&#8221;&#8221; row_type=&#8221;row&#8221; use_row_as_full_screen_section=&#8221;no&#8221; type=&#8221;grid&#8221; angled_section=&#8221;no&#8221; text_align=&#8221;left&#8221; background_image_as_pattern=&#8221;without_pattern&#8221;][vc_column][vc_empty_space][vc_column_text]<\/p>\n<p style=\"text-align: center;\">DutchTrans biedt zowel offline als online vertaaldiensten voor financi\u00eble documenten, dus waar ter wereld u zich ook bevindt, als u financi\u00eble documenten hebt die door professionele vertalers moeten worden vertaald, neem dan vandaag nog contact met ons op.<\/p>\n<p>[\/vc_column_text][\/vc_column][\/vc_row][vc_row css_animation=&#8221;&#8221; row_type=&#8221;row&#8221; use_row_as_full_screen_section=&#8221;no&#8221; type=&#8221;grid&#8221; angled_section=&#8221;no&#8221; text_align=&#8221;left&#8221; background_image_as_pattern=&#8221;without_pattern&#8221;][vc_column][vc_empty_space][\/vc_column][\/vc_row][vc_row css_animation=&#8221;&#8221; row_type=&#8221;row&#8221; use_row_as_full_screen_section=&#8221;no&#8221; type=&#8221;grid&#8221; angled_section=&#8221;no&#8221; text_align=&#8221;left&#8221; background_image_as_pattern=&#8221;without_pattern&#8221; css=&#8221;.vc_custom_1473098385290{background-color: #9899cb !important;}&#8221;][vc_column][vc_row_inner row_type=&#8221;row&#8221; type=&#8221;full_width&#8221; text_align=&#8221;left&#8221; css_animation=&#8221;&#8221;][vc_column_inner]<div class=\"call_to_action normal\" style=\"background-color: #9899cb;\"><div class=\"container_inner\"><div class=\"two_columns_75_25 clearfix\"><div class=\"text_wrapper column1\"><div class=\"call_to_action_text  font_size_inherit font_weight_inherit\" style=\"font-size:24px;font-weight: 700;\"><span style=\"color: #ffffff; text-align: center;\">NEEM OP ELK MOMENT CONTACT MET ONS OP MET UW VRAGEN<\/span><\/div><\/div><div class=\"button_wrapper column2\"><a itemprop=\"url\" href=\"https:\/\/www.dutchtrans.co.uk\/chat-popup\/\" class=\"qbutton white \" target=\"_self\" style=\"color: #ffffff;\" >Live chat<\/a><\/div><\/div><\/div><\/div>[\/vc_column_inner][\/vc_row_inner][\/vc_column][\/vc_row][vc_row css_animation=&#8221;&#8221; row_type=&#8221;row&#8221; use_row_as_full_screen_section=&#8221;no&#8221; type=&#8221;grid&#8221; angled_section=&#8221;no&#8221; text_align=&#8221;left&#8221; background_image_as_pattern=&#8221;without_pattern&#8221;][vc_column][vc_empty_space][\/vc_column][\/vc_row]<\/p>\n<\/div>","protected":false},"excerpt":{"rendered":"<p>[vc_row css_animation=&#8221;&#8221; row_type=&#8221;row&#8221; use_row_as_full_screen_section=&#8221;no&#8221; type=&#8221;grid&#8221; angled_section=&#8221;no&#8221; text_align=&#8221;left&#8221; background_image_as_pattern=&#8221;without_pattern&#8221;][vc_column][vc_empty_space][vc_column_text] Financi\u00eble vertaaldiensten Zeer nauwkeurige vertaling van financi\u00eble documenten, snel en tegen lage tarieven [\/vc_column_text][vc_empty_space][vc_column_text] Financi\u00eble documenten kunnen vari\u00ebren van persoonlijke bankafschriften tot prestatiegegevens van bedrijven. Deze documenten zijn erg belangrijk omdat ze je financi\u00ebn bijhouden. Je financi\u00eble&#8230;<\/p>\n","protected":false},"author":1,"featured_media":16648,"parent":0,"menu_order":0,"comment_status":"closed","ping_status":"closed","template":"full_width.php","meta":{"_acf_changed":false,"footnotes":""},"class_list":["post-38538","page","type-page","status-publish","has-post-thumbnail","hentry"],"acf":[],"yoast_head":"<!-- This site is optimized with the Yoast SEO Premium plugin v26.5 (Yoast SEO v26.5) - https:\/\/yoast.com\/wordpress\/plugins\/seo\/ -->\n<title>Vertaaldiensten voor financi\u00eble documenten - goedkoop - nauwkeurig - 24\/7<\/title>\n<meta name=\"description\" content=\"DutchTrans biedt zowel offline als online vertaaldiensten voor financi\u00eble documenten, dus waar ter wereld u zich ook bevindt, neem vandaag nog contact met ons op.\" \/>\n<meta name=\"robots\" content=\"index, follow, max-snippet:-1, max-image-preview:large, max-video-preview:-1\" \/>\n<link rel=\"canonical\" href=\"https:\/\/www.dutchtrans.co.uk\/nl\/financiele-vertaaldiensten\/\" \/>\n<meta property=\"og:locale\" content=\"nl_NL\" \/>\n<meta property=\"og:type\" content=\"article\" \/>\n<meta property=\"og:title\" content=\"Vertaaldiensten voor financi\u00eble documenten - goedkoop - nauwkeurig - 24\/7\" \/>\n<meta property=\"og:description\" content=\"DutchTrans biedt zowel offline als online vertaaldiensten voor financi\u00eble documenten, dus waar ter wereld u zich ook bevindt, neem vandaag nog contact met ons op.\" \/>\n<meta property=\"og:url\" content=\"https:\/\/www.dutchtrans.co.uk\/nl\/financiele-vertaaldiensten\/\" \/>\n<meta property=\"og:site_name\" content=\"Dutchtrans\" \/>\n<meta property=\"article:publisher\" content=\"https:\/\/www.facebook.com\/DutchTrans\" \/>\n<meta property=\"article:modified_time\" content=\"2023-06-08T08:20:47+00:00\" \/>\n<meta property=\"og:image\" content=\"https:\/\/www.dutchtrans.co.uk\/wp-content\/uploads\/2019\/01\/translation-of-financial-documents.png\" \/>\n<meta name=\"twitter:card\" content=\"summary_large_image\" \/>\n<meta name=\"twitter:title\" content=\"Financi\u00eble vertaaldiensten\" \/>\n<meta name=\"twitter:site\" content=\"@DutchTrans\" \/>\n<meta name=\"twitter:label1\" content=\"Geschatte leestijd\" \/>\n\t<meta name=\"twitter:data1\" content=\"9 minuten\" \/>\n<!-- \/ Yoast SEO Premium plugin. -->","yoast_head_json":{"title":"Vertaaldiensten voor financi\u00eble documenten - goedkoop - nauwkeurig - 24\/7","description":"DutchTrans biedt zowel offline als online vertaaldiensten voor financi\u00eble documenten, dus waar ter wereld u zich ook bevindt, neem vandaag nog contact met ons op.","robots":{"index":"index","follow":"follow","max-snippet":"max-snippet:-1","max-image-preview":"max-image-preview:large","max-video-preview":"max-video-preview:-1"},"canonical":"https:\/\/www.dutchtrans.co.uk\/nl\/financiele-vertaaldiensten\/","og_locale":"nl_NL","og_type":"article","og_title":"Vertaaldiensten voor financi\u00eble documenten - goedkoop - nauwkeurig - 24\/7","og_description":"DutchTrans biedt zowel offline als online vertaaldiensten voor financi\u00eble documenten, dus waar ter wereld u zich ook bevindt, neem vandaag nog contact met ons op.","og_url":"https:\/\/www.dutchtrans.co.uk\/nl\/financiele-vertaaldiensten\/","og_site_name":"Dutchtrans","article_publisher":"https:\/\/www.facebook.com\/DutchTrans","article_modified_time":"2023-06-08T08:20:47+00:00","og_image":[{"url":"https:\/\/www.dutchtrans.co.uk\/wp-content\/uploads\/2019\/01\/translation-of-financial-documents.png","type":"","width":"","height":""}],"twitter_card":"summary_large_image","twitter_title":"Financi\u00eble vertaaldiensten","twitter_site":"@DutchTrans","twitter_misc":{"Geschatte leestijd":"9 minuten"},"schema":{"@context":"https:\/\/schema.org","@graph":[{"@type":"WebPage","@id":"https:\/\/www.dutchtrans.co.uk\/nl\/financiele-vertaaldiensten\/","url":"https:\/\/www.dutchtrans.co.uk\/nl\/financiele-vertaaldiensten\/","name":"Vertaaldiensten voor financi\u00eble documenten - goedkoop - nauwkeurig - 24\/7","isPartOf":{"@id":"https:\/\/www.dutchtrans.co.uk\/nl\/#website"},"primaryImageOfPage":{"@id":"https:\/\/www.dutchtrans.co.uk\/nl\/financiele-vertaaldiensten\/#primaryimage"},"image":{"@id":"https:\/\/www.dutchtrans.co.uk\/nl\/financiele-vertaaldiensten\/#primaryimage"},"thumbnailUrl":"https:\/\/www.dutchtrans.co.uk\/wp-content\/uploads\/2019\/01\/translation-of-financial-documents.png","datePublished":"2023-06-07T11:22:13+00:00","dateModified":"2023-06-08T08:20:47+00:00","description":"DutchTrans biedt zowel offline als online vertaaldiensten voor financi\u00eble documenten, dus waar ter wereld u zich ook bevindt, neem vandaag nog contact met ons op.","breadcrumb":{"@id":"https:\/\/www.dutchtrans.co.uk\/nl\/financiele-vertaaldiensten\/#breadcrumb"},"inLanguage":"nl-NL","potentialAction":[{"@type":"ReadAction","target":["https:\/\/www.dutchtrans.co.uk\/nl\/financiele-vertaaldiensten\/"]}]},{"@type":"ImageObject","inLanguage":"nl-NL","@id":"https:\/\/www.dutchtrans.co.uk\/nl\/financiele-vertaaldiensten\/#primaryimage","url":"https:\/\/www.dutchtrans.co.uk\/wp-content\/uploads\/2019\/01\/translation-of-financial-documents.png","contentUrl":"https:\/\/www.dutchtrans.co.uk\/wp-content\/uploads\/2019\/01\/translation-of-financial-documents.png","width":1920,"height":500,"caption":"translation of financial documents"},{"@type":"BreadcrumbList","@id":"https:\/\/www.dutchtrans.co.uk\/nl\/financiele-vertaaldiensten\/#breadcrumb","itemListElement":[{"@type":"ListItem","position":1,"name":"Home","item":"https:\/\/www.dutchtrans.co.uk\/nl\/home\/"},{"@type":"ListItem","position":2,"name":"Financi\u00eble vertaaldiensten"}]},{"@type":"WebSite","@id":"https:\/\/www.dutchtrans.co.uk\/nl\/#website","url":"https:\/\/www.dutchtrans.co.uk\/nl\/","name":"DutchTrans","description":"DutchTrans is a leading Dutch translation agency focusing on document and website translation, offering high quality Dutch to English translation services.","publisher":{"@id":"https:\/\/www.dutchtrans.co.uk\/nl\/#organization"},"potentialAction":[{"@type":"SearchAction","target":{"@type":"EntryPoint","urlTemplate":"https:\/\/www.dutchtrans.co.uk\/nl\/?s={search_term_string}"},"query-input":{"@type":"PropertyValueSpecification","valueRequired":true,"valueName":"search_term_string"}}],"inLanguage":"nl-NL"},{"@type":"Organization","@id":"https:\/\/www.dutchtrans.co.uk\/nl\/#organization","name":"DutchTrans - Translation Services","url":"https:\/\/www.dutchtrans.co.uk\/nl\/","logo":{"@type":"ImageObject","inLanguage":"nl-NL","@id":"https:\/\/www.dutchtrans.co.uk\/nl\/#\/schema\/logo\/image\/","url":"https:\/\/www.dutchtrans.co.uk\/wp-content\/uploads\/2015\/02\/DTlogo2.png","contentUrl":"https:\/\/www.dutchtrans.co.uk\/wp-content\/uploads\/2015\/02\/DTlogo2.png","width":197,"height":170,"caption":"DutchTrans - Translation Services"},"image":{"@id":"https:\/\/www.dutchtrans.co.uk\/nl\/#\/schema\/logo\/image\/"},"sameAs":["https:\/\/www.facebook.com\/DutchTrans","https:\/\/x.com\/DutchTrans","https:\/\/www.instagram.com\/DutchtransUK","https:\/\/www.linkedin.com\/company\/dutchtrans-co-uk","https:\/\/www.pinterest.com\/dutchtrans","https:\/\/www.youtube.com\/c\/DutchtransCoUk"]}]}},"_links":{"self":[{"href":"https:\/\/www.dutchtrans.co.uk\/nl\/wp-json\/wp\/v2\/pages\/38538","targetHints":{"allow":["GET"]}}],"collection":[{"href":"https:\/\/www.dutchtrans.co.uk\/nl\/wp-json\/wp\/v2\/pages"}],"about":[{"href":"https:\/\/www.dutchtrans.co.uk\/nl\/wp-json\/wp\/v2\/types\/page"}],"author":[{"embeddable":true,"href":"https:\/\/www.dutchtrans.co.uk\/nl\/wp-json\/wp\/v2\/users\/1"}],"replies":[{"embeddable":true,"href":"https:\/\/www.dutchtrans.co.uk\/nl\/wp-json\/wp\/v2\/comments?post=38538"}],"version-history":[{"count":5,"href":"https:\/\/www.dutchtrans.co.uk\/nl\/wp-json\/wp\/v2\/pages\/38538\/revisions"}],"predecessor-version":[{"id":38702,"href":"https:\/\/www.dutchtrans.co.uk\/nl\/wp-json\/wp\/v2\/pages\/38538\/revisions\/38702"}],"wp:featuredmedia":[{"embeddable":true,"href":"https:\/\/www.dutchtrans.co.uk\/nl\/wp-json\/wp\/v2\/media\/16648"}],"wp:attachment":[{"href":"https:\/\/www.dutchtrans.co.uk\/nl\/wp-json\/wp\/v2\/media?parent=38538"}],"curies":[{"name":"wp","href":"https:\/\/api.w.org\/{rel}","templated":true}]}}