{"id":38563,"date":"2023-06-07T12:02:43","date_gmt":"2023-06-07T12:02:43","guid":{"rendered":"https:\/\/www.dutchtrans.co.uk\/nederlands-naar-afrikaans\/"},"modified":"2023-06-07T12:02:52","modified_gmt":"2023-06-07T12:02:52","slug":"nederlands-naar-afrikaans","status":"publish","type":"page","link":"https:\/\/www.dutchtrans.co.uk\/nl\/nederlands-naar-afrikaans\/","title":{"rendered":"Nederlands naar Afrikaans"},"content":{"rendered":"<div class=\"wpb-content-wrapper\"><p>[vc_row css_animation=&#8221;&#8221; row_type=&#8221;row&#8221; use_row_as_full_screen_section=&#8221;no&#8221; type=&#8221;grid&#8221; angled_section=&#8221;no&#8221; text_align=&#8221;left&#8221; background_image_as_pattern=&#8221;without_pattern&#8221;][vc_column][vc_empty_space][vc_column_text]<\/p>\n<h1 style=\"text-align: center; color: #36539d;\">Nederlands naar Afrikaans<\/h1>\n<p>[\/vc_column_text][vc_empty_space][vc_column_text]Nederlands naar Afrikaans. Zuid-Afrika spreekt 11 talen: Afrikaans, Ndebele, Engels, Northern Soho, Swazi, Sotho, Tsonga, Zulu, Venda, Tswana en Xhosa. Er is ook het Zuid-Afrikaans Engels. De meeste mensen in Zuid-Afrika spreken \u00e9\u00e9n of twee offici\u00eble talen, op ongeveer 2% na. Gedurende 15 jaar waren Engels en Nederlands de twee offici\u00eble talen in Zuid-Afrika. Afrikaans groeide een deel van het Nederlands in 1925, maar het verving het Nederlands, omdat het laatste nu niet meer werd gebruikt. In 1961 werd Zuid-Afrika een republiek en werd het Afrikaans gecombineerd met het Nederlands, dat later weer werd vrijgegeven. Afrikaans en Engels waren de offici\u00eble talen van Zuid-Afrika.<\/p>\n<p>&nbsp;<\/p>\n<h2><strong>Omvang van het Afrikaans<\/strong><\/h2>\n<p>Ongeveer 13,5% van de Zuid-Afrikanen spreekt Afrikaans als moedertaal. Dit zijn 7 miljoen mensen. Het is de derde meest gebruikte taal in Zuid-Afrika en heeft de belangrijkste nationale en geografische toewijzing van alle talen die in het land worden gebruikt.<\/p>\n<p>Moedertaalsprekers van Bantoe- en Engelse talen zijn ook tweede taalsprekers van het Afrikaans. Ongeveer 10,3 miljoen studenten leren Afrikaans als tweede taal. Het is een tweede taal in Namibi\u00eb. Het staat bekend als een lokale taal in Namibi\u00eb, samen met Duits, terwijl Engels de offici\u00eble taal is in de staat.[\/vc_column_text][vc_empty_space][\/vc_column][\/vc_row][vc_row css_animation=&#8221;&#8221; row_type=&#8221;row&#8221; use_row_as_full_screen_section=&#8221;no&#8221; type=&#8221;grid&#8221; angled_section=&#8221;no&#8221; text_align=&#8221;left&#8221; background_image_as_pattern=&#8221;without_pattern&#8221;][vc_column width=&#8221;1\/3&#8243;][vc_single_image image=&#8221;19624&#8243; img_size=&#8221;full&#8221; alignment=&#8221;center&#8221; qode_css_animation=&#8221;&#8221;][\/vc_column][vc_column width=&#8221;2\/3&#8243;][vc_column_text]Als tweede of derde taal is het de hoofdtaal in de gebieden Westkaap en Noordkaap, het westelijke deel van het land. Het is de eerste taal van zwarte Zuid-Afrikanen, blanke Zuid-Afrikanen, Aziatische Zuid-Afrikanen en gekleurde Zuid-Afrikanen.<\/p>\n<p>Gekleurde Zuid-Afrikanen zijn een gemengde etnische groep die is voortgekomen uit de oorspronkelijke Xhosa en Khoisan, kolonisten uit Europa en arbeiders uit India, Madagaskar, Maleisi\u00eb, Mozambique en Indonesi\u00eb die door Nederlands-Indi\u00eb werden binnengebracht.<\/p>\n<p>In totaal spreken ongeveer 27 miljoen mensen Afrikaans. Naast de genoemde gebieden wordt er Afrikaans gesproken in Zimbabwe, Zambia, het Verenigd Koninkrijk, Nieuw-Zeeland, de Verenigde Staten en Nederland. Het wordt ook gebruikt in Malawi, Canada, Botswana, Lesotho, Duitsland, Belgi\u00eb en Australi\u00eb.[\/vc_column_text][\/vc_column][\/vc_row][vc_row css_animation=&#8221;&#8221; row_type=&#8221;row&#8221; use_row_as_full_screen_section=&#8221;no&#8221; type=&#8221;full_width&#8221; angled_section=&#8221;no&#8221; text_align=&#8221;left&#8221; background_image_as_pattern=&#8221;without_pattern&#8221;][vc_column][vc_empty_space][\/vc_column][\/vc_row][vc_row css_animation=&#8221;&#8221; row_type=&#8221;row&#8221; use_row_as_full_screen_section=&#8221;no&#8221; type=&#8221;grid&#8221; angled_section=&#8221;no&#8221; text_align=&#8221;left&#8221; background_image_as_pattern=&#8221;without_pattern&#8221;][vc_column width=&#8221;1\/3&#8243; el_class=&#8221;border_Div&#8221;][vc_single_image image=&#8221;19633&#8243; img_size=&#8221;large&#8221; alignment=&#8221;center&#8221; qode_css_animation=&#8221;&#8221;][vc_column_text]<\/p>\n<h2 style=\"text-align: center;\"><strong>Oorsprong van het Afrikaans<\/strong><\/h2>\n<p>[\/vc_column_text][vc_column_text]Het Afrikaans behoort samen met het Engels tot de West-Germaanse tak van de Indo-Europese taalfamilie. De taal wordt veel gebruikt in Zuid-Afrika en Namibi\u00eb. Het wordt ook gebruikt in Zimbabwe en Botswana, maar niet op grote schaal.<\/p>\n<p>Het wordt geschat als een dochter van de Nederlandse taal en werd vroeger Kaaps-Nederlands genoemd omdat de immigranten in Kaapstad waren verzameld. Het grootste deel van de taal ontwikkelde zich uit de vermenging van Hollands en Nederlands Afrikaans. Verscheidene van de kleurlingen en Afrikaners in Zuid-Afrika spraken Afrikaans als hun primaire taal.<\/p>\n<p>Het Afrikaans ontwikkelde zich uit het Hollandisch (Hollands), een inheemse <a href=\"https:\/\/www.dutchtrans.co.uk\/dutch-language-will-disappear\/\">taal<\/a> van het <a href=\"https:\/\/www.dutchtrans.co.uk\/dutch-language-will-disappear\/\">Nederlands<\/a>, die in Zuid-Holland wordt gesproken. Hollandic was de primaire taal van de Nederlandse immigranten in het land. Het ontstond in de 18e eeuw.<\/p>\n<p>De woordenlijst van het Afrikaans bevat veel geadopteerde woorden. Sommige kwamen uit de Khoisan talen, Portugees, Duits, Maleis en sommige Bantoetalen, waarbij ongeveer 90% tot 95% uit het Nederlands kwam.[\/vc_column_text][\/vc_column][vc_column width=&#8221;1\/3&#8243; el_class=&#8221;border_Div&#8221;][vc_single_image image=&#8221;19642&#8243; img_size=&#8221;large&#8221; alignment=&#8221;center&#8221; qode_css_animation=&#8221;&#8221;][vc_empty_space][vc_column_text]<\/p>\n<h2 style=\"text-align: center;\"><strong>Leesbaarheid tussen Nederlands en Afrikaans<\/strong><\/h2>\n<p>[\/vc_column_text][vc_empty_space][vc_column_text]Afrikaans is een dochter van het Nederlands, dus Nederlandstaligen hebben misschien wat tijd nodig om de taal te lezen, maar ze kunnen Afrikaans lezen. Maar sprekers van het Afrikaans kunnen het Nederlands misschien niet gemakkelijk lezen.<\/p>\n<p>De spelling wijkt af van de Nederlandse standaard. Een van de significante verschillen tussen de talen is de grammatica en de morfologie van het Afrikaans. De wederzijdse leesbaarheid is eerder mogelijk in de geschreven dan in de gesproken vorm van het Nederlands en het Afrikaans.[\/vc_column_text][vc_empty_space height=&#8221;60px&#8221;][\/vc_column][vc_column width=&#8221;1\/3&#8243; el_class=&#8221;border_Div&#8221;][vc_single_image image=&#8221;19651&#8243; img_size=&#8221;150&#215;150&#8243; alignment=&#8221;center&#8221; qode_css_animation=&#8221;&#8221;][vc_empty_space][vc_column_text]<\/p>\n<h2 style=\"text-align: center;\">Verschillen tussen Nederlands en Afrikaans<\/h2>\n<p>[\/vc_column_text][vc_empty_space][vc_column_text]Door de vereenvoudigingen in de spelling en fonetische progressies van het Afrikaans, werd het anders dan het Nederlands.<\/p>\n<p>Het belangrijkste verschil is de manier van schrijven:<\/p>\n<ul>\n<li>Y in plaats van IJ<\/li>\n<li>G in plaats van Ch<\/li>\n<li>Losse letters (Zeven&gt;Sewe, Niet&gt;Nie, etc.)<\/li>\n<li>Het gebruik van de \u00ea<\/li>\n<\/ul>\n<p>[\/vc_column_text][vc_empty_space height=&#8221;60px&#8221;][\/vc_column][\/vc_row][vc_row css_animation=&#8221;&#8221; row_type=&#8221;row&#8221; use_row_as_full_screen_section=&#8221;no&#8221; type=&#8221;full_width&#8221; angled_section=&#8221;no&#8221; text_align=&#8221;left&#8221; background_image_as_pattern=&#8221;without_pattern&#8221;][vc_column][vc_empty_space][\/vc_column][\/vc_row][vc_row css_animation=&#8221;&#8221; row_type=&#8221;row&#8221; use_row_as_full_screen_section=&#8221;no&#8221; type=&#8221;grid&#8221; angled_section=&#8221;no&#8221; text_align=&#8221;left&#8221; background_image_as_pattern=&#8221;without_pattern&#8221;][vc_column width=&#8221;1\/4&#8243;][vc_empty_space][vc_single_image image=&#8221;19660&#8243; img_size=&#8221;full&#8221; alignment=&#8221;center&#8221; qode_css_animation=&#8221;&#8221;][\/vc_column][vc_column width=&#8221;3\/4&#8243;][vc_column_text]<\/p>\n<h2 style=\"text-align: center; color: #36539d;\">Waarom zou u uw bedrijf naar het Afrikaans vertalen?<\/h2>\n<p>&nbsp;<\/p>\n<p>De taal is de dochter van het Nederlands en wordt wereldwijd door meer dan 27 miljoen mensen gesproken. Het vertalen van je Nederlandse bedrijf naar het Afrikaans zal je helpen om de zichtbaarheid van je bedrijf te verbeteren. Denk er eens over na: Zuid-Afrika is een van de stabielste economische landen ter wereld en slechts 10 procent spreekt Engels. Het vertalen van je bedrijf helpt niet alleen om meer publiek te krijgen, maar verhoogt ook de winst.<\/p>\n<p>Het Afrikaans wordt veel gebruikt door de Zuid-Afrikaanse media. Je promotie- en marketingstrategie in Zuid-Afrika zal mislukken als je niet vertaalt en overbrengt in hun moedertaal.<\/p>\n<p>Het Afrikaans wordt ook beschouwd als een belangrijke taal omdat het samen met het Engels de handelstaal is. Bedrijven die zaken doen in Zuid-Afrika laten hun zakelijke vertalingen uitvoeren door een gerenommeerd taalservicebedrijf dat bekend staat om het leveren van uitstekende, professionele en nauwkeurige vertalingen.[\/vc_column_text][\/vc_column][\/vc_row][vc_row css_animation=&#8221;&#8221; row_type=&#8221;row&#8221; use_row_as_full_screen_section=&#8221;no&#8221; type=&#8221;grid&#8221; angled_section=&#8221;no&#8221; text_align=&#8221;left&#8221; background_image_as_pattern=&#8221;without_pattern&#8221;][vc_column][vc_empty_space][vc_column_text]<\/p>\n<h2 style=\"text-align: center; color: #36539d;\">Nederlands naar Afrikaans vertaaldiensten<\/h2>\n<p>&nbsp;<\/p>\n<p>Afrikaans is een traditionele, veelgebruikte taal in Zuid-Afrika. Als je bedrijf van plan is om zaken te doen in Zuid-Afrika, dan is een vertaling van het Nederlands naar het Afrikaans een waardevolle investering die de deur kan openen naar heel veel nieuwe kansen. Een vertaling Afrikaans helpt bedrijven over de hele wereld om hun klanten in Zuid-Afrika op een deskundige en vriendelijke manier te benaderen. DutchTrans zorgt ervoor dat uw Nederlands naar Afrikaans vertaaldienst kosteneffectief, nauwkeurig en geconcentreerd op uw eisen is.<\/p>\n<p>DutchTrans levert uw bedrijf veel meer dan vertalingen. Ons doel is om klanten een vertaalservice te bieden met een hoge return on expenditure.<\/p>\n<p>Het zal werken als een boost voor je merk, een verbetering voor je contacten en een belangrijke sleutel als het gaat om het omgaan met juridische termen in het land.[\/vc_column_text][\/vc_column][\/vc_row][vc_row css_animation=&#8221;&#8221; row_type=&#8221;row&#8221; use_row_as_full_screen_section=&#8221;no&#8221; type=&#8221;full_width&#8221; angled_section=&#8221;no&#8221; text_align=&#8221;left&#8221; background_image_as_pattern=&#8221;without_pattern&#8221;][vc_column][vc_empty_space][\/vc_column][\/vc_row][vc_row css_animation=&#8221;&#8221; row_type=&#8221;row&#8221; use_row_as_full_screen_section=&#8221;no&#8221; type=&#8221;grid&#8221; angled_section=&#8221;no&#8221; text_align=&#8221;left&#8221; background_image_as_pattern=&#8221;without_pattern&#8221; css=&#8221;.vc_custom_1473098385290{background-color: #9899cb !important;}&#8221;][vc_column][vc_row_inner row_type=&#8221;row&#8221; type=&#8221;full_width&#8221; text_align=&#8221;left&#8221; css_animation=&#8221;&#8221;][vc_column_inner]<div class=\"call_to_action normal\" style=\"background-color: #9899cb;\"><div class=\"container_inner\"><div class=\"two_columns_75_25 clearfix\"><div class=\"text_wrapper column1\"><div class=\"call_to_action_text  font_size_inherit font_weight_inherit\" style=\"font-size:24px;font-weight: 700;\"><span style=\"color: #ffffff; text-align: center;\">NEEM OP ELK MOMENT CONTACT MET ONS OP MET UW VRAGEN<\/span><\/div><\/div><div class=\"button_wrapper column2\"><a itemprop=\"url\" href=\"https:\/\/www.dutchtrans.co.uk\/chat-popup\/\" class=\"qbutton white \" target=\"_self\" style=\"color: #ffffff;\" >Live chat<\/a><\/div><\/div><\/div><\/div>[\/vc_column_inner][\/vc_row_inner][\/vc_column][\/vc_row]<\/p>\n<\/div>","protected":false},"excerpt":{"rendered":"<p>[vc_row css_animation=&#8221;&#8221; row_type=&#8221;row&#8221; use_row_as_full_screen_section=&#8221;no&#8221; type=&#8221;grid&#8221; angled_section=&#8221;no&#8221; text_align=&#8221;left&#8221; background_image_as_pattern=&#8221;without_pattern&#8221;][vc_column][vc_empty_space][vc_column_text] Nederlands naar Afrikaans [\/vc_column_text][vc_empty_space][vc_column_text]Nederlands naar Afrikaans. Zuid-Afrika spreekt 11 talen: Afrikaans, Ndebele, Engels, Northern Soho, Swazi, Sotho, Tsonga, Zulu, Venda, Tswana en Xhosa. Er is ook het Zuid-Afrikaans Engels. De meeste mensen in Zuid-Afrika spreken \u00e9\u00e9n of&#8230;<\/p>\n","protected":false},"author":1,"featured_media":19670,"parent":0,"menu_order":0,"comment_status":"closed","ping_status":"closed","template":"","meta":{"_acf_changed":false,"footnotes":""},"class_list":["post-38563","page","type-page","status-publish","has-post-thumbnail","hentry"],"acf":[],"yoast_head":"<!-- This site is optimized with the Yoast SEO Premium plugin v26.5 (Yoast SEO v26.5) - https:\/\/yoast.com\/wordpress\/plugins\/seo\/ -->\n<title>Nederlands naar Afrikaans. Zuid-Afrika spreekt 11 talen, waaronder Afrikaans<\/title>\n<meta name=\"description\" content=\"Nederlands naar Afrikaans. Zuid-Afrika spreekt 11 talen: Ndebele, Engels, Noord-Soho, Swazi, Sotho, Tsonga, Zoeloe, Venda, Tswana en Xhosa.\" \/>\n<meta name=\"robots\" content=\"index, follow, max-snippet:-1, max-image-preview:large, max-video-preview:-1\" \/>\n<link rel=\"canonical\" href=\"https:\/\/www.dutchtrans.co.uk\/nl\/nederlands-naar-afrikaans\/\" \/>\n<meta property=\"og:locale\" content=\"nl_NL\" \/>\n<meta property=\"og:type\" content=\"article\" \/>\n<meta property=\"og:title\" content=\"Nederlands naar Afrikaans\" \/>\n<meta property=\"og:description\" content=\"Nederlands naar Afrikaans. Zuid-Afrika spreekt 11 talen: Ndebele, Engels, Noord-Soho, Swazi, Sotho, Tsonga, Zoeloe, Venda, Tswana en Xhosa.\" \/>\n<meta property=\"og:url\" content=\"https:\/\/www.dutchtrans.co.uk\/nl\/nederlands-naar-afrikaans\/\" \/>\n<meta property=\"og:site_name\" content=\"Dutchtrans\" \/>\n<meta property=\"article:publisher\" content=\"https:\/\/www.facebook.com\/DutchTrans\" \/>\n<meta property=\"article:modified_time\" content=\"2023-06-07T12:02:52+00:00\" \/>\n<meta property=\"og:image\" content=\"https:\/\/www.dutchtrans.co.uk\/wp-content\/uploads\/2019\/04\/Dutch_to_afrikaans.png\" \/>\n\t<meta property=\"og:image:width\" content=\"1920\" \/>\n\t<meta property=\"og:image:height\" content=\"500\" \/>\n\t<meta property=\"og:image:type\" content=\"image\/png\" \/>\n<meta name=\"twitter:card\" content=\"summary_large_image\" \/>\n<meta name=\"twitter:site\" content=\"@DutchTrans\" \/>\n<meta name=\"twitter:label1\" content=\"Geschatte leestijd\" \/>\n\t<meta name=\"twitter:data1\" content=\"7 minuten\" \/>\n<!-- \/ Yoast SEO Premium plugin. -->","yoast_head_json":{"title":"Nederlands naar Afrikaans. Zuid-Afrika spreekt 11 talen, waaronder Afrikaans","description":"Nederlands naar Afrikaans. Zuid-Afrika spreekt 11 talen: Ndebele, Engels, Noord-Soho, Swazi, Sotho, Tsonga, Zoeloe, Venda, Tswana en Xhosa.","robots":{"index":"index","follow":"follow","max-snippet":"max-snippet:-1","max-image-preview":"max-image-preview:large","max-video-preview":"max-video-preview:-1"},"canonical":"https:\/\/www.dutchtrans.co.uk\/nl\/nederlands-naar-afrikaans\/","og_locale":"nl_NL","og_type":"article","og_title":"Nederlands naar Afrikaans","og_description":"Nederlands naar Afrikaans. Zuid-Afrika spreekt 11 talen: Ndebele, Engels, Noord-Soho, Swazi, Sotho, Tsonga, Zoeloe, Venda, Tswana en Xhosa.","og_url":"https:\/\/www.dutchtrans.co.uk\/nl\/nederlands-naar-afrikaans\/","og_site_name":"Dutchtrans","article_publisher":"https:\/\/www.facebook.com\/DutchTrans","article_modified_time":"2023-06-07T12:02:52+00:00","og_image":[{"width":1920,"height":500,"url":"https:\/\/www.dutchtrans.co.uk\/wp-content\/uploads\/2019\/04\/Dutch_to_afrikaans.png","type":"image\/png"}],"twitter_card":"summary_large_image","twitter_site":"@DutchTrans","twitter_misc":{"Geschatte leestijd":"7 minuten"},"schema":{"@context":"https:\/\/schema.org","@graph":[{"@type":"WebPage","@id":"https:\/\/www.dutchtrans.co.uk\/nl\/nederlands-naar-afrikaans\/","url":"https:\/\/www.dutchtrans.co.uk\/nl\/nederlands-naar-afrikaans\/","name":"Nederlands naar Afrikaans. Zuid-Afrika spreekt 11 talen, waaronder Afrikaans","isPartOf":{"@id":"https:\/\/www.dutchtrans.co.uk\/nl\/#website"},"primaryImageOfPage":{"@id":"https:\/\/www.dutchtrans.co.uk\/nl\/nederlands-naar-afrikaans\/#primaryimage"},"image":{"@id":"https:\/\/www.dutchtrans.co.uk\/nl\/nederlands-naar-afrikaans\/#primaryimage"},"thumbnailUrl":"https:\/\/www.dutchtrans.co.uk\/wp-content\/uploads\/2019\/04\/Dutch_to_afrikaans.png","datePublished":"2023-06-07T12:02:43+00:00","dateModified":"2023-06-07T12:02:52+00:00","description":"Nederlands naar Afrikaans. Zuid-Afrika spreekt 11 talen: Ndebele, Engels, Noord-Soho, Swazi, Sotho, Tsonga, Zoeloe, Venda, Tswana en Xhosa.","breadcrumb":{"@id":"https:\/\/www.dutchtrans.co.uk\/nl\/nederlands-naar-afrikaans\/#breadcrumb"},"inLanguage":"nl-NL","potentialAction":[{"@type":"ReadAction","target":["https:\/\/www.dutchtrans.co.uk\/nl\/nederlands-naar-afrikaans\/"]}]},{"@type":"ImageObject","inLanguage":"nl-NL","@id":"https:\/\/www.dutchtrans.co.uk\/nl\/nederlands-naar-afrikaans\/#primaryimage","url":"https:\/\/www.dutchtrans.co.uk\/wp-content\/uploads\/2019\/04\/Dutch_to_afrikaans.png","contentUrl":"https:\/\/www.dutchtrans.co.uk\/wp-content\/uploads\/2019\/04\/Dutch_to_afrikaans.png","width":1920,"height":500,"caption":"Dutch to afrikaans"},{"@type":"BreadcrumbList","@id":"https:\/\/www.dutchtrans.co.uk\/nl\/nederlands-naar-afrikaans\/#breadcrumb","itemListElement":[{"@type":"ListItem","position":1,"name":"Home","item":"https:\/\/www.dutchtrans.co.uk\/nl\/home\/"},{"@type":"ListItem","position":2,"name":"Nederlands naar Afrikaans"}]},{"@type":"WebSite","@id":"https:\/\/www.dutchtrans.co.uk\/nl\/#website","url":"https:\/\/www.dutchtrans.co.uk\/nl\/","name":"DutchTrans","description":"DutchTrans is a leading Dutch translation agency focusing on document and website translation, offering high quality Dutch to English translation services.","publisher":{"@id":"https:\/\/www.dutchtrans.co.uk\/nl\/#organization"},"potentialAction":[{"@type":"SearchAction","target":{"@type":"EntryPoint","urlTemplate":"https:\/\/www.dutchtrans.co.uk\/nl\/?s={search_term_string}"},"query-input":{"@type":"PropertyValueSpecification","valueRequired":true,"valueName":"search_term_string"}}],"inLanguage":"nl-NL"},{"@type":"Organization","@id":"https:\/\/www.dutchtrans.co.uk\/nl\/#organization","name":"DutchTrans - Translation Services","url":"https:\/\/www.dutchtrans.co.uk\/nl\/","logo":{"@type":"ImageObject","inLanguage":"nl-NL","@id":"https:\/\/www.dutchtrans.co.uk\/nl\/#\/schema\/logo\/image\/","url":"https:\/\/www.dutchtrans.co.uk\/wp-content\/uploads\/2015\/02\/DTlogo2.png","contentUrl":"https:\/\/www.dutchtrans.co.uk\/wp-content\/uploads\/2015\/02\/DTlogo2.png","width":197,"height":170,"caption":"DutchTrans - Translation Services"},"image":{"@id":"https:\/\/www.dutchtrans.co.uk\/nl\/#\/schema\/logo\/image\/"},"sameAs":["https:\/\/www.facebook.com\/DutchTrans","https:\/\/x.com\/DutchTrans","https:\/\/www.instagram.com\/DutchtransUK","https:\/\/www.linkedin.com\/company\/dutchtrans-co-uk","https:\/\/www.pinterest.com\/dutchtrans","https:\/\/www.youtube.com\/c\/DutchtransCoUk"]}]}},"_links":{"self":[{"href":"https:\/\/www.dutchtrans.co.uk\/nl\/wp-json\/wp\/v2\/pages\/38563","targetHints":{"allow":["GET"]}}],"collection":[{"href":"https:\/\/www.dutchtrans.co.uk\/nl\/wp-json\/wp\/v2\/pages"}],"about":[{"href":"https:\/\/www.dutchtrans.co.uk\/nl\/wp-json\/wp\/v2\/types\/page"}],"author":[{"embeddable":true,"href":"https:\/\/www.dutchtrans.co.uk\/nl\/wp-json\/wp\/v2\/users\/1"}],"replies":[{"embeddable":true,"href":"https:\/\/www.dutchtrans.co.uk\/nl\/wp-json\/wp\/v2\/comments?post=38563"}],"version-history":[{"count":3,"href":"https:\/\/www.dutchtrans.co.uk\/nl\/wp-json\/wp\/v2\/pages\/38563\/revisions"}],"predecessor-version":[{"id":38566,"href":"https:\/\/www.dutchtrans.co.uk\/nl\/wp-json\/wp\/v2\/pages\/38563\/revisions\/38566"}],"wp:featuredmedia":[{"embeddable":true,"href":"https:\/\/www.dutchtrans.co.uk\/nl\/wp-json\/wp\/v2\/media\/19670"}],"wp:attachment":[{"href":"https:\/\/www.dutchtrans.co.uk\/nl\/wp-json\/wp\/v2\/media?parent=38563"}],"curies":[{"name":"wp","href":"https:\/\/api.w.org\/{rel}","templated":true}]}}