{"id":38573,"date":"2023-06-07T12:11:36","date_gmt":"2023-06-07T12:11:36","guid":{"rendered":"https:\/\/www.dutchtrans.co.uk\/nederlands-naar-indonesisch\/"},"modified":"2023-06-07T12:11:42","modified_gmt":"2023-06-07T12:11:42","slug":"nederlands-naar-indonesisch","status":"publish","type":"page","link":"https:\/\/www.dutchtrans.co.uk\/nl\/nederlands-naar-indonesisch\/","title":{"rendered":"Nederlands naar Indonesisch"},"content":{"rendered":"<div class=\"wpb-content-wrapper\"><p>[vc_row css_animation=&#8221;&#8221; row_type=&#8221;row&#8221; use_row_as_full_screen_section=&#8221;no&#8221; type=&#8221;grid&#8221; angled_section=&#8221;no&#8221; text_align=&#8221;left&#8221; background_image_as_pattern=&#8221;without_pattern&#8221;][vc_column][vc_empty_space][vc_column_text]<\/p>\n<h1 style=\"text-align: center; color: #36539d;\">Indonesische taal<\/h1>\n<p>[\/vc_column_text][vc_empty_space][vc_column_text]<strong>Indonesische taal  <\/strong><\/p>\n<p style=\"text-align: left;\">Indonesisch staat bij de mensen in Indonesi\u00eb bekend als Bahasa Indonesia, en het is de offici\u00eble taal. Indonesisch wordt ook gebruikt in Oost-Timor. Niet minder dan 23 miljoen mensen wereldwijd hebben Indonesisch als moedertaal, terwijl meer dan 240 miljoen mensen wereldwijd de taal spreken.<\/p>\n<p style=\"text-align: left;\">De Indonesische politiek, samenleving en markt zijn sterk en gezond en &#8216;s werelds grootste eilandnatie is klaar om een opvallende rol te spelen in het land en de rest van de wereld. Dit betekent dat het vertalen van je inhoud naar het Indonesisch of Bahasa Indonesia ook steeds belangrijker wordt. Het is een Austronesische taal, een gereguleerde kopie van het Maleis dat wordt gebruikt in de brede archipel waar 742 talen en accenten worden gesproken. De op \u00e9\u00e9n na meest gebruikte taal in de Indonesische archipel is het Javaans, hoewel deze taal niet officieel wordt erkend.<\/p>\n<p style=\"text-align: left;\">Hoewel Indonesi\u00ebrs thuis verschillende moedertalen spreken, is het Bahasa Indonesia de offici\u00eble taal voor formeel onderwijs, bestuur, wetgeving, administratie, nationale massacommunicatie en verschillende vormen van communicatie.<\/p>\n<p style=\"text-align: left;\">Toen Indonesi\u00eb een kolonie was, werd er Nederlands gesproken. Nadat Indonesi\u00eb onafhankelijk werd, weigerden de mensen het Nederlands en andere regionale talen om het Indonesisch te steunen. Dit komt deels doordat de Nederlanders niet veel moeite deden om hun taal te verspreiden onder de mensen in hun kolonie om de inheemse bevolking gescheiden te houden van de grotere Nederlandse cultuur. De beslissing van het land om Indonesisch te kiezen is interessant, omdat het niet de taal met de meeste moedertaalsprekers was toen het werd gekozen. Het Javaans, een regionale taal, zou dat onderscheid hebben gemaakt<\/p>\n<p>[\/vc_column_text][vc_empty_space][\/vc_column][\/vc_row][vc_row css_animation=&#8221;&#8221; row_type=&#8221;row&#8221; use_row_as_full_screen_section=&#8221;no&#8221; type=&#8221;grid&#8221; angled_section=&#8221;no&#8221; text_align=&#8221;left&#8221; background_image_as_pattern=&#8221;without_pattern&#8221;][vc_column width=&#8221;1\/3&#8243;][vc_empty_space][vc_single_image image=&#8221;18136&#8243; img_size=&#8221;&#8221; alignment=&#8221;center&#8221; qode_css_animation=&#8221;&#8221;][\/vc_column][vc_column width=&#8221;2\/3&#8243;][vc_empty_space][vc_column_text]<\/p>\n<h3 style=\"text-align: center; color: #36539d;\">De impact van de Nederlandse taal in Indonesi\u00eb<\/h3>\n<p>Indonesi\u00eb was drie\u00ebnhalve eeuw een Nederlandse gemeenschap en werd na de Tweede Wereldoorlog onafhankelijk. Er zijn verschillende religieuze groepen in Indonesi\u00eb, maar de moslimbevolking is de grootste. Tijdens de kolonisatie probeerden de Nederlanders het gebruik van de Nederlandse taal onder de mensen van de archipel te begrijpen. Een van deze gevechten werd gevolgd door het toekennen van bepaalde rechten aan inboorlingen die Nederlands konden spreken. Ze mochten bijvoorbeeld een hoed dragen. Indonesische vrouwen die Nederlands konden spreken, mochten trouwen met een Europese man. Bovendien mochten deze mensen zich ook inschrijven op Nederlandse scholen, die in die periode als elitair werden gezien. Dit beschrijft waarom er na de onafhankelijkheidsverklaring van Indonesi\u00eb nog steeds Indonesi\u00ebrs waren die Nederlands spraken. Sommige mensen hebben grootouders die Nederlands spreken omdat ze getuige waren van de kolonisatie en er deel van uitmaakten.[\/vc_column_text][\/vc_column][\/vc_row][vc_row css_animation=&#8221;&#8221; row_type=&#8221;row&#8221; use_row_as_full_screen_section=&#8221;no&#8221; type=&#8221;grid&#8221; angled_section=&#8221;no&#8221; text_align=&#8221;left&#8221; background_image_as_pattern=&#8221;without_pattern&#8221;][vc_column width=&#8221;2\/3&#8243;][vc_empty_space][vc_column_text]<\/p>\n<h3 style=\"text-align: center; color: #36539d;\">Vertaaldienst Nederlands naar Indonesisch<\/h3>\n<p>Nederlands en Indonesisch is een van de populairste talencombinaties ter wereld, en dat betekent volume. In een wereldwijde markt is de kans groot dat je zaken doet met een Indonesisch sprekende markt of bedrijf &#8211; of dat binnenkort gaat doen. Zakendoen vereist snelheid en reactievermogen &#8211; je klanten zullen niet te lang wachten voordat ze op zoek gaan naar een concurrent. DutchTrans is het grootste professionele vertaalbureau voor Nederlands naar Indonesisch ter wereld. Onze professionele Indonesische vertalers bestaan uit verschillende velden en industrie\u00ebn, waaronder zaken, juridisch, technisch, financieel en medisch. Enkele documenten waar we meestal mee werken zijn technische documenten, jaarverslagen, juridische dossiers, academische transcripten, financi\u00eble verklaringen, verklaringen van investeerders en medische documenten. Onze professionele Nederlands naar Indonesische vertaaldiensten openen poorten voor bedrijven door effectieve en betrouwbare vertalingen. [\/vc_column_text][\/vc_column][vc_column width=&#8221;1\/3&#8243;][vc_empty_space][vc_single_image image=&#8221;18167&#8243; img_size=&#8221;&#8221; alignment=&#8221;center&#8221; qode_css_animation=&#8221;&#8221;][vc_empty_space][\/vc_column][\/vc_row][vc_row css_animation=&#8221;&#8221; row_type=&#8221;row&#8221; use_row_as_full_screen_section=&#8221;no&#8221; type=&#8221;full_width&#8221; angled_section=&#8221;no&#8221; text_align=&#8221;left&#8221; background_image_as_pattern=&#8221;without_pattern&#8221;][vc_column][vc_column_text]Met zowel taal- als vakinhoudelijke kennis bereiken we een genuanceerde vertaling zoals je die nergens anders vindt. Betaal niet voor een geautomatiseerde vertaling voor je essenti\u00eble documenten. Als je de juiste menselijke vertaling gebruikt, zal je publiek, of het nu gaat om topmensen die beslissingen nemen of om uiteindelijke klanten, je zorg voor details waarderen. Slecht vertaalde documenten kunnen aanzienlijke verwarring of aanstoot veroorzaken en kunnen belangrijke zakenrelaties schaden. Bij DutchTrans kunnen onze vertalers uw boodschap nauwkeurig overbrengen, zodat u uw beste beentje voor kunt zetten.[\/vc_column_text][\/vc_column][\/vc_row][vc_row css_animation=&#8221;&#8221; row_type=&#8221;row&#8221; use_row_as_full_screen_section=&#8221;no&#8221; type=&#8221;grid&#8221; angled_section=&#8221;no&#8221; text_align=&#8221;left&#8221; background_image_as_pattern=&#8221;without_pattern&#8221;][vc_column][vc_empty_space][vc_column_text]<\/p>\n<h3 style=\"text-align: center; color: #36539d;\">Waarom kiezen voor onze Vertaaldienst Nederlands naar Indonesisch?<\/h3>\n<p>[\/vc_column_text][vc_empty_space][\/vc_column][\/vc_row][vc_row css_animation=&#8221;&#8221; row_type=&#8221;row&#8221; use_row_as_full_screen_section=&#8221;no&#8221; type=&#8221;grid&#8221; angled_section=&#8221;no&#8221; text_align=&#8221;left&#8221; background_image_as_pattern=&#8221;without_pattern&#8221;][vc_column width=&#8221;1\/3&#8243; el_class=&#8221;border_Div&#8221;][vc_empty_space][vc_single_image image=&#8221;18177&#8243; img_size=&#8221;large&#8221; alignment=&#8221;center&#8221; qode_css_animation=&#8221;&#8221; title=&#8221;U bespaart tijd, moeite en geld&#8221;][vc_empty_space][\/vc_column][vc_column width=&#8221;1\/3&#8243; el_class=&#8221;border_Div&#8221;][vc_single_image image=&#8221;18186&#8243; img_size=&#8221;large&#8221; alignment=&#8221;center&#8221; qode_css_animation=&#8221;&#8221; title=&#8221;Getrainde en ervaren vertalers en correctoren&#8221;][vc_empty_space][\/vc_column][vc_column width=&#8221;1\/3&#8243; el_class=&#8221;border_Div&#8221;][vc_single_image image=&#8221;18195&#8243; img_size=&#8221;150&#215;150&#8243; alignment=&#8221;center&#8221; qode_css_animation=&#8221;&#8221; title=&#8221;Be\u00ebdigde vertaaldiensten aanbieden zonder extra wijzigingen&#8221;][\/vc_column][\/vc_row][vc_row css_animation=&#8221;&#8221; row_type=&#8221;row&#8221; use_row_as_full_screen_section=&#8221;no&#8221; type=&#8221;full_width&#8221; angled_section=&#8221;no&#8221; text_align=&#8221;left&#8221; background_image_as_pattern=&#8221;without_pattern&#8221;][vc_column][vc_empty_space][vc_column_text]DutchTrans biedt professionele Indonesische <a href=\"https:\/\/www.dutchtrans.co.uk\/nl\/onze-talen\/\">vertaaldiensten<\/a> tegen concurrerende tarieven. We kunnen ook elke Indonesische inhoud vertalen naar het Nederlands of Engels of elke andere taal. Of u nu op zoek bent naar een Indonesische vertaler voor specifieke documenten of een vertaalteam voor een doorlopende zakelijke account, bij DutchTrans zult u merken dat aan uw hoogste eisen wordt voldaan. Onze vertaalervaring en kennis zijn onge\u00ebvenaard. We huren native Indonesische vertalers in om alle taken uit te voeren. Elke vertaler heeft een gedegen ervaring in vertalen en tolken. Ons deskundige team levert documentvertalingen die sociaal accuraat en cultureel correct zijn. We bieden documentvertalingen, meertalige websiteontwikkeling en transcriptiediensten. Wij bieden betrouwbare en betaalbare vertaalhulp aan bedrijven, onderwijsinstellingen, technologieprofessionals en particulieren, naast vele anderen.[\/vc_column_text][\/vc_column][\/vc_row][vc_row css_animation=&#8221;&#8221; row_type=&#8221;row&#8221; use_row_as_full_screen_section=&#8221;no&#8221; type=&#8221;grid&#8221; angled_section=&#8221;no&#8221; text_align=&#8221;left&#8221; background_image_as_pattern=&#8221;without_pattern&#8221;][vc_column width=&#8221;1\/4&#8243;][vc_empty_space][vc_single_image image=&#8221;18204&#8243; img_size=&#8221;250&#215;250&#8243; alignment=&#8221;center&#8221; qode_css_animation=&#8221;&#8221;][\/vc_column][vc_column width=&#8221;3\/4&#8243;][vc_empty_space][vc_column_text]<\/p>\n<h3 style=\"text-align: center; color: #36539d;\">Vertaaldienst Nederlands naar Indonesisch<\/h3>\n<p>Nederlands en Indonesisch is een van de populairste talencombinaties ter wereld, en dat betekent volume. In een wereldwijde markt is de kans groot dat je zaken doet met een Indonesisch sprekende markt of bedrijf &#8211; of dat binnenkort gaat doen. Zakendoen vereist snelheid en reactievermogen &#8211; je klanten zullen niet te lang wachten voordat ze op zoek gaan naar een concurrent. DutchTrans is het grootste professionele vertaalbureau voor Nederlands naar Indonesisch ter wereld. Onze professionele Indonesische vertalers bestaan uit verschillende velden en industrie\u00ebn, waaronder zaken, juridisch, technisch, financieel en medisch. Enkele documenten waar we meestal mee werken zijn technische documenten, jaarverslagen, juridische dossiers, academische transcripten, financi\u00eble verklaringen, verklaringen van investeerders en medische documenten. Onze professionele Nederlands naar Indonesische vertaaldiensten openen poorten voor bedrijven door effectieve en betrouwbare vertalingen. [\/vc_column_text][\/vc_column][\/vc_row][vc_row css_animation=&#8221;&#8221; row_type=&#8221;row&#8221; use_row_as_full_screen_section=&#8221;no&#8221; type=&#8221;full_width&#8221; angled_section=&#8221;no&#8221; text_align=&#8221;left&#8221; background_image_as_pattern=&#8221;without_pattern&#8221;][vc_column][vc_empty_space][\/vc_column][\/vc_row][vc_row css_animation=&#8221;&#8221; row_type=&#8221;row&#8221; use_row_as_full_screen_section=&#8221;no&#8221; type=&#8221;grid&#8221; angled_section=&#8221;no&#8221; text_align=&#8221;left&#8221; background_image_as_pattern=&#8221;without_pattern&#8221; css=&#8221;.vc_custom_1473098385290{background-color: #9899cb !important;}&#8221;][vc_column][vc_row_inner row_type=&#8221;row&#8221; type=&#8221;full_width&#8221; text_align=&#8221;left&#8221; css_animation=&#8221;&#8221;][vc_column_inner]<div class=\"call_to_action normal\" style=\"background-color: #9899cb;\"><div class=\"container_inner\"><div class=\"two_columns_75_25 clearfix\"><div class=\"text_wrapper column1\"><div class=\"call_to_action_text  font_size_inherit font_weight_inherit\" style=\"font-size:24px;font-weight: 700;\"><span style=\"color: #ffffff; text-align: center;\">NEEM OP ELK MOMENT CONTACT MET ONS OP MET UW VRAGEN<\/span><\/div><\/div><div class=\"button_wrapper column2\"><a itemprop=\"url\" href=\"https:\/\/www.dutchtrans.co.uk\/chat-popup\/\" class=\"qbutton white \" target=\"_self\" style=\"color: #ffffff;\" >Live chat<\/a><\/div><\/div><\/div><\/div>[\/vc_column_inner][\/vc_row_inner][\/vc_column][\/vc_row]<\/p>\n<\/div>","protected":false},"excerpt":{"rendered":"<p>[vc_row css_animation=&#8221;&#8221; row_type=&#8221;row&#8221; use_row_as_full_screen_section=&#8221;no&#8221; type=&#8221;grid&#8221; angled_section=&#8221;no&#8221; text_align=&#8221;left&#8221; background_image_as_pattern=&#8221;without_pattern&#8221;][vc_column][vc_empty_space][vc_column_text] Indonesische taal [\/vc_column_text][vc_empty_space][vc_column_text]Indonesische taal Indonesisch staat bij de mensen in Indonesi\u00eb bekend als Bahasa Indonesia, en het is de offici\u00eble taal. Indonesisch wordt ook gebruikt in Oost-Timor. Niet minder dan 23 miljoen mensen wereldwijd hebben Indonesisch als&#8230;<\/p>\n","protected":false},"author":1,"featured_media":18156,"parent":0,"menu_order":0,"comment_status":"closed","ping_status":"closed","template":"","meta":{"_acf_changed":false,"footnotes":""},"class_list":["post-38573","page","type-page","status-publish","has-post-thumbnail","hentry"],"acf":[],"yoast_head":"<!-- This site is optimized with the Yoast SEO Premium plugin v26.5 (Yoast SEO v26.5) - https:\/\/yoast.com\/wordpress\/plugins\/seo\/ -->\n<title>Indonesische taal. Bahasa Indonesia is de offici\u00eble taal<\/title>\n<meta name=\"description\" content=\"Nederlands naar Indonesi\u00eb vertaling Indonesisch staat bij de mensen in Indonesi\u00eb bekend als Bahasa Indonesia, en het is de offici\u00eble taal.\" \/>\n<meta name=\"robots\" content=\"index, follow, max-snippet:-1, max-image-preview:large, max-video-preview:-1\" \/>\n<link rel=\"canonical\" href=\"https:\/\/www.dutchtrans.co.uk\/nl\/nederlands-naar-indonesisch\/\" \/>\n<meta property=\"og:locale\" content=\"nl_NL\" \/>\n<meta property=\"og:type\" content=\"article\" \/>\n<meta property=\"og:title\" content=\"Nederlands naar Indonesisch\" \/>\n<meta property=\"og:description\" content=\"Nederlands naar Indonesi\u00eb vertaling Indonesisch staat bij de mensen in Indonesi\u00eb bekend als Bahasa Indonesia, en het is de offici\u00eble taal.\" \/>\n<meta property=\"og:url\" content=\"https:\/\/www.dutchtrans.co.uk\/nl\/nederlands-naar-indonesisch\/\" \/>\n<meta property=\"og:site_name\" content=\"Dutchtrans\" \/>\n<meta property=\"article:publisher\" content=\"https:\/\/www.facebook.com\/DutchTrans\" \/>\n<meta property=\"article:modified_time\" content=\"2023-06-07T12:11:42+00:00\" \/>\n<meta property=\"og:image\" content=\"https:\/\/www.dutchtrans.co.uk\/wp-content\/uploads\/2019\/03\/Indonesian_Language-1.png\" \/>\n\t<meta property=\"og:image:width\" content=\"1920\" \/>\n\t<meta property=\"og:image:height\" content=\"500\" \/>\n\t<meta property=\"og:image:type\" content=\"image\/png\" \/>\n<meta name=\"twitter:card\" content=\"summary_large_image\" \/>\n<meta name=\"twitter:site\" content=\"@DutchTrans\" \/>\n<meta name=\"twitter:label1\" content=\"Geschatte leestijd\" \/>\n\t<meta name=\"twitter:data1\" content=\"8 minuten\" \/>\n<!-- \/ Yoast SEO Premium plugin. -->","yoast_head_json":{"title":"Indonesische taal. Bahasa Indonesia is de offici\u00eble taal","description":"Nederlands naar Indonesi\u00eb vertaling Indonesisch staat bij de mensen in Indonesi\u00eb bekend als Bahasa Indonesia, en het is de offici\u00eble taal.","robots":{"index":"index","follow":"follow","max-snippet":"max-snippet:-1","max-image-preview":"max-image-preview:large","max-video-preview":"max-video-preview:-1"},"canonical":"https:\/\/www.dutchtrans.co.uk\/nl\/nederlands-naar-indonesisch\/","og_locale":"nl_NL","og_type":"article","og_title":"Nederlands naar Indonesisch","og_description":"Nederlands naar Indonesi\u00eb vertaling Indonesisch staat bij de mensen in Indonesi\u00eb bekend als Bahasa Indonesia, en het is de offici\u00eble taal.","og_url":"https:\/\/www.dutchtrans.co.uk\/nl\/nederlands-naar-indonesisch\/","og_site_name":"Dutchtrans","article_publisher":"https:\/\/www.facebook.com\/DutchTrans","article_modified_time":"2023-06-07T12:11:42+00:00","og_image":[{"width":1920,"height":500,"url":"https:\/\/www.dutchtrans.co.uk\/wp-content\/uploads\/2019\/03\/Indonesian_Language-1.png","type":"image\/png"}],"twitter_card":"summary_large_image","twitter_site":"@DutchTrans","twitter_misc":{"Geschatte leestijd":"8 minuten"},"schema":{"@context":"https:\/\/schema.org","@graph":[{"@type":"WebPage","@id":"https:\/\/www.dutchtrans.co.uk\/nl\/nederlands-naar-indonesisch\/","url":"https:\/\/www.dutchtrans.co.uk\/nl\/nederlands-naar-indonesisch\/","name":"Indonesische taal. Bahasa Indonesia is de offici\u00eble taal","isPartOf":{"@id":"https:\/\/www.dutchtrans.co.uk\/nl\/#website"},"primaryImageOfPage":{"@id":"https:\/\/www.dutchtrans.co.uk\/nl\/nederlands-naar-indonesisch\/#primaryimage"},"image":{"@id":"https:\/\/www.dutchtrans.co.uk\/nl\/nederlands-naar-indonesisch\/#primaryimage"},"thumbnailUrl":"https:\/\/www.dutchtrans.co.uk\/wp-content\/uploads\/2019\/03\/Indonesian_Language-1.png","datePublished":"2023-06-07T12:11:36+00:00","dateModified":"2023-06-07T12:11:42+00:00","description":"Nederlands naar Indonesi\u00eb vertaling Indonesisch staat bij de mensen in Indonesi\u00eb bekend als Bahasa Indonesia, en het is de offici\u00eble taal.","breadcrumb":{"@id":"https:\/\/www.dutchtrans.co.uk\/nl\/nederlands-naar-indonesisch\/#breadcrumb"},"inLanguage":"nl-NL","potentialAction":[{"@type":"ReadAction","target":["https:\/\/www.dutchtrans.co.uk\/nl\/nederlands-naar-indonesisch\/"]}]},{"@type":"ImageObject","inLanguage":"nl-NL","@id":"https:\/\/www.dutchtrans.co.uk\/nl\/nederlands-naar-indonesisch\/#primaryimage","url":"https:\/\/www.dutchtrans.co.uk\/wp-content\/uploads\/2019\/03\/Indonesian_Language-1.png","contentUrl":"https:\/\/www.dutchtrans.co.uk\/wp-content\/uploads\/2019\/03\/Indonesian_Language-1.png","width":1920,"height":500},{"@type":"BreadcrumbList","@id":"https:\/\/www.dutchtrans.co.uk\/nl\/nederlands-naar-indonesisch\/#breadcrumb","itemListElement":[{"@type":"ListItem","position":1,"name":"Home","item":"https:\/\/www.dutchtrans.co.uk\/nl\/home\/"},{"@type":"ListItem","position":2,"name":"Nederlands naar Indonesisch"}]},{"@type":"WebSite","@id":"https:\/\/www.dutchtrans.co.uk\/nl\/#website","url":"https:\/\/www.dutchtrans.co.uk\/nl\/","name":"DutchTrans","description":"DutchTrans is a leading Dutch translation agency focusing on document and website translation, offering high quality Dutch to English translation services.","publisher":{"@id":"https:\/\/www.dutchtrans.co.uk\/nl\/#organization"},"potentialAction":[{"@type":"SearchAction","target":{"@type":"EntryPoint","urlTemplate":"https:\/\/www.dutchtrans.co.uk\/nl\/?s={search_term_string}"},"query-input":{"@type":"PropertyValueSpecification","valueRequired":true,"valueName":"search_term_string"}}],"inLanguage":"nl-NL"},{"@type":"Organization","@id":"https:\/\/www.dutchtrans.co.uk\/nl\/#organization","name":"DutchTrans - Translation Services","url":"https:\/\/www.dutchtrans.co.uk\/nl\/","logo":{"@type":"ImageObject","inLanguage":"nl-NL","@id":"https:\/\/www.dutchtrans.co.uk\/nl\/#\/schema\/logo\/image\/","url":"https:\/\/www.dutchtrans.co.uk\/wp-content\/uploads\/2015\/02\/DTlogo2.png","contentUrl":"https:\/\/www.dutchtrans.co.uk\/wp-content\/uploads\/2015\/02\/DTlogo2.png","width":197,"height":170,"caption":"DutchTrans - Translation Services"},"image":{"@id":"https:\/\/www.dutchtrans.co.uk\/nl\/#\/schema\/logo\/image\/"},"sameAs":["https:\/\/www.facebook.com\/DutchTrans","https:\/\/x.com\/DutchTrans","https:\/\/www.instagram.com\/DutchtransUK","https:\/\/www.linkedin.com\/company\/dutchtrans-co-uk","https:\/\/www.pinterest.com\/dutchtrans","https:\/\/www.youtube.com\/c\/DutchtransCoUk"]}]}},"_links":{"self":[{"href":"https:\/\/www.dutchtrans.co.uk\/nl\/wp-json\/wp\/v2\/pages\/38573","targetHints":{"allow":["GET"]}}],"collection":[{"href":"https:\/\/www.dutchtrans.co.uk\/nl\/wp-json\/wp\/v2\/pages"}],"about":[{"href":"https:\/\/www.dutchtrans.co.uk\/nl\/wp-json\/wp\/v2\/types\/page"}],"author":[{"embeddable":true,"href":"https:\/\/www.dutchtrans.co.uk\/nl\/wp-json\/wp\/v2\/users\/1"}],"replies":[{"embeddable":true,"href":"https:\/\/www.dutchtrans.co.uk\/nl\/wp-json\/wp\/v2\/comments?post=38573"}],"version-history":[{"count":3,"href":"https:\/\/www.dutchtrans.co.uk\/nl\/wp-json\/wp\/v2\/pages\/38573\/revisions"}],"predecessor-version":[{"id":38576,"href":"https:\/\/www.dutchtrans.co.uk\/nl\/wp-json\/wp\/v2\/pages\/38573\/revisions\/38576"}],"wp:featuredmedia":[{"embeddable":true,"href":"https:\/\/www.dutchtrans.co.uk\/nl\/wp-json\/wp\/v2\/media\/18156"}],"wp:attachment":[{"href":"https:\/\/www.dutchtrans.co.uk\/nl\/wp-json\/wp\/v2\/media?parent=38573"}],"curies":[{"name":"wp","href":"https:\/\/api.w.org\/{rel}","templated":true}]}}