{"id":38583,"date":"2023-06-07T12:23:10","date_gmt":"2023-06-07T12:23:10","guid":{"rendered":"https:\/\/www.dutchtrans.co.uk\/vertaaldienst-nederlands-naar-deens\/"},"modified":"2023-06-07T12:23:37","modified_gmt":"2023-06-07T12:23:37","slug":"vertaaldienst-nederlands-naar-deens","status":"publish","type":"page","link":"https:\/\/www.dutchtrans.co.uk\/nl\/vertaaldienst-nederlands-naar-deens\/","title":{"rendered":"Vertaaldienst Nederlands naar Deens"},"content":{"rendered":"<div class=\"wpb-content-wrapper\"><p>[vc_row css_animation=&#8221;&#8221; row_type=&#8221;row&#8221; use_row_as_full_screen_section=&#8221;no&#8221; type=&#8221;full_width&#8221; angled_section=&#8221;no&#8221; text_align=&#8221;left&#8221; background_image_as_pattern=&#8221;without_pattern&#8221;][vc_column][vc_empty_space][vc_column_text]<\/p>\n<h1 style=\"text-align: center;\">Vertaling Nederlands naar Deens<\/h1>\n<p>[\/vc_column_text][vc_empty_space][\/vc_column][\/vc_row][vc_row css_animation=&#8221;&#8221; row_type=&#8221;row&#8221; use_row_as_full_screen_section=&#8221;no&#8221; type=&#8221;grid&#8221; angled_section=&#8221;no&#8221; text_align=&#8221;left&#8221; background_image_as_pattern=&#8221;without_pattern&#8221; z_index=&#8221;&#8221;][vc_column][vc_column_text]<\/p>\n<p style=\"text-align: center;\">De Deense stijl is een prominente Scandinavische stijl, dankzij de fascinerende Deense geschiedenis van politieke autoriteit en macht. Het is een offici\u00eble taal van Denemarken en de Faer\u00f6er en het wordt erkend als een minderheidstaal in Duitsland en Groenland. Het was een offici\u00eble taal van Noorwegen tot 1830 en van IJsland tot 1944. Het is ook de belangrijkste vreemde taal die in IJsland wordt geleerd.<\/p>\n<p>[\/vc_column_text][vc_empty_space][\/vc_column][\/vc_row][vc_row css_animation=&#8221;&#8221; row_type=&#8221;row&#8221; use_row_as_full_screen_section=&#8221;no&#8221; type=&#8221;grid&#8221; angled_section=&#8221;no&#8221; text_align=&#8221;left&#8221; background_image_as_pattern=&#8221;without_pattern&#8221; z_index=&#8221;&#8221;][vc_column width=&#8221;2\/3&#8243;][vc_column_text]Het wordt nog steeds significant geacht onder de Scandinavische dialecten. Het helpt als een van de nationale talen van de Europese Unie, het is een praktische taal van de Noordse Raad en een noodzaak in de schoolprocedures van veel Scandinavische landen. Het is een Noord-Germaanse taal met ongeveer 5,5 miljoen sprekers, voornamelijk in Denemarken, Groenland en Faer\u00f6er. Er zijn ook Deenssprekenden in Sleeswijk-Holstein in Noord-Duitsland en in Noorwegen, Zweden, Spanje, de VS, Canada, Brazili\u00eb en Argentini\u00eb.<\/p>\n<p>&nbsp;<\/p>\n<p>Tijdens de Middeleeuwen was het enorm onderhevig aan Laagduitse dialecten. In de 17e eeuw werden veel Franse leenwoorden gebruikt en vanaf de 19e eeuw werden veel Engelse woorden in het Deens gebruikt.[\/vc_column_text][\/vc_column][vc_column width=&#8221;1\/3&#8243;][vc_single_image image=&#8221;24055&#8243; img_size=&#8221;300X300&#8243; alignment=&#8221;center&#8221; style=&#8221;vc_box_shadow&#8221; qode_css_animation=&#8221;element_from_right&#8221;][\/vc_column][\/vc_row][vc_row css_animation=&#8221;&#8221; row_type=&#8221;row&#8221; use_row_as_full_screen_section=&#8221;no&#8221; type=&#8221;full_width&#8221; angled_section=&#8221;no&#8221; text_align=&#8221;left&#8221; background_image_as_pattern=&#8221;without_pattern&#8221;][vc_column][vc_empty_space][vc_empty_space][\/vc_column][\/vc_row][vc_row css_animation=&#8221;&#8221; row_type=&#8221;row&#8221; use_row_as_full_screen_section=&#8221;no&#8221; type=&#8221;grid&#8221; angled_section=&#8221;no&#8221; text_align=&#8221;left&#8221; background_image_as_pattern=&#8221;without_pattern&#8221; z_index=&#8221;&#8221;][vc_column width=&#8221;1\/3&#8243;][vc_single_image image=&#8221;24037&#8243; img_size=&#8221;300X300&#8243; alignment=&#8221;center&#8221; style=&#8221;vc_box_outline&#8221; border_color=&#8221;violet&#8221; qode_css_animation=&#8221;element_from_left&#8221;][\/vc_column][vc_column width=&#8221;2\/3&#8243;][vc_column_text]<\/p>\n<h2>Vroege geschiedenis en organisatie van de Deense<\/h2>\n<p>&nbsp;<\/p>\n<p>De oude taal werd in eerste instantie erkend vanuit het Oudnoords dat door de Vikingen over heel Noord-Europa werd verspreid en gebruikte een runenschrift. De oudste Deense geschriften stammen uit de runenperiode van circa 250 na Christus. De eerste schriften in de Deense taal stammen uit de 13e eeuw.<\/p>\n<p>&nbsp;<\/p>\n<p>Deze taal is geclassificeerd als lid van het Oost-Scandinavische lid van de Noord-Germaanse taalfamilie, waaruit het grootste deel van het huidige Scandinavisch is ontstaan. Hoewel de Scandinavische talen ooit allemaal behoorlijk op elkaar leken, begon de taal rond het jaar 1000 andere kenmerken te krijgen.[\/vc_column_text][\/vc_column][\/vc_row][vc_row css_animation=&#8221;&#8221; row_type=&#8221;row&#8221; use_row_as_full_screen_section=&#8221;yes&#8221; type=&#8221;full_width&#8221; angled_section=&#8221;no&#8221; text_align=&#8221;left&#8221; background_image_as_pattern=&#8221;without_pattern&#8221; el_class=&#8221;callaction&#8221;][vc_column][vc_empty_space][vc_row_inner row_type=&#8221;row&#8221; type=&#8221;full_width&#8221; text_align=&#8221;left&#8221; css_animation=&#8221;&#8221;][vc_column_inner]<div class=\"call_to_action normal\" style=\"background-color: #f08700;\"><div class=\"container_inner\"><div class=\"two_columns_75_25 clearfix\"><div class=\"text_wrapper column1\"><div class=\"call_to_action_text  font_size_inherit font_weight_inherit\" style=\"font-size:24px;font-weight: 700;\"><span style=\"text-align: center;\"><img decoding=\"async\" class=\"alignleft wp-image-12297 size-full\" src=\"https:\/\/www.dutchtrans.co.uk\/wp-content\/uploads\/2018\/05\/certified-translation-price.png\" alt=\"prijs be\u00ebdigde vertaling\" width=\"63\" height=\"57\">  BEREKEN UW BE\u00cbDIGDE VERTAALPRIJS<\/span><\/div><\/div><div class=\"button_wrapper column2\"><a itemprop=\"url\" href=\"https:\/\/www.dutchtrans.co.uk\/certified-translation-tool\/\" class=\"qbutton white \" target=\"_self\" style=\"color: #ffffff;border-color: #ffffff;\" data-hover-background-color=#ffffff data-hover-border-color=#ffffff data-hover-color=#a2a2a2>Klik hier<\/a><\/div><\/div><\/div><\/div>[\/vc_column_inner][\/vc_row_inner][vc_empty_space][\/vc_column][\/vc_row][vc_row css_animation=&#8221;&#8221; row_type=&#8221;row&#8221; use_row_as_full_screen_section=&#8221;no&#8221; type=&#8221;grid&#8221; angled_section=&#8221;no&#8221; text_align=&#8221;left&#8221; background_image_as_pattern=&#8221;without_pattern&#8221; z_index=&#8221;&#8221;][vc_column][vc_column_text]<\/p>\n<h2 style=\"text-align: center;\">De sterke invloed van de Deense taal<\/h2>\n<p>&nbsp;<\/p>\n<p style=\"text-align: center;\">Door de politieke invloed van Denemarken in de geschiedenis heeft het dialect een aanzienlijk effect gehad op andere Scandinavische talen, waaronder Zweeds, IJslands en Noors. Vooral de vereniging van Denemarken en Noorwegen in de 14e eeuw leidde tot de ontwikkeling van het Dano-Noorse of Noorse Bokmal.<\/p>\n<p>[\/vc_column_text][vc_empty_space][\/vc_column][\/vc_row][vc_row css_animation=&#8221;&#8221; row_type=&#8221;row&#8221; use_row_as_full_screen_section=&#8221;no&#8221; type=&#8221;grid&#8221; angled_section=&#8221;no&#8221; text_align=&#8221;left&#8221; background_image_as_pattern=&#8221;without_pattern&#8221; z_index=&#8221;&#8221;][vc_column width=&#8221;1\/2&#8243; el_class=&#8221;border_Div&#8221;][vc_single_image image=&#8221;24064&#8243; img_size=&#8221;large&#8221; alignment=&#8221;center&#8221; qode_css_animation=&#8221;&#8221;][vc_column_text]Ondanks een stroom van loyaliteit na de Noorse vrijheid en de groei van een duidelijk Noorse taal, ge\u00efdentificeerd als Nieuw Noors of Noors Nynorsk, behield het Dano-Noors zijn prestige in Noorwegen en bleef het tot op de dag van vandaag een van de formele talen van de natie.<\/p>\n<p>&nbsp;<\/p>\n<p>De historische banden tussen het Noors en het Deens zijn nog steeds duidelijk aanwezig, aangezien de twee talen bijna dezelfde schrijfstructuur gebruiken. Hoewel de stijlen zeer nauw met elkaar verbonden blijven in de geschreven vorm, verschillen het Noors en het Deens aanzienlijker in de gesproken taal.[\/vc_column_text][\/vc_column][vc_column width=&#8221;1\/2&#8243; el_class=&#8221;border_Div&#8221;][vc_single_image image=&#8221;24046&#8243; img_size=&#8221;large&#8221; alignment=&#8221;center&#8221; qode_css_animation=&#8221;&#8221;][vc_column_text]Nederlands is de nationale taal van Denemarken en Deense vertalingen zijn essentieel om klanten en consumenten internationaal en in dit belangrijke Scandinavische land te bereiken. Deenssprekenden zijn ook wereldwijd te vinden, in nabijgelegen landen als Zweden en Noorwegen, en verder weg in de VS, Canada en de Verenigde Arabische Emiraten.<\/p>\n<p>&nbsp;<\/p>\n<p>Onze vertalers kunnen u helpen bij het maken van interne documenten voor <a href=\"https:\/\/www.dutchtrans.co.uk\/dutch-interesting-facts\/\">het trainen van internationaal personeel<\/a>, maar ook van klant- en klantgericht materiaal zoals websites, advertenties en handleidingen om uw producten en diensten onder de aandacht te brengen van een breder wereldwijd publiek.[\/vc_column_text][\/vc_column][\/vc_row][vc_row css_animation=&#8221;&#8221; row_type=&#8221;row&#8221; use_row_as_full_screen_section=&#8221;no&#8221; type=&#8221;full_width&#8221; angled_section=&#8221;no&#8221; text_align=&#8221;left&#8221; background_image_as_pattern=&#8221;without_pattern&#8221;][vc_column][vc_empty_space][\/vc_column][\/vc_row][vc_row css_animation=&#8221;&#8221; row_type=&#8221;row&#8221; use_row_as_full_screen_section=&#8221;no&#8221; type=&#8221;grid&#8221; angled_section=&#8221;no&#8221; text_align=&#8221;left&#8221; background_image_as_pattern=&#8221;without_pattern&#8221; z_index=&#8221;&#8221;][vc_column][vc_column_text]<\/p>\n<h2 style=\"text-align: center;\">Vertaaldienst Nederlands naar Deens<\/h2>\n<p>&nbsp;<\/p>\n<p style=\"text-align: center;\">Bij DutchTrans worden al onze vertaalprojecten Nederlands-Deens uitgevoerd door een professionele menselijke vertaler. Je vertaler is niet alleen een taalspecialist, maar heeft ook ervaring in bepaalde sectoren zoals het bedrijfsleven, het rechtssysteem en de medische sector. Ons team zorgt ervoor dat je foutloze vertalingen ontvangt die natuurlijk klinken, zodat je je doelpubliek kunt aanspreken.<\/p>\n<p>&nbsp;<\/p>\n<p style=\"text-align: center;\">Met ons <a href=\"https:\/\/www.dutchtrans.co.uk\/top-10-difficulties-besides-deadlines\/\">wereldwijde netwerk van professionele vertalers<\/a> kan DutchTrans een expert vinden voor elke vertaling van het Nederlands naar het Deens. We werken met je samen om te weten wat je eisen zijn en zetten ons netwerk in om een gecertificeerde professional te vinden die de ervaring heeft die nodig is om elke opdracht uit te voeren. Aangezien het Deens verschillende dialecten heeft in het hele land, zal je tolk de genuanceerde kenmerken van het dialect kunnen uitpakken om ervoor te zorgen dat de definitie van beide woorden wordt ondersteund. Al onze vertalers moeten voldoen aan strenge kwaliteitsnormen en we controleren de inhoud van elk project op nauwkeurigheid en consistentie. We verwachten een hoog niveau van expertise van ons netwerk van vertalers omdat we weten dat \u00e9\u00e9n fout je bedrijfsplannen kan schaden.<\/p>\n<p>[\/vc_column_text][vc_empty_space][\/vc_column][\/vc_row][vc_row css_animation=&#8221;&#8221; row_type=&#8221;row&#8221; use_row_as_full_screen_section=&#8221;no&#8221; type=&#8221;grid&#8221; angled_section=&#8221;no&#8221; text_align=&#8221;left&#8221; background_image_as_pattern=&#8221;without_pattern&#8221; z_index=&#8221;&#8221;][vc_column width=&#8221;2\/3&#8243;][vc_column_text]Het vertalen van documenten van het Nederlands naar het Deens is een ingewikkelde taak, die zowel culturele als taalkundige vaardigheden vereist. In de loop der jaren heeft ons vertaalbureau een uitgebreide keten van deskundige vertalers opgebouwd. Ze worden geselecteerd op basis van hun vaardigheden en ervaring en vertalen alleen in hun moedertaal. Ze worden ook onderworpen aan vertaaltests om <a href=\"https:\/\/www.dutchtrans.co.uk\/overview-of-language-categories\/\">uniformiteit en kwaliteitsvertalingen<\/a> te garanderen. Al onze vertalers zijn opgeleid in een specifiek gebied: juridisch, medisch, wetenschappelijk, technisch, marketing en nog veel meer. Afhankelijk van je behoeften en je gebied zullen onze projectmanagers een vertaler voor je vinden die het meest geschikt is voor jouw vereisten.[\/vc_column_text][\/vc_column][vc_column width=&#8221;1\/3&#8243;][vc_single_image image=&#8221;24028&#8243; alignment=&#8221;center&#8221; style=&#8221;vc_box_outline&#8221; border_color=&#8221;violet&#8221; qode_css_animation=&#8221;element_from_right&#8221;][\/vc_column][\/vc_row][vc_row css_animation=&#8221;&#8221; row_type=&#8221;row&#8221; use_row_as_full_screen_section=&#8221;no&#8221; type=&#8221;full_width&#8221; angled_section=&#8221;no&#8221; text_align=&#8221;left&#8221; background_image_as_pattern=&#8221;without_pattern&#8221;][vc_column][vc_empty_space][\/vc_column][\/vc_row][vc_row css_animation=&#8221;&#8221; row_type=&#8221;row&#8221; use_row_as_full_screen_section=&#8221;no&#8221; type=&#8221;grid&#8221; angled_section=&#8221;no&#8221; text_align=&#8221;left&#8221; background_image_as_pattern=&#8221;without_pattern&#8221; z_index=&#8221;&#8221;][vc_column][vc_column_text]<\/p>\n<p style=\"text-align: center;\">Wij bieden hoogwaardige en kosteneffectieve Deense naar Nederlandse en Nederlandse naar Deense volledig be\u00ebdigde vertalingen. Onze Deense vertalers, redacteuren en correctoren hebben jarenlange ervaring met het vertalen van Deense huwelijksakten, burgerlijke documenten, overlijdensakten, geboorteakten, scheidingsakten, diploma&#8217;s, adoptiedocumenten, politiedocumenten, volmachten, Deense gerechtelijke uitspraken, Deense strafregisters, andere soorten documenten en bepaalde vaktermen, zoals academisch, technisch, financieel, enz. De lijst is eindeloos!<\/p>\n<p>&nbsp;<\/p>\n<p style=\"text-align: center;\">U kunt er zeker van zijn dat al uw documenten effectief en snel worden vertaald en dat alles tegen de laagste kosten. Huur een professional in voor het beste werk!<\/p>\n<p>[\/vc_column_text][vc_empty_space][\/vc_column][\/vc_row][vc_row css_animation=&#8221;&#8221; row_type=&#8221;row&#8221; use_row_as_full_screen_section=&#8221;no&#8221; type=&#8221;grid&#8221; angled_section=&#8221;no&#8221; text_align=&#8221;left&#8221; background_image_as_pattern=&#8221;without_pattern&#8221; css=&#8221;.vc_custom_1473098385290{background-color: #9899cb !important;}&#8221;][vc_column][vc_row_inner row_type=&#8221;row&#8221; type=&#8221;full_width&#8221; text_align=&#8221;left&#8221; css_animation=&#8221;&#8221;][vc_column_inner]<div class=\"call_to_action normal\" style=\"background-color: #9899cb;\"><div class=\"container_inner\"><div class=\"two_columns_75_25 clearfix\"><div class=\"text_wrapper column1\"><div class=\"call_to_action_text  font_size_inherit font_weight_inherit\" style=\"font-size:24px;font-weight: 700;\"><span style=\"color: #ffffff; text-align: center;\">NEEM OP ELK MOMENT CONTACT MET ONS OP MET UW VRAGEN<\/span><\/div><\/div><div class=\"button_wrapper column2\"><a itemprop=\"url\" href=\"https:\/\/www.dutchtrans.co.uk\/chat-popup\/\" class=\"qbutton white \" target=\"_self\" style=\"color: #ffffff;\" >Live chat<\/a><\/div><\/div><\/div><\/div>[\/vc_column_inner][\/vc_row_inner][\/vc_column][\/vc_row]<\/p>\n<\/div>","protected":false},"excerpt":{"rendered":"<p>[vc_row css_animation=&#8221;&#8221; row_type=&#8221;row&#8221; use_row_as_full_screen_section=&#8221;no&#8221; type=&#8221;full_width&#8221; angled_section=&#8221;no&#8221; text_align=&#8221;left&#8221; background_image_as_pattern=&#8221;without_pattern&#8221;][vc_column][vc_empty_space][vc_column_text] Vertaling Nederlands naar Deens [\/vc_column_text][vc_empty_space][\/vc_column][\/vc_row][vc_row css_animation=&#8221;&#8221; row_type=&#8221;row&#8221; use_row_as_full_screen_section=&#8221;no&#8221; type=&#8221;grid&#8221; angled_section=&#8221;no&#8221; text_align=&#8221;left&#8221; background_image_as_pattern=&#8221;without_pattern&#8221; z_index=&#8221;&#8221;][vc_column][vc_column_text] De Deense stijl is een prominente Scandinavische stijl, dankzij de fascinerende Deense geschiedenis van politieke autoriteit en macht. Het is een offici\u00eble taal van&#8230;<\/p>\n","protected":false},"author":1,"featured_media":24073,"parent":0,"menu_order":0,"comment_status":"closed","ping_status":"closed","template":"full_width.php","meta":{"_acf_changed":false,"footnotes":""},"class_list":["post-38583","page","type-page","status-publish","has-post-thumbnail","hentry"],"acf":[],"yoast_head":"<!-- This site is optimized with the Yoast SEO Premium plugin v26.5 (Yoast SEO v26.5) - https:\/\/yoast.com\/wordpress\/plugins\/seo\/ -->\n<title>Nederlands naar Deens Vertaalbureau | Dutch-Translation<\/title>\n<meta name=\"description\" content=\"Nederlands naar Deens vertalen bij DT wordt gedaan door gecertificeerde Deense vertalers die de taal en het belang van een professionele vertaling begrijpen.\" \/>\n<meta name=\"robots\" content=\"index, follow, max-snippet:-1, max-image-preview:large, max-video-preview:-1\" \/>\n<link rel=\"canonical\" href=\"https:\/\/www.dutchtrans.co.uk\/nl\/vertaaldienst-nederlands-naar-deens\/\" \/>\n<meta property=\"og:locale\" content=\"nl_NL\" \/>\n<meta property=\"og:type\" content=\"article\" \/>\n<meta property=\"og:title\" content=\"Vertaaldienst Nederlands naar Deens\" \/>\n<meta property=\"og:description\" content=\"Nederlands naar Deens vertalen bij DT wordt gedaan door gecertificeerde Deense vertalers die de taal en het belang van een professionele vertaling begrijpen.\" \/>\n<meta property=\"og:url\" content=\"https:\/\/www.dutchtrans.co.uk\/nl\/vertaaldienst-nederlands-naar-deens\/\" \/>\n<meta property=\"og:site_name\" content=\"Dutchtrans\" \/>\n<meta property=\"article:publisher\" content=\"https:\/\/www.facebook.com\/DutchTrans\" \/>\n<meta property=\"article:modified_time\" content=\"2023-06-07T12:23:37+00:00\" \/>\n<meta property=\"og:image\" content=\"https:\/\/www.dutchtrans.co.uk\/wp-content\/uploads\/2020\/05\/Dutch-to-Danish-Translation-Service.jpg\" \/>\n\t<meta property=\"og:image:width\" content=\"1921\" \/>\n\t<meta property=\"og:image:height\" content=\"601\" \/>\n\t<meta property=\"og:image:type\" content=\"image\/jpeg\" \/>\n<meta name=\"twitter:card\" content=\"summary_large_image\" \/>\n<meta name=\"twitter:site\" content=\"@DutchTrans\" \/>\n<meta name=\"twitter:label1\" content=\"Geschatte leestijd\" \/>\n\t<meta name=\"twitter:data1\" content=\"9 minuten\" \/>\n<!-- \/ Yoast SEO Premium plugin. -->","yoast_head_json":{"title":"Nederlands naar Deens Vertaalbureau | Dutch-Translation","description":"Nederlands naar Deens vertalen bij DT wordt gedaan door gecertificeerde Deense vertalers die de taal en het belang van een professionele vertaling begrijpen.","robots":{"index":"index","follow":"follow","max-snippet":"max-snippet:-1","max-image-preview":"max-image-preview:large","max-video-preview":"max-video-preview:-1"},"canonical":"https:\/\/www.dutchtrans.co.uk\/nl\/vertaaldienst-nederlands-naar-deens\/","og_locale":"nl_NL","og_type":"article","og_title":"Vertaaldienst Nederlands naar Deens","og_description":"Nederlands naar Deens vertalen bij DT wordt gedaan door gecertificeerde Deense vertalers die de taal en het belang van een professionele vertaling begrijpen.","og_url":"https:\/\/www.dutchtrans.co.uk\/nl\/vertaaldienst-nederlands-naar-deens\/","og_site_name":"Dutchtrans","article_publisher":"https:\/\/www.facebook.com\/DutchTrans","article_modified_time":"2023-06-07T12:23:37+00:00","og_image":[{"width":1921,"height":601,"url":"https:\/\/www.dutchtrans.co.uk\/wp-content\/uploads\/2020\/05\/Dutch-to-Danish-Translation-Service.jpg","type":"image\/jpeg"}],"twitter_card":"summary_large_image","twitter_site":"@DutchTrans","twitter_misc":{"Geschatte leestijd":"9 minuten"},"schema":{"@context":"https:\/\/schema.org","@graph":[{"@type":"WebPage","@id":"https:\/\/www.dutchtrans.co.uk\/nl\/vertaaldienst-nederlands-naar-deens\/","url":"https:\/\/www.dutchtrans.co.uk\/nl\/vertaaldienst-nederlands-naar-deens\/","name":"Nederlands naar Deens Vertaalbureau | Dutch-Translation","isPartOf":{"@id":"https:\/\/www.dutchtrans.co.uk\/nl\/#website"},"primaryImageOfPage":{"@id":"https:\/\/www.dutchtrans.co.uk\/nl\/vertaaldienst-nederlands-naar-deens\/#primaryimage"},"image":{"@id":"https:\/\/www.dutchtrans.co.uk\/nl\/vertaaldienst-nederlands-naar-deens\/#primaryimage"},"thumbnailUrl":"https:\/\/www.dutchtrans.co.uk\/wp-content\/uploads\/2020\/05\/Dutch-to-Danish-Translation-Service.jpg","datePublished":"2023-06-07T12:23:10+00:00","dateModified":"2023-06-07T12:23:37+00:00","description":"Nederlands naar Deens vertalen bij DT wordt gedaan door gecertificeerde Deense vertalers die de taal en het belang van een professionele vertaling begrijpen.","breadcrumb":{"@id":"https:\/\/www.dutchtrans.co.uk\/nl\/vertaaldienst-nederlands-naar-deens\/#breadcrumb"},"inLanguage":"nl-NL","potentialAction":[{"@type":"ReadAction","target":["https:\/\/www.dutchtrans.co.uk\/nl\/vertaaldienst-nederlands-naar-deens\/"]}]},{"@type":"ImageObject","inLanguage":"nl-NL","@id":"https:\/\/www.dutchtrans.co.uk\/nl\/vertaaldienst-nederlands-naar-deens\/#primaryimage","url":"https:\/\/www.dutchtrans.co.uk\/wp-content\/uploads\/2020\/05\/Dutch-to-Danish-Translation-Service.jpg","contentUrl":"https:\/\/www.dutchtrans.co.uk\/wp-content\/uploads\/2020\/05\/Dutch-to-Danish-Translation-Service.jpg","width":1921,"height":601,"caption":"Dutch to Danish Translation Service"},{"@type":"BreadcrumbList","@id":"https:\/\/www.dutchtrans.co.uk\/nl\/vertaaldienst-nederlands-naar-deens\/#breadcrumb","itemListElement":[{"@type":"ListItem","position":1,"name":"Home","item":"https:\/\/www.dutchtrans.co.uk\/nl\/home\/"},{"@type":"ListItem","position":2,"name":"Vertaaldienst Nederlands naar Deens"}]},{"@type":"WebSite","@id":"https:\/\/www.dutchtrans.co.uk\/nl\/#website","url":"https:\/\/www.dutchtrans.co.uk\/nl\/","name":"DutchTrans","description":"DutchTrans is a leading Dutch translation agency focusing on document and website translation, offering high quality Dutch to English translation services.","publisher":{"@id":"https:\/\/www.dutchtrans.co.uk\/nl\/#organization"},"potentialAction":[{"@type":"SearchAction","target":{"@type":"EntryPoint","urlTemplate":"https:\/\/www.dutchtrans.co.uk\/nl\/?s={search_term_string}"},"query-input":{"@type":"PropertyValueSpecification","valueRequired":true,"valueName":"search_term_string"}}],"inLanguage":"nl-NL"},{"@type":"Organization","@id":"https:\/\/www.dutchtrans.co.uk\/nl\/#organization","name":"DutchTrans - Translation Services","url":"https:\/\/www.dutchtrans.co.uk\/nl\/","logo":{"@type":"ImageObject","inLanguage":"nl-NL","@id":"https:\/\/www.dutchtrans.co.uk\/nl\/#\/schema\/logo\/image\/","url":"https:\/\/www.dutchtrans.co.uk\/wp-content\/uploads\/2015\/02\/DTlogo2.png","contentUrl":"https:\/\/www.dutchtrans.co.uk\/wp-content\/uploads\/2015\/02\/DTlogo2.png","width":197,"height":170,"caption":"DutchTrans - Translation Services"},"image":{"@id":"https:\/\/www.dutchtrans.co.uk\/nl\/#\/schema\/logo\/image\/"},"sameAs":["https:\/\/www.facebook.com\/DutchTrans","https:\/\/x.com\/DutchTrans","https:\/\/www.instagram.com\/DutchtransUK","https:\/\/www.linkedin.com\/company\/dutchtrans-co-uk","https:\/\/www.pinterest.com\/dutchtrans","https:\/\/www.youtube.com\/c\/DutchtransCoUk"]}]}},"_links":{"self":[{"href":"https:\/\/www.dutchtrans.co.uk\/nl\/wp-json\/wp\/v2\/pages\/38583","targetHints":{"allow":["GET"]}}],"collection":[{"href":"https:\/\/www.dutchtrans.co.uk\/nl\/wp-json\/wp\/v2\/pages"}],"about":[{"href":"https:\/\/www.dutchtrans.co.uk\/nl\/wp-json\/wp\/v2\/types\/page"}],"author":[{"embeddable":true,"href":"https:\/\/www.dutchtrans.co.uk\/nl\/wp-json\/wp\/v2\/users\/1"}],"replies":[{"embeddable":true,"href":"https:\/\/www.dutchtrans.co.uk\/nl\/wp-json\/wp\/v2\/comments?post=38583"}],"version-history":[{"count":3,"href":"https:\/\/www.dutchtrans.co.uk\/nl\/wp-json\/wp\/v2\/pages\/38583\/revisions"}],"predecessor-version":[{"id":38586,"href":"https:\/\/www.dutchtrans.co.uk\/nl\/wp-json\/wp\/v2\/pages\/38583\/revisions\/38586"}],"wp:featuredmedia":[{"embeddable":true,"href":"https:\/\/www.dutchtrans.co.uk\/nl\/wp-json\/wp\/v2\/media\/24073"}],"wp:attachment":[{"href":"https:\/\/www.dutchtrans.co.uk\/nl\/wp-json\/wp\/v2\/media?parent=38583"}],"curies":[{"name":"wp","href":"https:\/\/api.w.org\/{rel}","templated":true}]}}