{"id":38593,"date":"2023-06-07T12:35:40","date_gmt":"2023-06-07T12:35:40","guid":{"rendered":"https:\/\/www.dutchtrans.co.uk\/vertaling-nederlands-naar-frans\/"},"modified":"2024-09-01T11:22:23","modified_gmt":"2024-09-01T11:22:23","slug":"vertaling-nederlands-naar-frans","status":"publish","type":"page","link":"https:\/\/www.dutchtrans.co.uk\/nl\/vertaling-nederlands-naar-frans\/","title":{"rendered":"Vertaling Nederlands naar Frans"},"content":{"rendered":"<div class=\"wpb-content-wrapper\"><p>[vc_row css_animation=&#8221;&#8221; row_type=&#8221;row&#8221; use_row_as_full_screen_section=&#8221;no&#8221; type=&#8221;grid&#8221; angled_section=&#8221;no&#8221; text_align=&#8221;left&#8221; background_image_as_pattern=&#8221;without_pattern&#8221;][vc_column][vc_empty_space][vc_column_text]<\/p>\n<h1 style=\"text-align: center; color: #36539d;\">Vertaaldiensten Nederlands naar Frans<\/h1>\n<p>[\/vc_column_text][vc_empty_space][vc_column_text]<\/p>\n<p style=\"text-align: center;\">Als u zeer nauwkeurige vertaaldiensten Nederlands naar Frans of vertalingen van elke taal naar het Frans nodig hebt, is DutchTrans er om u te helpen. Als vertaalbedrijf in Londen hebben we de benodigde middelen om te vertalen van en naar elke taal, inclusief Frans, en we doen het tegen een prijs die betaalbaar is, zelfs als je budget krap is!<\/p>\n<p>[\/vc_column_text][vc_empty_space][\/vc_column][\/vc_row][vc_row css_animation=&#8221;&#8221; row_type=&#8221;row&#8221; use_row_as_full_screen_section=&#8221;no&#8221; type=&#8221;grid&#8221; angled_section=&#8221;no&#8221; text_align=&#8221;left&#8221; background_image_as_pattern=&#8221;without_pattern&#8221;][vc_column width=&#8221;1\/3&#8243;][vc_empty_space][vc_single_image image=&#8221;13817&#8243; img_size=&#8221;&#8221; alignment=&#8221;center&#8221; qode_css_animation=&#8221;&#8221;][vc_empty_space][\/vc_column][vc_column width=&#8221;2\/3&#8243;][vc_empty_space][vc_column_text]<\/p>\n<h3 style=\"text-align: center; color: #36539d;\">Niet alleen Nederlands naar Frans vertaaldiensten<\/h3>\n<p>Frankrijk is erkend als de op twee na grootste interneteconomie in Europa, met naar verwachting een gestage groei voor de komende jaren. Het heeft een groeiende en geavanceerde e-commercemarkt en sluit koop- en verkoopverbindingen met verschillende gebieden over de hele wereld. Londen heeft een van de hoogste internetgebruiksniveaus ter wereld, naast een hoog besteedbaar inkomen, en Belgi\u00eb, waar de hoofdstad van Europa is gevestigd, heeft een internetpenetratie van 48%.<\/p>\n<p>Dit alles wijst erop dat Frans een onmisbare Europese taal is. Bij DutchTrans kennen we de Franse taal door en door.<\/p>\n<p> Met een pool van uitstekende en deskundige Franse vertalers die het hele scala van industrie\u00ebn bestrijken, van medisch tot onderwijs, kunnen we snelle en kwalitatief hoogstaande Nederlands naar Frans vertaaldiensten leveren tegen geweldige prijzen.<\/p>\n<p>Nederlands wordt regelmatig vertaald naar het Frans vanwege de enorme buitenlandse handel en marktverdeling tussen Nederlandstalige en Franstalige bedrijven, en de grote vraag naar Nederlandse producten in Franstalige landen. DutchTrans levert echter Nederlands naar Frans vertaaldiensten voor veel andere soorten documenten dan deze paar voorbeelden voor het bedrijfsleven. Van huwelijksakten en eigendomstitels en -akten, juridische documenten, vergunningen en visa, tot schoolboeken en Franse literatuur, DutchTrans heeft al deze vertalingen uitgevoerd, en nog veel meer. Of je nu Franse documentvertalingen nodig hebt voor je investeringsverklaringen of zakelijke voorstellen, wij kunnen je Europese Franse, Afrikaanse Franse en Canadese Franse vertalingen bieden voor elk document en voor elke reden of elk doel.[\/vc_column_text][vc_empty_space][\/vc_column][\/vc_row][vc_row css_animation=&#8221;&#8221; row_type=&#8221;row&#8221; use_row_as_full_screen_section=&#8221;no&#8221; type=&#8221;grid&#8221; angled_section=&#8221;no&#8221; text_align=&#8221;left&#8221; background_image_as_pattern=&#8221;without_pattern&#8221;][vc_column][vc_empty_space][vc_column_text]<\/p>\n<h3 style=\"text-align: center; color: #36539d;\">Je kunt altijd op ons rekenen voor<\/h3>\n<p>[\/vc_column_text][vc_empty_space][\/vc_column][\/vc_row][vc_row css_animation=&#8221;&#8221; row_type=&#8221;row&#8221; use_row_as_full_screen_section=&#8221;no&#8221; type=&#8221;grid&#8221; angled_section=&#8221;no&#8221; text_align=&#8221;left&#8221; background_image_as_pattern=&#8221;without_pattern&#8221;][vc_column width=&#8221;1\/3&#8243; el_class=&#8221;border_Div&#8221;][vc_single_image image=&#8221;13827&#8243; img_size=&#8221;large&#8221; alignment=&#8221;center&#8221; qode_css_animation=&#8221;&#8221; title=&#8221;Nauwkeurige Franse vertaling&#8221;][vc_column_text]<\/p>\n<p style=\"text-align: center;\">Als je Franse vertaaldiensten nodig hebt tegen betaalbare tarieven en niet zomaar iedereen vertrouwt om voor je te vertalen, kom dan naar DutchTrans. Onze kantoren zijn gemakkelijk te bereiken, maar als je er niet heen kunt, kun je gewoon online bestellen en krijg je dezelfde topservice als wanneer je onze kantoren bezoekt.<\/p>\n<p>[\/vc_column_text][\/vc_column][vc_column width=&#8221;1\/3&#8243; el_class=&#8221;border_Div&#8221;][vc_single_image image=&#8221;13836&#8243; img_size=&#8221;large&#8221; alignment=&#8221;center&#8221; qode_css_animation=&#8221;&#8221; title=&#8221;Frans naar Engels vertaling&#8221;][vc_column_text]<\/p>\n<p style=\"text-align: center;\">Een vertaling van het Frans naar het Engels is waarschijnlijk een van de meest gezochte vertalingen in de EU. Franse en Britse bedrijven onderhouden uitstekende relaties en daarvoor is een nauwkeurige vertaling nodig. Neem contact op en geniet van nauwkeurige vertalingen en uitstekende klantenondersteuning tegen lage tarieven.<\/p>\n<p>[\/vc_column_text][\/vc_column][vc_column width=&#8221;1\/3&#8243; el_class=&#8221;border_Div&#8221;][vc_single_image image=&#8221;13845&#8243; img_size=&#8221;150&#215;150&#8243; alignment=&#8221;center&#8221; qode_css_animation=&#8221;&#8221; title=&#8221;Vertaling voor immigratie&#8221;][vc_column_text]<\/p>\n<p style=\"text-align: center;\">Overal in Londen vind je Franstalige mensen, immigranten die naar het Verenigd Koninkrijk zijn gekomen in de hoop op een beter leven. Ze hebben allemaal vertalingen nodig voor immigratie en bij ons krijgen ze vertalingen met gegarandeerde acceptatie bij de immigratiekantoren in het Verenigd Koninkrijk, tegen de laagste prijzen die in Londen te vinden zijn.<\/p>\n<p>[\/vc_column_text][\/vc_column][\/vc_row][vc_row css_animation=&#8221;&#8221; row_type=&#8221;row&#8221; use_row_as_full_screen_section=&#8221;yes&#8221; type=&#8221;full_width&#8221; angled_section=&#8221;no&#8221; text_align=&#8221;left&#8221; background_image_as_pattern=&#8221;without_pattern&#8221; el_class=&#8221;callaction&#8221;][vc_column][vc_empty_space][vc_row_inner row_type=&#8221;row&#8221; type=&#8221;full_width&#8221; text_align=&#8221;left&#8221; css_animation=&#8221;&#8221;][vc_column_inner]<div class=\"call_to_action normal\" style=\"background-color: #6fbe44;\"><div class=\"container_inner\"><div class=\"two_columns_75_25 clearfix\"><div class=\"text_wrapper column1\"><div class=\"call_to_action_text  font_size_inherit font_weight_inherit\" style=\"font-size:24px;font-weight: 700;\">OFFERTE VOOR VERTALING NODIG? GEBRUIK ONZE 5-MINUTEN OFFERTE TOOL<\/div><\/div><div class=\"button_wrapper column2\"><a itemprop=\"url\" href=\"https:\/\/www.dutchtrans.co.uk\/dutch-translation-quote\/\" class=\"qbutton white \" target=\"_self\" style=\"color: #ffffff;border-color: #ffffff;\" data-hover-background-color=#ffffff data-hover-border-color=#ffffff data-hover-color=#a2a2a2>Klik hier<\/a><\/div><\/div><\/div><\/div>[\/vc_column_inner][\/vc_row_inner][vc_empty_space][\/vc_column][\/vc_row][vc_row css_animation=&#8221;&#8221; row_type=&#8221;row&#8221; use_row_as_full_screen_section=&#8221;no&#8221; type=&#8221;grid&#8221; angled_section=&#8221;no&#8221; text_align=&#8221;left&#8221; background_image_as_pattern=&#8221;without_pattern&#8221;][vc_column][vc_empty_space][\/vc_column][\/vc_row][vc_row css_animation=&#8221;&#8221; row_type=&#8221;row&#8221; use_row_as_full_screen_section=&#8221;no&#8221; type=&#8221;grid&#8221; angled_section=&#8221;no&#8221; text_align=&#8221;left&#8221; background_image_as_pattern=&#8221;without_pattern&#8221;][vc_column width=&#8221;2\/3&#8243;][vc_empty_space][vc_column_text]<\/p>\n<h3 style=\"text-align: center; color: #36539d;\">Nederlands naar Frans vertaling en lokalisatie<\/h3>\n<p>Nederlandse bedrijven die de Franse markt willen aanboren, hebben niet alleen gewone vertalingen nodig, maar ook lokalisatie voor hun documenten en websites. Daar kunnen we ook bij helpen.<\/p>\n<h5 style=\"color: #36539d; text-align: left;\">Lokalisatie Frans<\/h5>\n<p>De manier waarop Frans in verschillende plaatsen wordt geschreven en gesproken, verschilt van plaats tot plaats en wordt in grote mate bepaald door de lokale gewoonten en cultuur, de historische evolutie en de invloed van andere talen die in dat land of gebied worden gesproken. Als we van het Nederlands naar het Frans vertalen, moet het Franse lokalisatieproces met al deze elementen rekening houden.<\/p>\n<p> Dezelfde kennis en hetzelfde bewustzijn zijn essentieel in het omgekeerde proces wanneer we van het Frans naar het Nederlands vertalen.<\/p>\n<p> Dat aspect van de vertaalpraktijk is een cruciaal onderdeel van het proces en vereist adequate en ervaren Franse vertalers.<\/p>\n<h5 style=\"color: #36539d; text-align: left;\">Websitevertaling Nederlands-Frans<\/h5>\n<p>Bij het vertalen van een website van het Nederlands naar het Frans spelen veel factoren een rol. Er moet rekening worden gehouden met de opmaak van broncode, tekst in afbeeldingen en vele andere kleine details. Daarom heeft DutchTrans ervaren IT-experts die altijd beschikbaar zijn voor overleg en om ervoor te zorgen dat uw Franse websitevertaling volgens de hoogste standaard wordt uitgevoerd.[\/vc_column_text][vc_empty_space][\/vc_column][vc_column width=&#8221;1\/3&#8243;][vc_empty_space][vc_single_image image=&#8221;13858&#8243; img_size=&#8221;&#8221; alignment=&#8221;center&#8221; qode_css_animation=&#8221;&#8221;][vc_empty_space][\/vc_column][\/vc_row][vc_row css_animation=&#8221;&#8221; row_type=&#8221;row&#8221; use_row_as_full_screen_section=&#8221;no&#8221; type=&#8221;grid&#8221; angled_section=&#8221;no&#8221; text_align=&#8221;left&#8221; background_image_as_pattern=&#8221;without_pattern&#8221;][vc_column width=&#8221;1\/2&#8243; el_class=&#8221;border_Div&#8221;][vc_column_text]<\/p>\n<h5 style=\"text-align: center; color: #36539d;\">Documentvertaling Nederlands naar Frans<\/h5>\n<p>Er is een breed scala aan documenten die van het Nederlands naar het Frans vertaald kunnen worden, voor verschillende doeleinden. In de vele jaren dat we nu actief zijn, is DutchTrans nog nooit Nederlandse content tegengekomen die we niet voor onze klanten naar het Frans konden vertalen. Enkele van deze documenten staan hier opgesomd: gebruikershandleidingen, technische beschrijvingen, contracten, medische rapporten en nog veel meer.[\/vc_column_text][\/vc_column][vc_column width=&#8221;1\/2&#8243; el_class=&#8221;border_Div&#8221;][vc_column_text]<\/p>\n<h5 style=\"text-align: center; color: #36539d;\">Technische vertaling Nederlands-Frans<\/h5>\n<p>Een technische vertaling is een vertaling van een document of tekst waarvan het onderwerp complex is of erg gespecialiseerd in een bepaald thema, een bepaalde sector of specialiteit. Nederlands naar Frans Technische vertalingen geleverd door DutchTrans vertalers zijn altijd van de hoogste standaard en altijd uitgevoerd door native Franse vertalers.[\/vc_column_text][\/vc_column][\/vc_row][vc_row css_animation=&#8221;&#8221; row_type=&#8221;row&#8221; use_row_as_full_screen_section=&#8221;no&#8221; type=&#8221;grid&#8221; angled_section=&#8221;no&#8221; text_align=&#8221;left&#8221; background_image_as_pattern=&#8221;without_pattern&#8221;][vc_column][vc_empty_space][\/vc_column][\/vc_row][vc_row css_animation=&#8221;&#8221; row_type=&#8221;row&#8221; use_row_as_full_screen_section=&#8221;no&#8221; type=&#8221;grid&#8221; angled_section=&#8221;no&#8221; text_align=&#8221;left&#8221; background_image_as_pattern=&#8221;without_pattern&#8221;][vc_column width=&#8221;1\/2&#8243; el_class=&#8221;border_Div&#8221;][vc_column_text]<\/p>\n<h5 style=\"text-align: center; color: #36539d;\">Frans naar Engels Gecertificeerde vertaling<\/h5>\n<p>Er zijn veel gevallen waarin een <a href=\"https:\/\/www.dutchtrans.co.uk\/nl\/uk-gecertificeerde-vertaling\/\">be\u00ebdigde vertaling<\/a> Frans-Engels nodig is, en DutchTrans heeft een deskundig team van be\u00ebdigde vertalers in Londen en in het hele Verenigd Koninkrijk klaarstaan om u te helpen. Als je een gecertificeerd document nodig hebt, of het nu een geboorteakte, politiedocument of ander officieel document is, kunnen wij je helpen.[\/vc_column_text][\/vc_column][vc_column width=&#8221;1\/2&#8243; el_class=&#8221;border_Div&#8221;][vc_column_text]<\/p>\n<h5 style=\"text-align: center; color: #36539d;\">Vertalingen van certificaten van Frans naar Engels<\/h5>\n<p>Certificaatvertalingen van het Frans naar het Engels zijn offici\u00eble vertalingen, meestal gecertificeerd of be\u00ebdigd, waaronder geboorteakten, huwelijksakten, overlijdensakten en nog veel meer. DutchTrans heeft native Franse vertalers met ervaring in certificaatvertalingen en de bijbehorende opmaak.[\/vc_column_text][\/vc_column][\/vc_row][vc_row css_animation=&#8221;&#8221; row_type=&#8221;row&#8221; use_row_as_full_screen_section=&#8221;no&#8221; type=&#8221;grid&#8221; angled_section=&#8221;no&#8221; text_align=&#8221;left&#8221; background_image_as_pattern=&#8221;without_pattern&#8221;][vc_column][vc_empty_space][\/vc_column][\/vc_row][vc_row css_animation=&#8221;&#8221; row_type=&#8221;row&#8221; use_row_as_full_screen_section=&#8221;no&#8221; type=&#8221;grid&#8221; angled_section=&#8221;no&#8221; text_align=&#8221;left&#8221; background_image_as_pattern=&#8221;without_pattern&#8221;][vc_column el_class=&#8221;border_Div&#8221;][vc_column_text]<\/p>\n<h3 style=\"text-align: center; color: #36539d;\">Wereldwijde vertaaldiensten Nederlands naar Frans<\/h3>\n<p>Interessante feiten over Frans:<\/p>\n<ul>\n<li>265 miljoen mensen in de wereld spreken Frans.<\/li>\n<li>Frans is de offici\u00eble taal van 22 landen en deelt ook eer met andere talen in landen als Canada, Zwitserland, Belgi\u00eb, Madagaskar en Ha\u00efti.<\/li>\n<li>Het wordt gesproken door 2 miljoen mensen in de VS, in Louisiana en New England.<\/li>\n<li>Het is na Engels de meest bestudeerde vreemde taal ter wereld.<\/li>\n<li>In Europa moeten de meeste producten en diensten in het Nederlands en in het Frans worden ge\u00ebtiketteerd.\n<\/li>\n<\/ul>\n<p>Met onze pool van meer dan 3.000 vertalers kunnen we iemand inzetten met niet alleen de taalervaring die je nodig hebt, maar ook de vakkennis die je zoekt. We hebben unieke systemen om snel de juiste persoon voor de klus te kiezen, zodat je een vertaalde inhoud hebt die zich rechtstreeks richt tot je Franse publiek en zakelijke klanten. Vertel ons gewoon wat je nodig hebt en wij zoeken de ideale vertaler voor jouw inhoud.<\/p>\n<p>Onze Franse vertalers hebben industriespecifieke vaardigheden en kennis. Als je een aanzienlijke uitstekende of technische Franse vertaling nodig hebt, zullen we verschillende vertalers inzetten om je document te vertalen, te redigeren en te proeflezen. We leveren uitgebreide Franse vertaaldiensten aan een wereldwijd klantenbestand, dus u kunt er zeker van zijn dat onze vertaaldienst de meest professionele is die u kunt vinden en dat onze vertaaltarieven de laagste zijn. Begin met het ontvangen van een gratis offerte of maak verbinding met onze live chat voor een gratis consult.[\/vc_column_text][\/vc_column][\/vc_row][vc_row css_animation=&#8221;&#8221; row_type=&#8221;row&#8221; use_row_as_full_screen_section=&#8221;no&#8221; type=&#8221;grid&#8221; angled_section=&#8221;no&#8221; text_align=&#8221;left&#8221; background_image_as_pattern=&#8221;without_pattern&#8221;][vc_column][vc_empty_space][\/vc_column][\/vc_row][vc_row css_animation=&#8221;&#8221; row_type=&#8221;row&#8221; use_row_as_full_screen_section=&#8221;no&#8221; type=&#8221;grid&#8221; angled_section=&#8221;no&#8221; text_align=&#8221;left&#8221; background_image_as_pattern=&#8221;without_pattern&#8221;][vc_column][vc_empty_space][vc_column_text]<\/p>\n<p style=\"text-align: center;\">Nederlands naar Frans vertaaldiensten zijn niet gemakkelijk te krijgen, terwijl vertalen van en naar het Frans gebruikelijker is. Wij bieden beide, en bij ons krijg je niets anders dan de beste vertaalservice en ondersteuning zonder dat je er extra voor hoeft te betalen.<\/p>\n<p>[\/vc_column_text][\/vc_column][\/vc_row][vc_row css_animation=&#8221;&#8221; row_type=&#8221;row&#8221; use_row_as_full_screen_section=&#8221;no&#8221; type=&#8221;grid&#8221; angled_section=&#8221;no&#8221; text_align=&#8221;left&#8221; background_image_as_pattern=&#8221;without_pattern&#8221;][vc_column][vc_empty_space][\/vc_column][\/vc_row][vc_row css_animation=&#8221;&#8221; row_type=&#8221;row&#8221; use_row_as_full_screen_section=&#8221;no&#8221; type=&#8221;grid&#8221; angled_section=&#8221;no&#8221; text_align=&#8221;left&#8221; background_image_as_pattern=&#8221;without_pattern&#8221; css=&#8221;.vc_custom_1473098385290{background-color: #9899cb !important;}&#8221;][vc_column][vc_row_inner row_type=&#8221;row&#8221; type=&#8221;full_width&#8221; text_align=&#8221;left&#8221; css_animation=&#8221;&#8221;][vc_column_inner]<div class=\"call_to_action normal\" style=\"background-color: #9899cb;\"><div class=\"container_inner\"><div class=\"two_columns_75_25 clearfix\"><div class=\"text_wrapper column1\"><div class=\"call_to_action_text  font_size_inherit font_weight_inherit\" style=\"font-size:24px;font-weight: 700;\"><span style=\"color: #ffffff; text-align: center;\">NEEM OP ELK MOMENT CONTACT MET ONS OP MET UW VRAGEN<\/span><\/div><\/div><div class=\"button_wrapper column2\"><a itemprop=\"url\" href=\"https:\/\/www.dutchtrans.co.uk\/chat-popup\/\" class=\"qbutton white \" target=\"_self\" style=\"color: #ffffff;\" >Live chat<\/a><\/div><\/div><\/div><\/div>[\/vc_column_inner][\/vc_row_inner][\/vc_column][\/vc_row][vc_row css_animation=&#8221;&#8221; row_type=&#8221;row&#8221; use_row_as_full_screen_section=&#8221;no&#8221; type=&#8221;grid&#8221; angled_section=&#8221;no&#8221; text_align=&#8221;left&#8221; background_image_as_pattern=&#8221;without_pattern&#8221;][vc_column][vc_empty_space][\/vc_column][\/vc_row]<\/p>\n<\/div>","protected":false},"excerpt":{"rendered":"<p>[vc_row css_animation=&#8221;&#8221; row_type=&#8221;row&#8221; use_row_as_full_screen_section=&#8221;no&#8221; type=&#8221;grid&#8221; angled_section=&#8221;no&#8221; text_align=&#8221;left&#8221; background_image_as_pattern=&#8221;without_pattern&#8221;][vc_column][vc_empty_space][vc_column_text] Vertaaldiensten Nederlands naar Frans [\/vc_column_text][vc_empty_space][vc_column_text] Als u zeer nauwkeurige vertaaldiensten Nederlands naar Frans of vertalingen van elke taal naar het Frans nodig hebt, is DutchTrans er om u te helpen. Als vertaalbedrijf in Londen hebben we de&#8230;<\/p>\n","protected":false},"author":1,"featured_media":13808,"parent":0,"menu_order":0,"comment_status":"closed","ping_status":"closed","template":"full_width.php","meta":{"_acf_changed":false,"footnotes":""},"class_list":["post-38593","page","type-page","status-publish","has-post-thumbnail","hentry"],"acf":[],"yoast_head":"<!-- This site is optimized with the Yoast SEO Premium plugin v26.5 (Yoast SEO v26.5) - https:\/\/yoast.com\/wordpress\/plugins\/seo\/ -->\n<title>Vertaaldiensten Nederlands naar Frans - Nauwkeurig - Goedkoop<\/title>\n<meta name=\"description\" content=\"Als u zeer nauwkeurige Nederlands naar Frans vertaaldiensten nodig hebt of vertalingen van elke taal naar het Frans tegen lage tarieven, DutchTrans is er om u 24\/7 te helpen\" \/>\n<meta name=\"robots\" content=\"index, follow, max-snippet:-1, max-image-preview:large, max-video-preview:-1\" \/>\n<link rel=\"canonical\" href=\"https:\/\/www.dutchtrans.co.uk\/nl\/vertaling-nederlands-naar-frans\/\" \/>\n<meta property=\"og:locale\" content=\"nl_NL\" \/>\n<meta property=\"og:type\" content=\"article\" \/>\n<meta property=\"og:title\" content=\"Vertaaldiensten Nederlands naar Frans - Nauwkeurig - Goedkoop - 24\/7 Ondersteuning\" \/>\n<meta property=\"og:description\" content=\"Als u zeer nauwkeurige Nederlands naar Frans vertaaldiensten nodig hebt of vertalingen van elke taal naar het Frans tegen lage tarieven, DutchTrans is er om u 24\/7 te helpen\" \/>\n<meta property=\"og:url\" content=\"https:\/\/www.dutchtrans.co.uk\/nl\/vertaling-nederlands-naar-frans\/\" \/>\n<meta property=\"og:site_name\" content=\"Dutchtrans\" \/>\n<meta property=\"article:publisher\" content=\"https:\/\/www.facebook.com\/DutchTrans\" \/>\n<meta property=\"article:modified_time\" content=\"2024-09-01T11:22:23+00:00\" \/>\n<meta property=\"og:image\" content=\"https:\/\/www.dutchtrans.co.uk\/wp-content\/uploads\/2018\/11\/Dutch-to-French-translation-services.png\" \/>\n<meta name=\"twitter:card\" content=\"summary_large_image\" \/>\n<meta name=\"twitter:title\" content=\"Vertaling Nederlands naar Frans\" \/>\n<meta name=\"twitter:site\" content=\"@DutchTrans\" \/>\n<meta name=\"twitter:label1\" content=\"Geschatte leestijd\" \/>\n\t<meta name=\"twitter:data1\" content=\"7 minuten\" \/>\n<!-- \/ Yoast SEO Premium plugin. -->","yoast_head_json":{"title":"Vertaaldiensten Nederlands naar Frans - Nauwkeurig - Goedkoop","description":"Als u zeer nauwkeurige Nederlands naar Frans vertaaldiensten nodig hebt of vertalingen van elke taal naar het Frans tegen lage tarieven, DutchTrans is er om u 24\/7 te helpen","robots":{"index":"index","follow":"follow","max-snippet":"max-snippet:-1","max-image-preview":"max-image-preview:large","max-video-preview":"max-video-preview:-1"},"canonical":"https:\/\/www.dutchtrans.co.uk\/nl\/vertaling-nederlands-naar-frans\/","og_locale":"nl_NL","og_type":"article","og_title":"Vertaaldiensten Nederlands naar Frans - Nauwkeurig - Goedkoop - 24\/7 Ondersteuning","og_description":"Als u zeer nauwkeurige Nederlands naar Frans vertaaldiensten nodig hebt of vertalingen van elke taal naar het Frans tegen lage tarieven, DutchTrans is er om u 24\/7 te helpen","og_url":"https:\/\/www.dutchtrans.co.uk\/nl\/vertaling-nederlands-naar-frans\/","og_site_name":"Dutchtrans","article_publisher":"https:\/\/www.facebook.com\/DutchTrans","article_modified_time":"2024-09-01T11:22:23+00:00","og_image":[{"url":"https:\/\/www.dutchtrans.co.uk\/wp-content\/uploads\/2018\/11\/Dutch-to-French-translation-services.png","type":"","width":"","height":""}],"twitter_card":"summary_large_image","twitter_title":"Vertaling Nederlands naar Frans","twitter_site":"@DutchTrans","twitter_misc":{"Geschatte leestijd":"7 minuten"},"schema":{"@context":"https:\/\/schema.org","@graph":[{"@type":"WebPage","@id":"https:\/\/www.dutchtrans.co.uk\/nl\/vertaling-nederlands-naar-frans\/","url":"https:\/\/www.dutchtrans.co.uk\/nl\/vertaling-nederlands-naar-frans\/","name":"Vertaaldiensten Nederlands naar Frans - Nauwkeurig - Goedkoop","isPartOf":{"@id":"https:\/\/www.dutchtrans.co.uk\/nl\/#website"},"primaryImageOfPage":{"@id":"https:\/\/www.dutchtrans.co.uk\/nl\/vertaling-nederlands-naar-frans\/#primaryimage"},"image":{"@id":"https:\/\/www.dutchtrans.co.uk\/nl\/vertaling-nederlands-naar-frans\/#primaryimage"},"thumbnailUrl":"https:\/\/www.dutchtrans.co.uk\/wp-content\/uploads\/2018\/11\/Dutch-to-French-translation-services.png","datePublished":"2023-06-07T12:35:40+00:00","dateModified":"2024-09-01T11:22:23+00:00","description":"Als u zeer nauwkeurige Nederlands naar Frans vertaaldiensten nodig hebt of vertalingen van elke taal naar het Frans tegen lage tarieven, DutchTrans is er om u 24\/7 te helpen","breadcrumb":{"@id":"https:\/\/www.dutchtrans.co.uk\/nl\/vertaling-nederlands-naar-frans\/#breadcrumb"},"inLanguage":"nl-NL","potentialAction":[{"@type":"ReadAction","target":["https:\/\/www.dutchtrans.co.uk\/nl\/vertaling-nederlands-naar-frans\/"]}]},{"@type":"ImageObject","inLanguage":"nl-NL","@id":"https:\/\/www.dutchtrans.co.uk\/nl\/vertaling-nederlands-naar-frans\/#primaryimage","url":"https:\/\/www.dutchtrans.co.uk\/wp-content\/uploads\/2018\/11\/Dutch-to-French-translation-services.png","contentUrl":"https:\/\/www.dutchtrans.co.uk\/wp-content\/uploads\/2018\/11\/Dutch-to-French-translation-services.png","width":1920,"height":500,"caption":"Dutch to French translation services"},{"@type":"BreadcrumbList","@id":"https:\/\/www.dutchtrans.co.uk\/nl\/vertaling-nederlands-naar-frans\/#breadcrumb","itemListElement":[{"@type":"ListItem","position":1,"name":"Home","item":"https:\/\/www.dutchtrans.co.uk\/nl\/home\/"},{"@type":"ListItem","position":2,"name":"Vertaling Nederlands naar Frans"}]},{"@type":"WebSite","@id":"https:\/\/www.dutchtrans.co.uk\/nl\/#website","url":"https:\/\/www.dutchtrans.co.uk\/nl\/","name":"DutchTrans","description":"DutchTrans is a leading Dutch translation agency focusing on document and website translation, offering high quality Dutch to English translation services.","publisher":{"@id":"https:\/\/www.dutchtrans.co.uk\/nl\/#organization"},"potentialAction":[{"@type":"SearchAction","target":{"@type":"EntryPoint","urlTemplate":"https:\/\/www.dutchtrans.co.uk\/nl\/?s={search_term_string}"},"query-input":{"@type":"PropertyValueSpecification","valueRequired":true,"valueName":"search_term_string"}}],"inLanguage":"nl-NL"},{"@type":"Organization","@id":"https:\/\/www.dutchtrans.co.uk\/nl\/#organization","name":"DutchTrans - Translation Services","url":"https:\/\/www.dutchtrans.co.uk\/nl\/","logo":{"@type":"ImageObject","inLanguage":"nl-NL","@id":"https:\/\/www.dutchtrans.co.uk\/nl\/#\/schema\/logo\/image\/","url":"https:\/\/www.dutchtrans.co.uk\/wp-content\/uploads\/2015\/02\/DTlogo2.png","contentUrl":"https:\/\/www.dutchtrans.co.uk\/wp-content\/uploads\/2015\/02\/DTlogo2.png","width":197,"height":170,"caption":"DutchTrans - Translation Services"},"image":{"@id":"https:\/\/www.dutchtrans.co.uk\/nl\/#\/schema\/logo\/image\/"},"sameAs":["https:\/\/www.facebook.com\/DutchTrans","https:\/\/x.com\/DutchTrans","https:\/\/www.instagram.com\/DutchtransUK","https:\/\/www.linkedin.com\/company\/dutchtrans-co-uk","https:\/\/www.pinterest.com\/dutchtrans","https:\/\/www.youtube.com\/c\/DutchtransCoUk"]}]}},"_links":{"self":[{"href":"https:\/\/www.dutchtrans.co.uk\/nl\/wp-json\/wp\/v2\/pages\/38593","targetHints":{"allow":["GET"]}}],"collection":[{"href":"https:\/\/www.dutchtrans.co.uk\/nl\/wp-json\/wp\/v2\/pages"}],"about":[{"href":"https:\/\/www.dutchtrans.co.uk\/nl\/wp-json\/wp\/v2\/types\/page"}],"author":[{"embeddable":true,"href":"https:\/\/www.dutchtrans.co.uk\/nl\/wp-json\/wp\/v2\/users\/1"}],"replies":[{"embeddable":true,"href":"https:\/\/www.dutchtrans.co.uk\/nl\/wp-json\/wp\/v2\/comments?post=38593"}],"version-history":[{"count":5,"href":"https:\/\/www.dutchtrans.co.uk\/nl\/wp-json\/wp\/v2\/pages\/38593\/revisions"}],"predecessor-version":[{"id":42973,"href":"https:\/\/www.dutchtrans.co.uk\/nl\/wp-json\/wp\/v2\/pages\/38593\/revisions\/42973"}],"wp:featuredmedia":[{"embeddable":true,"href":"https:\/\/www.dutchtrans.co.uk\/nl\/wp-json\/wp\/v2\/media\/13808"}],"wp:attachment":[{"href":"https:\/\/www.dutchtrans.co.uk\/nl\/wp-json\/wp\/v2\/media?parent=38593"}],"curies":[{"name":"wp","href":"https:\/\/api.w.org\/{rel}","templated":true}]}}