{"id":38648,"date":"2023-06-07T14:18:26","date_gmt":"2023-06-07T14:18:26","guid":{"rendered":"https:\/\/www.dutchtrans.co.uk\/onze-talen\/nederlands-naar-urdu-vertaling\/"},"modified":"2023-10-11T09:17:01","modified_gmt":"2023-10-11T09:17:01","slug":"nederlands-naar-urdu-vertaling","status":"publish","type":"page","link":"https:\/\/www.dutchtrans.co.uk\/nl\/nederlands-naar-urdu-vertaling\/","title":{"rendered":"Nederlands naar Urdu vertaling"},"content":{"rendered":"<div class=\"wpb-content-wrapper\"><p>[vc_row css_animation=&#8221;&#8221; row_type=&#8221;row&#8221; use_row_as_full_screen_section=&#8221;no&#8221; type=&#8221;full_width&#8221; angled_section=&#8221;no&#8221; text_align=&#8221;left&#8221; background_image_as_pattern=&#8221;without_pattern&#8221;][vc_column][vc_empty_space][vc_column_text]<\/p>\n<h1 style=\"text-align: center; color: #36539d;\">Nederlands naar Urdu vertaling<\/h1>\n<p>[\/vc_column_text][vc_empty_space][\/vc_column][\/vc_row][vc_row css_animation=&#8221;&#8221; row_type=&#8221;row&#8221; use_row_as_full_screen_section=&#8221;no&#8221; type=&#8221;grid&#8221; angled_section=&#8221;no&#8221; text_align=&#8221;left&#8221; background_image_as_pattern=&#8221;without_pattern&#8221; z_index=&#8221;&#8221;][vc_column width=&#8221;2\/3&#8243;][vc_column_text]<\/p>\n<h2>Nederlands.<\/h2>\n<p>&nbsp;<\/p>\n<p>Nederlands is de taal die wereldwijd door meer dan 28 miljoen mensen wordt gesproken. Het is de offici\u00eble taal van Nederland en Belgi\u00eb. Met zijn wortels in de West-Germaanse taal deelt het dezelfde erfenis als Engels en Duits.<\/p>\n<p>&nbsp;<\/p>\n<p>Hoewel de meerderheid van de Nederlandstaligen zich in Europa bevindt, heeft migratie ertoe geleid dat sommige delen van de wereld ook Nederlands spreken. Buiten Europa gaf het land Suriname het een offici\u00eble status. Het kreeg ook dezelfde verdienste in Cura\u00e7ao, Aruba en Sint Maarten.<\/p>\n<p>&nbsp;<\/p>\n<p>Omdat het Nederlands en het Engels dezelfde oorsprong hebben, zijn er een handvol Nederlandse woorden die hun weg hebben gevonden naar de Engelse woordenschat. De reden hiervoor kan worden teruggevoerd tot het koloniale tijdperk. In de 17e eeuw vestigden Nederlandse kolonisten zich in verschillende Amerikaanse koloni\u00ebn. Tot de bekendste Nederlandse woorden in de Engelse woordenschat behoren apartheid, blink, cookie, drill, augurk, bamboe en Santa Claus.[\/vc_column_text][\/vc_column][vc_column width=&#8221;1\/3&#8243;][vc_empty_space][vc_single_image image=&#8221;20665&#8243; img_size=&#8221;300X300&#8243; alignment=&#8221;center&#8221; style=&#8221;vc_box_outline&#8221; border_color=&#8221;violet&#8221; qode_css_animation=&#8221;element_from_right&#8221;][\/vc_column][\/vc_row][vc_row css_animation=&#8221;&#8221; row_type=&#8221;row&#8221; use_row_as_full_screen_section=&#8221;no&#8221; type=&#8221;grid&#8221; angled_section=&#8221;no&#8221; text_align=&#8221;left&#8221; background_image_as_pattern=&#8221;without_pattern&#8221; z_index=&#8221;&#8221;][vc_column width=&#8221;1\/3&#8243;][vc_empty_space][vc_single_image image=&#8221;20656&#8243; img_size=&#8221;250X250&#8243; alignment=&#8221;center&#8221; style=&#8221;vc_box_outline&#8221; border_color=&#8221;violet&#8221; qode_css_animation=&#8221;element_from_right&#8221;][\/vc_column][vc_column width=&#8221;2\/3&#8243;][vc_empty_space][vc_column_text]Gezien de Germaanse wortels van de twee talen geloven sommige experts dat Engelstaligen het makkelijker zullen vinden om Nederlands te leren in vergelijking met andere dialecten. Hetzelfde kan echter niet gezegd worden van het Duits. Ondanks de geografische nabijheid van Duitsland en Nederland, vinden Duitstaligen het moeilijk om hun noorderburen te leren kennen of zelfs maar te begrijpen.<\/p>\n<p>&nbsp;<\/p>\n<p>Door de natuurlijke affiniteit met samengestelde woorden heeft het Nederlands een aantal van de langste woorden ter wereld. Deze woorden worden gemaakt door kleinere woorden samen te voegen tot een langer, meer samenhangend woord. Het is ook interessant om op te merken dat 75 procent van het Nederlandse woordenboek bestaat uit geleende woorden. De meeste zijn van Franse oorsprong. Terwijl sommige geleende woorden na verloop van tijd van spelling veranderen, hebben deze Franse leenwoorden nog steeds dezelfde spelling.[\/vc_column_text][vc_empty_space][\/vc_column][\/vc_row][vc_row css_animation=&#8221;&#8221; row_type=&#8221;row&#8221; use_row_as_full_screen_section=&#8221;yes&#8221; type=&#8221;full_width&#8221; angled_section=&#8221;no&#8221; text_align=&#8221;left&#8221; background_image_as_pattern=&#8221;without_pattern&#8221; el_class=&#8221;callaction&#8221;][vc_column][vc_empty_space][vc_row_inner row_type=&#8221;row&#8221; type=&#8221;full_width&#8221; text_align=&#8221;left&#8221; css_animation=&#8221;&#8221;][vc_column_inner]<div class=\"call_to_action normal\" style=\"background-color: #f08700;\"><div class=\"container_inner\"><div class=\"two_columns_75_25 clearfix\"><div class=\"text_wrapper column1\"><div class=\"call_to_action_text  font_size_inherit font_weight_inherit\" style=\"font-size:24px;font-weight: 700;\"><span style=\"text-align: center;\"><img decoding=\"async\" class=\"alignleft wp-image-12297 size-full\" src=\"https:\/\/www.dutchtrans.co.uk\/wp-content\/uploads\/2018\/05\/certified-translation-price.png\" alt=\"prijs be\u00ebdigde vertaling\" width=\"63\" height=\"57\" \/> BEREKEN UW BE\u00cbDIGDE VERTAALPRIJS<\/span><\/div><\/div><div class=\"button_wrapper column2\"><a itemprop=\"url\" href=\"https:\/\/www.dutchtrans.co.uk\/certified-translation-tool\/\" class=\"qbutton white \" target=\"_self\" style=\"color: #ffffff;border-color: #ffffff;\" data-hover-background-color=#ffffff data-hover-border-color=#ffffff data-hover-color=#a2a2a2>Klik hier<\/a><\/div><\/div><\/div><\/div>[\/vc_column_inner][\/vc_row_inner][vc_empty_space][\/vc_column][\/vc_row][vc_row css_animation=&#8221;&#8221; row_type=&#8221;row&#8221; use_row_as_full_screen_section=&#8221;no&#8221; type=&#8221;full_width&#8221; angled_section=&#8221;no&#8221; text_align=&#8221;left&#8221; background_image_as_pattern=&#8221;without_pattern&#8221;][vc_column][vc_empty_space][vc_column_text]<\/p>\n<h2 style=\"text-align: center; color: #36539d;\">Urdu<\/h2>\n<p>[\/vc_column_text][vc_empty_space][\/vc_column][\/vc_row][vc_row css_animation=&#8221;&#8221; row_type=&#8221;row&#8221; use_row_as_full_screen_section=&#8221;no&#8221; type=&#8221;grid&#8221; angled_section=&#8221;no&#8221; text_align=&#8221;left&#8221; background_image_as_pattern=&#8221;without_pattern&#8221; z_index=&#8221;&#8221;][vc_column width=&#8221;1\/2&#8243;][vc_column_text]Urdu is de offici\u00eble taal van Pakistan. Wereldwijd zijn er meer dan 41 miljoen sprekers. Urdu wordt algemeen beschouwd als een verfijnde taal en gaat terug tot het begin van de beschaving en is erg oud.<\/p>\n<p>&nbsp;<\/p>\n<p>De meeste Urdu-sprekers zijn geconcentreerd in Pakistan, sommige delen van India en Zuid-Azi\u00eb. Omdat het een van de oudste talen ter wereld is, wordt het veel gebruikt in verschillende academische disciplines. Het wordt onderwezen aan universiteiten en sommige geleerden bestuderen nog steeds de oorsprong en structuur ervan. Misschien is een van de essenti\u00eble bijdragen van Urdu wel de po\u00ebzie. Enkele van &#8216;s werelds oudste en mooiste geschreven po\u00ebziestukken zijn in het Urdu. Als zodanig wordt het algemeen beschouwd als een taal van schoonheid en gratie.[\/vc_column_text][\/vc_column][vc_column width=&#8221;1\/2&#8243;][vc_column_text]Pakistan en India zijn naaste buren en daarom zijn er miljoenen Urdu-sprekenden in India. Omdat de taal zo wijd verbreid is in het land, heeft India het Urdu als tweede offici\u00eble taal aangenomen. Buiten Pakistan en India is Urdu ook erg populair in landen in het Midden-Oosten en overwegend moslimlanden.<\/p>\n<p>&nbsp;<\/p>\n<p>Hoewel voornamelijk moslims het Urdu gebruiken, lijkt het interessant om erop te wijzen dat Urdu een vereiste taal is bij het leren van het Pinkstergeloof. De Brandbijbel is een van de weinige hedendaagse bijbels van de Pinksterbeweging.[\/vc_column_text][\/vc_column][\/vc_row][vc_row css_animation=&#8221;&#8221; row_type=&#8221;row&#8221; use_row_as_full_screen_section=&#8221;no&#8221; type=&#8221;grid&#8221; angled_section=&#8221;no&#8221; text_align=&#8221;left&#8221; background_image_as_pattern=&#8221;without_pattern&#8221; z_index=&#8221;&#8221;][vc_column width=&#8221;3\/4&#8243;][vc_empty_space][vc_column_text]<\/p>\n<h2>Vertaling Nederlands naar Urdu<\/h2>\n<p>&nbsp;<\/p>\n<p>Vanwege migratie hebben de Verenigde Staten Urdu bestempeld als een essenti\u00eble taal. Hetzelfde geldt voor verschillende landen in de Europese Unie. Naarmate meer Urdu-sprekers hun leven in Europa willen verbeteren, is ook de vraag naar vertalingen explosief gestegen.<\/p>\n<p>Ons bedrijf levert <a href=\"https:\/\/www.dutchtrans.co.uk\/differences-between-flemish-and-dutch-why-a-native-speaker-is-required\/\">vertaaldiensten<\/a> en ondersteunt meer dan 120 talen. Urdu is slechts een van de vele dialecten die we ondersteunen.[\/vc_column_text][vc_empty_space][\/vc_column][vc_column width=&#8221;1\/4&#8243;][vc_empty_space][vc_single_image image=&#8221;20647&#8243; img_size=&#8221;200X200&#8243; alignment=&#8221;center&#8221; style=&#8221;vc_box_outline&#8221; border_color=&#8221;violet&#8221; qode_css_animation=&#8221;element_from_right&#8221;][vc_empty_space][\/vc_column][\/vc_row][vc_row css_animation=&#8221;&#8221; row_type=&#8221;row&#8221; use_row_as_full_screen_section=&#8221;no&#8221; type=&#8221;full_width&#8221; angled_section=&#8221;no&#8221; text_align=&#8221;left&#8221; background_image_as_pattern=&#8221;without_pattern&#8221;][vc_column][vc_empty_space][vc_column_text]<\/p>\n<h2 style=\"text-align: center;\">Nauwkeurige vertalingen.<\/h2>\n<p>[\/vc_column_text][vc_empty_space][\/vc_column][\/vc_row][vc_row css_animation=&#8221;&#8221; row_type=&#8221;row&#8221; use_row_as_full_screen_section=&#8221;no&#8221; type=&#8221;grid&#8221; angled_section=&#8221;no&#8221; text_align=&#8221;left&#8221; background_image_as_pattern=&#8221;without_pattern&#8221; z_index=&#8221;&#8221;][vc_column width=&#8221;1\/4&#8243;][vc_empty_space][vc_single_image image=&#8221;20638&#8243; img_size=&#8221;full&#8221; alignment=&#8221;center&#8221; style=&#8221;vc_box_shadow&#8221; qode_css_animation=&#8221;element_from_left&#8221;][\/vc_column][vc_column width=&#8221;3\/4&#8243;][vc_empty_space][vc_column_text]Een van de vele soorten documenten die ons bedrijf vaak ontvangt, zijn overheidsdocumenten. Immigranten zijn meestal verplicht om verschillende identificatiedocumenten mee te brengen wanneer ze immigratie aanvragen. De meeste van deze documenten zijn echter geschreven in hun <a href=\"https:\/\/www.dutchtrans.co.uk\/dutch-language-infographic\/\">moedertaal<\/a>. Dit is waar ons bedrijf tussenbeide komt.<\/p>\n<p>&nbsp;<\/p>\n<p>Wij zijn gespecialiseerd in het verwerken van deze delicate documenten. We hebben duizenden immigranten geholpen die hun immigratiepapieren in behandeling hebben. We beschikken over een groep moedertaalsprekers van Urdu die goed getraind zijn in het afhandelen van immigratiedocumenten.[\/vc_column_text][vc_empty_space][\/vc_column][\/vc_row][vc_row css_animation=&#8221;&#8221; row_type=&#8221;row&#8221; use_row_as_full_screen_section=&#8221;no&#8221; type=&#8221;grid&#8221; angled_section=&#8221;no&#8221; text_align=&#8221;left&#8221; background_image_as_pattern=&#8221;without_pattern&#8221; z_index=&#8221;&#8221;][vc_column][vc_column_text]We zorgen ervoor dat we moedertaalsprekers in het Urdu gebruiken als vertalers om ervoor te zorgen dat al onze projecten voldoen aan de strenge en strikte normen van sommige overheidsinstellingen. Wij zijn een van de topvertaalbureaus die consequent bovenaan de lijst staan als het gaat om de nauwkeurigheid en <a href=\"https:\/\/www.dutchtrans.co.uk\/short-dutch-language-history\/\">kwaliteit van Urdu-vertalingen<\/a>.[\/vc_column_text][vc_empty_space][\/vc_column][\/vc_row][vc_row css_animation=&#8221;&#8221; row_type=&#8221;row&#8221; use_row_as_full_screen_section=&#8221;no&#8221; type=&#8221;grid&#8221; angled_section=&#8221;no&#8221; text_align=&#8221;left&#8221; background_image_as_pattern=&#8221;without_pattern&#8221; z_index=&#8221;&#8221;][vc_column width=&#8221;3\/4&#8243;][vc_column_text]<\/p>\n<h2>Snel. Betrouwbaar.<\/h2>\n<p>&nbsp;<\/p>\n<p>We hebben partners en klanten over de hele wereld. Daarom moeten we 24\/7 operationeel zijn. Je kunt op elk moment contact met ons opnemen en onze betrouwbare medewerkers van de klantenservice zullen ervoor zorgen dat je alle benodigde informatie ontvangt over onze vertaaldiensten Nederlands naar Urdu.[\/vc_column_text][vc_empty_space][\/vc_column][vc_column width=&#8221;1\/4&#8243;][vc_single_image image=&#8221;20629&#8243; img_size=&#8221;full&#8221; alignment=&#8221;center&#8221; style=&#8221;vc_box_shadow&#8221; qode_css_animation=&#8221;element_from_left&#8221;][\/vc_column][\/vc_row][vc_row css_animation=&#8221;&#8221; row_type=&#8221;row&#8221; use_row_as_full_screen_section=&#8221;no&#8221; type=&#8221;grid&#8221; angled_section=&#8221;no&#8221; text_align=&#8221;left&#8221; background_image_as_pattern=&#8221;without_pattern&#8221; z_index=&#8221;&#8221;][vc_column width=&#8221;1\/4&#8243;][vc_single_image image=&#8221;20620&#8243; img_size=&#8221;full&#8221; alignment=&#8221;center&#8221; style=&#8221;vc_box_outline&#8221; border_color=&#8221;violet&#8221; qode_css_animation=&#8221;element_from_left&#8221;][\/vc_column][vc_column width=&#8221;3\/4&#8243;][vc_column_text]We begrijpen dat tijd een bron is die niet verspild mag worden. Daarom halen we altijd en consequent onze deadline. In de vertaalsector kan zelfs een uur te laat een aanzienlijk verlies betekenen.<\/p>\n<p>&nbsp;<\/p>\n<p>Onze doorlooptijd is een van de beste in de branche. We zorgen ervoor dat we de goederen een uur eerder leveren dan gepland, zodat onze klanten de tijd hebben om onze vertalingen nauwkeurig te bekijken. Op die manier is er voldoende ruimte om eventuele wijzigingen aan te brengen.[\/vc_column_text][vc_empty_space][\/vc_column][\/vc_row][vc_row css_animation=&#8221;&#8221; row_type=&#8221;row&#8221; use_row_as_full_screen_section=&#8221;no&#8221; type=&#8221;grid&#8221; angled_section=&#8221;no&#8221; text_align=&#8221;left&#8221; background_image_as_pattern=&#8221;without_pattern&#8221; z_index=&#8221;&#8221;][vc_column][vc_column_text]<\/p>\n<h2 style=\"text-align: center;\">Betaalbaar.<\/h2>\n<p style=\"text-align: center;\">Onze vertaling Nederlands naar Urdu is een van de meest betaalbare in de branche. Voel je vrij om onze website te gebruiken voor een gratis offerte voor jouw specifieke vertaalproject.<\/p>\n<p>[\/vc_column_text][vc_empty_space][\/vc_column][\/vc_row][vc_row css_animation=&#8221;&#8221; row_type=&#8221;row&#8221; use_row_as_full_screen_section=&#8221;no&#8221; type=&#8221;grid&#8221; angled_section=&#8221;no&#8221; text_align=&#8221;left&#8221; background_image_as_pattern=&#8221;without_pattern&#8221; css=&#8221;.vc_custom_1473098385290{background-color: #9899cb !important;}&#8221;][vc_column][vc_row_inner row_type=&#8221;row&#8221; type=&#8221;full_width&#8221; text_align=&#8221;left&#8221; css_animation=&#8221;&#8221;][vc_column_inner]<div class=\"call_to_action normal\" style=\"background-color: #9899cb;\"><div class=\"container_inner\"><div class=\"two_columns_75_25 clearfix\"><div class=\"text_wrapper column1\"><div class=\"call_to_action_text  font_size_inherit font_weight_inherit\" style=\"font-size:24px;font-weight: 700;\"><span style=\"color: #ffffff; text-align: center;\">NEEM OP ELK MOMENT CONTACT MET ONS OP MET UW VRAGEN<\/span><\/div><\/div><div class=\"button_wrapper column2\"><a itemprop=\"url\" href=\"https:\/\/www.dutchtrans.co.uk\/chat-popup\/\" class=\"qbutton white \" target=\"_self\" style=\"color: #ffffff;\" >Live chat<\/a><\/div><\/div><\/div><\/div>[\/vc_column_inner][\/vc_row_inner][\/vc_column][\/vc_row]<\/p>\n<\/div>","protected":false},"excerpt":{"rendered":"<p>[vc_row css_animation=&#8221;&#8221; row_type=&#8221;row&#8221; use_row_as_full_screen_section=&#8221;no&#8221; type=&#8221;full_width&#8221; angled_section=&#8221;no&#8221; text_align=&#8221;left&#8221; background_image_as_pattern=&#8221;without_pattern&#8221;][vc_column][vc_empty_space][vc_column_text] Nederlands naar Urdu vertaling [\/vc_column_text][vc_empty_space][\/vc_column][\/vc_row][vc_row css_animation=&#8221;&#8221; row_type=&#8221;row&#8221; use_row_as_full_screen_section=&#8221;no&#8221; type=&#8221;grid&#8221; angled_section=&#8221;no&#8221; text_align=&#8221;left&#8221; background_image_as_pattern=&#8221;without_pattern&#8221; z_index=&#8221;&#8221;][vc_column width=&#8221;2\/3&#8243;][vc_column_text] Nederlands. &nbsp; Nederlands is de taal die wereldwijd door meer dan 28 miljoen mensen wordt gesproken. Het is de offici\u00eble taal van Nederland&#8230;<\/p>\n","protected":false},"author":1,"featured_media":20674,"parent":0,"menu_order":0,"comment_status":"closed","ping_status":"closed","template":"full_width.php","meta":{"_acf_changed":false,"footnotes":""},"class_list":["post-38648","page","type-page","status-publish","has-post-thumbnail","hentry"],"acf":[],"yoast_head":"<!-- This site is optimized with the Yoast SEO Premium plugin v26.5 (Yoast SEO v26.5) - https:\/\/yoast.com\/wordpress\/plugins\/seo\/ -->\n<title>Nederlands naar Urdu vertaling | Dutch-Translation<\/title>\n<meta name=\"description\" content=\"Nederlands naar Urdu op een 24\/7 basis. Snelle, betrouwbare en nauwkeurige professionele vertalingen door moedertaalsprekers van het Urdu. Probeer onze service eens, je zult er geen spijt van krijgen.\" \/>\n<meta name=\"robots\" content=\"index, follow, max-snippet:-1, max-image-preview:large, max-video-preview:-1\" \/>\n<link rel=\"canonical\" href=\"https:\/\/www.dutchtrans.co.uk\/nl\/nederlands-naar-urdu-vertaling\/\" \/>\n<meta property=\"og:locale\" content=\"nl_NL\" \/>\n<meta property=\"og:type\" content=\"article\" \/>\n<meta property=\"og:title\" content=\"Nederlands naar Urdu vertaling\" \/>\n<meta property=\"og:description\" content=\"Nederlands naar Urdu op een 24\/7 basis. Snelle, betrouwbare en nauwkeurige professionele vertalingen door moedertaalsprekers van het Urdu. Probeer onze service eens, je zult er geen spijt van krijgen.\" \/>\n<meta property=\"og:url\" content=\"https:\/\/www.dutchtrans.co.uk\/nl\/nederlands-naar-urdu-vertaling\/\" \/>\n<meta property=\"og:site_name\" content=\"Dutchtrans\" \/>\n<meta property=\"article:publisher\" content=\"https:\/\/www.facebook.com\/DutchTrans\" \/>\n<meta property=\"article:modified_time\" content=\"2023-10-11T09:17:01+00:00\" \/>\n<meta property=\"og:image\" content=\"https:\/\/www.dutchtrans.co.uk\/wp-content\/uploads\/2019\/07\/Urdu_1920x600_1.jpg\" \/>\n\t<meta property=\"og:image:width\" content=\"1920\" \/>\n\t<meta property=\"og:image:height\" content=\"600\" \/>\n\t<meta property=\"og:image:type\" content=\"image\/jpeg\" \/>\n<meta name=\"twitter:card\" content=\"summary_large_image\" \/>\n<meta name=\"twitter:site\" content=\"@DutchTrans\" \/>\n<meta name=\"twitter:label1\" content=\"Geschatte leestijd\" \/>\n\t<meta name=\"twitter:data1\" content=\"5 minuten\" \/>\n<!-- \/ Yoast SEO Premium plugin. -->","yoast_head_json":{"title":"Nederlands naar Urdu vertaling | Dutch-Translation","description":"Nederlands naar Urdu op een 24\/7 basis. Snelle, betrouwbare en nauwkeurige professionele vertalingen door moedertaalsprekers van het Urdu. Probeer onze service eens, je zult er geen spijt van krijgen.","robots":{"index":"index","follow":"follow","max-snippet":"max-snippet:-1","max-image-preview":"max-image-preview:large","max-video-preview":"max-video-preview:-1"},"canonical":"https:\/\/www.dutchtrans.co.uk\/nl\/nederlands-naar-urdu-vertaling\/","og_locale":"nl_NL","og_type":"article","og_title":"Nederlands naar Urdu vertaling","og_description":"Nederlands naar Urdu op een 24\/7 basis. Snelle, betrouwbare en nauwkeurige professionele vertalingen door moedertaalsprekers van het Urdu. Probeer onze service eens, je zult er geen spijt van krijgen.","og_url":"https:\/\/www.dutchtrans.co.uk\/nl\/nederlands-naar-urdu-vertaling\/","og_site_name":"Dutchtrans","article_publisher":"https:\/\/www.facebook.com\/DutchTrans","article_modified_time":"2023-10-11T09:17:01+00:00","og_image":[{"width":1920,"height":600,"url":"https:\/\/www.dutchtrans.co.uk\/wp-content\/uploads\/2019\/07\/Urdu_1920x600_1.jpg","type":"image\/jpeg"}],"twitter_card":"summary_large_image","twitter_site":"@DutchTrans","twitter_misc":{"Geschatte leestijd":"5 minuten"},"schema":{"@context":"https:\/\/schema.org","@graph":[{"@type":"WebPage","@id":"https:\/\/www.dutchtrans.co.uk\/nl\/nederlands-naar-urdu-vertaling\/","url":"https:\/\/www.dutchtrans.co.uk\/nl\/nederlands-naar-urdu-vertaling\/","name":"Nederlands naar Urdu vertaling | Dutch-Translation","isPartOf":{"@id":"https:\/\/www.dutchtrans.co.uk\/nl\/#website"},"primaryImageOfPage":{"@id":"https:\/\/www.dutchtrans.co.uk\/nl\/nederlands-naar-urdu-vertaling\/#primaryimage"},"image":{"@id":"https:\/\/www.dutchtrans.co.uk\/nl\/nederlands-naar-urdu-vertaling\/#primaryimage"},"thumbnailUrl":"https:\/\/www.dutchtrans.co.uk\/wp-content\/uploads\/2019\/07\/Urdu_1920x600_1.jpg","datePublished":"2023-06-07T14:18:26+00:00","dateModified":"2023-10-11T09:17:01+00:00","description":"Nederlands naar Urdu op een 24\/7 basis. Snelle, betrouwbare en nauwkeurige professionele vertalingen door moedertaalsprekers van het Urdu. Probeer onze service eens, je zult er geen spijt van krijgen.","breadcrumb":{"@id":"https:\/\/www.dutchtrans.co.uk\/nl\/nederlands-naar-urdu-vertaling\/#breadcrumb"},"inLanguage":"nl-NL","potentialAction":[{"@type":"ReadAction","target":["https:\/\/www.dutchtrans.co.uk\/nl\/nederlands-naar-urdu-vertaling\/"]}]},{"@type":"ImageObject","inLanguage":"nl-NL","@id":"https:\/\/www.dutchtrans.co.uk\/nl\/nederlands-naar-urdu-vertaling\/#primaryimage","url":"https:\/\/www.dutchtrans.co.uk\/wp-content\/uploads\/2019\/07\/Urdu_1920x600_1.jpg","contentUrl":"https:\/\/www.dutchtrans.co.uk\/wp-content\/uploads\/2019\/07\/Urdu_1920x600_1.jpg","width":1920,"height":600,"caption":"Urdu to English"},{"@type":"BreadcrumbList","@id":"https:\/\/www.dutchtrans.co.uk\/nl\/nederlands-naar-urdu-vertaling\/#breadcrumb","itemListElement":[{"@type":"ListItem","position":1,"name":"Home","item":"https:\/\/www.dutchtrans.co.uk\/nl\/home\/"},{"@type":"ListItem","position":2,"name":"Nederlands naar Urdu vertaling"}]},{"@type":"WebSite","@id":"https:\/\/www.dutchtrans.co.uk\/nl\/#website","url":"https:\/\/www.dutchtrans.co.uk\/nl\/","name":"DutchTrans","description":"DutchTrans is a leading Dutch translation agency focusing on document and website translation, offering high quality Dutch to English translation services.","publisher":{"@id":"https:\/\/www.dutchtrans.co.uk\/nl\/#organization"},"potentialAction":[{"@type":"SearchAction","target":{"@type":"EntryPoint","urlTemplate":"https:\/\/www.dutchtrans.co.uk\/nl\/?s={search_term_string}"},"query-input":{"@type":"PropertyValueSpecification","valueRequired":true,"valueName":"search_term_string"}}],"inLanguage":"nl-NL"},{"@type":"Organization","@id":"https:\/\/www.dutchtrans.co.uk\/nl\/#organization","name":"DutchTrans - Translation Services","url":"https:\/\/www.dutchtrans.co.uk\/nl\/","logo":{"@type":"ImageObject","inLanguage":"nl-NL","@id":"https:\/\/www.dutchtrans.co.uk\/nl\/#\/schema\/logo\/image\/","url":"https:\/\/www.dutchtrans.co.uk\/wp-content\/uploads\/2015\/02\/DTlogo2.png","contentUrl":"https:\/\/www.dutchtrans.co.uk\/wp-content\/uploads\/2015\/02\/DTlogo2.png","width":197,"height":170,"caption":"DutchTrans - Translation Services"},"image":{"@id":"https:\/\/www.dutchtrans.co.uk\/nl\/#\/schema\/logo\/image\/"},"sameAs":["https:\/\/www.facebook.com\/DutchTrans","https:\/\/x.com\/DutchTrans","https:\/\/www.instagram.com\/DutchtransUK","https:\/\/www.linkedin.com\/company\/dutchtrans-co-uk","https:\/\/www.pinterest.com\/dutchtrans","https:\/\/www.youtube.com\/c\/DutchtransCoUk"]}]}},"_links":{"self":[{"href":"https:\/\/www.dutchtrans.co.uk\/nl\/wp-json\/wp\/v2\/pages\/38648","targetHints":{"allow":["GET"]}}],"collection":[{"href":"https:\/\/www.dutchtrans.co.uk\/nl\/wp-json\/wp\/v2\/pages"}],"about":[{"href":"https:\/\/www.dutchtrans.co.uk\/nl\/wp-json\/wp\/v2\/types\/page"}],"author":[{"embeddable":true,"href":"https:\/\/www.dutchtrans.co.uk\/nl\/wp-json\/wp\/v2\/users\/1"}],"replies":[{"embeddable":true,"href":"https:\/\/www.dutchtrans.co.uk\/nl\/wp-json\/wp\/v2\/comments?post=38648"}],"version-history":[{"count":5,"href":"https:\/\/www.dutchtrans.co.uk\/nl\/wp-json\/wp\/v2\/pages\/38648\/revisions"}],"predecessor-version":[{"id":40573,"href":"https:\/\/www.dutchtrans.co.uk\/nl\/wp-json\/wp\/v2\/pages\/38648\/revisions\/40573"}],"wp:featuredmedia":[{"embeddable":true,"href":"https:\/\/www.dutchtrans.co.uk\/nl\/wp-json\/wp\/v2\/media\/20674"}],"wp:attachment":[{"href":"https:\/\/www.dutchtrans.co.uk\/nl\/wp-json\/wp\/v2\/media?parent=38648"}],"curies":[{"name":"wp","href":"https:\/\/api.w.org\/{rel}","templated":true}]}}