{"id":38675,"date":"2023-06-07T14:56:38","date_gmt":"2023-06-07T14:56:38","guid":{"rendered":"https:\/\/www.dutchtrans.co.uk\/udmurt-taal-vertaling\/"},"modified":"2024-09-01T10:57:50","modified_gmt":"2024-09-01T10:57:50","slug":"udmurt-taal-vertaling","status":"publish","type":"page","link":"https:\/\/www.dutchtrans.co.uk\/nl\/udmurt-taal-vertaling\/","title":{"rendered":"Udmurt taal vertaling"},"content":{"rendered":"<div class=\"wpb-content-wrapper\"><p>[vc_row css_animation=&#8221;&#8221; row_type=&#8221;row&#8221; use_row_as_full_screen_section=&#8221;no&#8221; type=&#8221;grid&#8221; angled_section=&#8221;no&#8221; text_align=&#8221;left&#8221; background_image_as_pattern=&#8221;without_pattern&#8221;][vc_column][vc_empty_space][vc_column_text]<\/p>\n<h1 style=\"text-align: center; color: #36539d;\">Udmurt Taal Vertaling<\/h1>\n<p>[\/vc_column_text][vc_empty_space][vc_column_text]<\/p>\n<p style=\"text-align: center;\">Als je hebt gehoord over de Udmurt-taal en er meer over wilt weten of vertaaldiensten van en naar het Udmurt wilt, dan is <a href=\"https:\/\/www.dutchtrans.co.uk\/nl\/\">DutchTrans<\/a> waarschijnlijk het enige bureau dat het kan vertalen.<\/p>\n<p>[\/vc_column_text][vc_empty_space][\/vc_column][\/vc_row][vc_row css_animation=&#8221;&#8221; row_type=&#8221;row&#8221; use_row_as_full_screen_section=&#8221;no&#8221; type=&#8221;grid&#8221; angled_section=&#8221;no&#8221; text_align=&#8221;left&#8221; background_image_as_pattern=&#8221;without_pattern&#8221;][vc_column width=&#8221;1\/3&#8243;][vc_empty_space][vc_single_image image=&#8221;16401&#8243; img_size=&#8221;&#8221; alignment=&#8221;center&#8221; qode_css_animation=&#8221;&#8221;][vc_empty_space][\/vc_column][vc_column width=&#8221;2\/3&#8243;][vc_empty_space][vc_column_text]<\/p>\n<h3 style=\"text-align: center; color: #36539d;\">Waar wordt de Udmurt-taal gebruikt?<\/h3>\n<p>De meeste inheemse Oedmoerten spreken de taal niet; zij spreken andere talen zoals Russisch. Sommige Udmurt&#8217;s beheersen de taal niet goed. Udmurt is nauw verwant aan de Komi-Permyalskiy en Komi taal. De grammaticale en fonetische structuur van Komi en Oedmurt zijn vrijwel gelijk. Udmurt wordt gebruikt als onderwijstaal op basisscholen. Er zijn ook radio&#8217;s, tv-stations en kranten die de taal gebruiken. Aan het begin van de 20e eeuw was de Udmurt bijna uitgestorven. Toch hielpen gezamenlijke inspanningen bij de dienst om ervoor te zorgen dat de taal bewaard bleef. Dit leidde ertoe dat de taal in 1994 werd erkend als offici\u00eble taal in de Republiek Oedmoert. Maar door het voortdurende verzet tegen de sponsoring van de taal door de staat, is het toepassingsgebied van de taal kleiner geworden. Het Oedmurt heeft wat woordenschat geleend van andere talen zoals Russisch en Tataars.<\/p>\n<p>Udmurt wordt geschreven in het cyrillische alfabet. Vanaf de vijftiende eeuw kwamen woorden uit de Oedmoert sporadisch voor in Russische teksten, vooral in jaarboeken.<\/p>\n<p> De eerste tekst die in het Oedmoert werd geschreven, een gedicht waarin de tsarina werd geprezen, verscheen in 1767 en in 1775 werd in Kazan een zorgvuldig gedrukte Oedmoertse grammatica in het Russisch gepubliceerd.<\/p>\n<p> Vanaf dat moment tot 1917 groeide de Udmurt en het aantal gedrukte Udmurteksten bereikte meer dan 200.<\/p>\n<p> Na 1917, vooral in de jaren 1920, won deze inspanning aan kracht en werd de basis gelegd voor het opbouwen van de Oedmoertse geletterdheid.<\/p>\n<p>DutchTrans is een vertaalbureau dat elke taal aankan. We kunnen op elk moment een Udmurt vertaling leveren, net zo gemakkelijk als <a href=\"https:\/\/www.dutchtrans.co.uk\/nl\/onze-talen\/\">het vertalen van en naar meer dan 120 talen<\/a>.[\/vc_column_text][vc_empty_space][\/vc_column][\/vc_row][vc_row css_animation=&#8221;&#8221; row_type=&#8221;row&#8221; use_row_as_full_screen_section=&#8221;no&#8221; type=&#8221;grid&#8221; angled_section=&#8221;no&#8221; text_align=&#8221;left&#8221; background_image_as_pattern=&#8221;without_pattern&#8221;][vc_column][vc_empty_space][vc_column_text]<\/p>\n<h3 style=\"text-align: center; color: #36539d;\">Vertaling van en naar Udmurt<\/h3>\n<p>[\/vc_column_text][vc_empty_space][\/vc_column][\/vc_row][vc_row css_animation=&#8221;&#8221; row_type=&#8221;row&#8221; use_row_as_full_screen_section=&#8221;no&#8221; type=&#8221;grid&#8221; angled_section=&#8221;no&#8221; text_align=&#8221;left&#8221; background_image_as_pattern=&#8221;without_pattern&#8221;][vc_column width=&#8221;1\/3&#8243; el_class=&#8221;border_Div&#8221;][vc_single_image image=&#8221;16372&#8243; img_size=&#8221;large&#8221; alignment=&#8221;center&#8221; qode_css_animation=&#8221;&#8221; title=&#8221;Het Udmurt-volk&#8221;][vc_column_text]<\/p>\n<p style=\"text-align: center;\">De Oedmoert is een etnische groep die oorspronkelijk in de Oedmoertrepubliek in Rusland woont. De republiek werd in 1934 gesticht uit het voormalige autonome gebied Votyak (1920-1934). Udmurt betekent &#8220;weide man&#8221;.<\/p>\n<p>[\/vc_column_text][\/vc_column][vc_column width=&#8221;1\/3&#8243; el_class=&#8221;border_Div&#8221;][vc_single_image image=&#8221;16381&#8243; img_size=&#8221;large&#8221; alignment=&#8221;center&#8221; qode_css_animation=&#8221;&#8221; title=&#8221;De Udmurt-taal&#8221;][vc_column_text]<\/p>\n<p style=\"text-align: center;\">De Oedmoerttaal is lid van de Permische tak van de Oeralitische taalfamilie en wordt gesproken in de Russische republiek Oedmoerti\u00eb. Het heeft ongeveer 550.000 sprekers en is nauw verwant aan Komi en Komi-Permyak.<\/p>\n<p>[\/vc_column_text][\/vc_column][vc_column width=&#8221;1\/3&#8243; el_class=&#8221;border_Div&#8221;][vc_single_image image=&#8221;16390&#8243; img_size=&#8221;150&#215;150&#8243; alignment=&#8221;center&#8221; qode_css_animation=&#8221;&#8221; title=&#8221;Vertaling Udmurt&#8221;][vc_column_text]<\/p>\n<p style=\"text-align: center;\">Als u Udmurt vertaaldiensten nodig heeft, kan DutchTrans u op elk moment helpen met vertalingen van en naar Udmurt, net zo gemakkelijk als we dat met elke andere taal kunnen. We werken de klok rond om aan elke behoefte te voldoen!<\/p>\n<p>[\/vc_column_text][\/vc_column][\/vc_row][vc_row css_animation=&#8221;&#8221; row_type=&#8221;row&#8221; use_row_as_full_screen_section=&#8221;yes&#8221; type=&#8221;full_width&#8221; angled_section=&#8221;no&#8221; text_align=&#8221;left&#8221; background_image_as_pattern=&#8221;without_pattern&#8221; el_class=&#8221;callaction&#8221;][vc_column][vc_empty_space][vc_row_inner row_type=&#8221;row&#8221; type=&#8221;full_width&#8221; text_align=&#8221;left&#8221; css_animation=&#8221;&#8221;][vc_column_inner]<div class=\"call_to_action normal\" style=\"background-color: #6fbe44;\"><div class=\"container_inner\"><div class=\"two_columns_75_25 clearfix\"><div class=\"text_wrapper column1\"><div class=\"call_to_action_text  font_size_inherit font_weight_inherit\" style=\"font-size:24px;font-weight: 700;\">OFFERTE VOOR VERTALING NODIG? GEBRUIK ONZE 5-MINUTEN OFFERTE TOOL<\/div><\/div><div class=\"button_wrapper column2\"><a itemprop=\"url\" href=\"https:\/\/www.dutchtrans.co.uk\/dutch-translation-quote\/\" class=\"qbutton white \" target=\"_self\" style=\"color: #ffffff;border-color: #ffffff;\" data-hover-background-color=#ffffff data-hover-border-color=#ffffff data-hover-color=#a2a2a2>Klik hier<\/a><\/div><\/div><\/div><\/div>[\/vc_column_inner][\/vc_row_inner][vc_empty_space][\/vc_column][\/vc_row][vc_row css_animation=&#8221;&#8221; row_type=&#8221;row&#8221; use_row_as_full_screen_section=&#8221;no&#8221; type=&#8221;grid&#8221; angled_section=&#8221;no&#8221; text_align=&#8221;left&#8221; background_image_as_pattern=&#8221;without_pattern&#8221;][vc_column][vc_empty_space][\/vc_column][\/vc_row][vc_row css_animation=&#8221;&#8221; row_type=&#8221;row&#8221; use_row_as_full_screen_section=&#8221;no&#8221; type=&#8221;grid&#8221; angled_section=&#8221;no&#8221; text_align=&#8221;left&#8221; background_image_as_pattern=&#8221;without_pattern&#8221;][vc_column width=&#8221;2\/3&#8243;][vc_empty_space][vc_column_text]<\/p>\n<h3 style=\"text-align: center; color: #36539d;\">Standaardisatie van Udmurt-taal<\/h3>\n<p>De eerste Oedmoertse grammatica werd geschreven in 1775. Het bevatte een orthografiesysteem in het cyrillische schrift, dat de basis werd van latere orthografie\u00ebn voor de taal 1). In de jaren 1920 ontstond er een debat over orthografie tussen Udmurt schrijvers en taalkundigen. Alle deelnemers waren het eens over het gebruik van het cyrillisch voor de taal, maar sommigen wilden een nieuwe orthografie ontwikkelen die aangepast was aan de fonologie van de Oedmoert, terwijl anderen dezelfde orthografische principes wilden gebruiken als in het Russisch. Dit laatste werd bevolen, wat betekent dat de orthografie van het Oedmoert sterk lijkt op de Russische orthografie, met extra diakritische tekens op sommige letters om fonemen te schrijven die niet aanwezig zijn in het Russisch.<\/p>\n<p>De Republiek Oedmoerti\u00eb heeft Oedmoertisch als offici\u00eble taal naast het Russisch aangenomen door de wet van 1993 op de staatstalen van de Republiek Oedmoerti\u00eb en andere talen van de volkeren van de Republiek Oedmoerti\u00eb 19) uit te voeren. Hoewel dit tijd lijkt om het Oedmurt te promoten, wordt gesteld dat deze co-offici\u00eble status het gebruik van het Oedmurt niet bevordert door de feitelijke dominantie van het Russisch. Dit is duidelijk te zien in het Oedmoertse concept van het staatsbeleid inzake nationaliteiten, waarin Russisch wordt gedefinieerd als &#8220;de gemeenschappelijke staatstaal en de taal voor communicatie tussen nationaliteiten&#8221;, terwijl het Oedmoerts wordt gedefinieerd als &#8220;een van de staatstalen van de Republiek Oedmoert&#8221;, wat duidelijk impliceert dat het Russisch de facto een superieure status heeft. Het doel van het eerder genoemde concept verheldert ons in dat opzicht een beetje meer, aangezien de implementatie &#8220;de ontwikkeling van tweetaligheid van de staat en sociale meertaligheid moet vergemakkelijken door de integrerende rol van de Russische taal&#8221;.<\/p>\n<p>[\/vc_column_text][vc_empty_space][\/vc_column][vc_column width=&#8221;1\/3&#8243;][vc_empty_space][vc_single_image image=&#8221;16411&#8243; img_size=&#8221;&#8221; alignment=&#8221;center&#8221; qode_css_animation=&#8221;&#8221;][vc_empty_space][\/vc_column][vc_column][vc_column_text]Dat betekent niet dat er helemaal geen plaats is voor de Oedmurtse taal in de Oedmurtse onderwijswetgeving. De Conception on the National Education Policy of the Udmurt Republic stelt dat het onderwijs in Oedmoerti\u00eb rekening moet houden met de etnolingu\u00efstische en etnoculturele behoeften van de volkeren van de republiek, benadrukt de noodzaak van tweetaligheid Russisch-Oedmoertisch en erkent de vitale rol van het onderwijs om de minderheidstalen in de republiek (waaronder Oedmoertisch) levend te houden. Bovendien wordt de mogelijkheid geboden om onderwijsinstellingen te vinden met eender welke onderwijstaal 21). Al deze verwijzingen, hoewel ze andere talen dan het Russisch een positie geven in Oedmoerti\u00eb, zijn zachte verwijzingen. De Republiek Oedmoerti\u00eb heeft geen harde verplichting ingevoerd om Oedmoert te onderwijzen of te leren.<\/p>\n<p>[\/vc_column_text][vc_empty_space][\/vc_column][\/vc_row][vc_row css_animation=&#8221;&#8221; row_type=&#8221;row&#8221; use_row_as_full_screen_section=&#8221;no&#8221; type=&#8221;grid&#8221; angled_section=&#8221;no&#8221; text_align=&#8221;left&#8221; background_image_as_pattern=&#8221;without_pattern&#8221;][vc_column width=&#8221;1\/4&#8243;][vc_empty_space][vc_single_image image=&#8221;16420&#8243; img_size=&#8221;&#8221; alignment=&#8221;center&#8221; qode_css_animation=&#8221;&#8221;][vc_empty_space][\/vc_column][vc_column width=&#8221;3\/4&#8243;][vc_empty_space][vc_column_text]<\/p>\n<h3 style=\"text-align: center; color: #36539d;\">Udmurt-taal alfabet en dialecten<\/h3>\n<p>Udmurtvari\u00ebteiten kunnen worden gegroepeerd in drie brede dialectgroepen:<\/p>\n<ul>\n<li>Noord-Oedmoert, gesproken langs de Cheptsa-rivier<\/li>\n<li>Zuidelijke Udmurt<\/li>\n<li>Besermisch, gesproken door de geturkiseerde Besermyanen<\/li>\n<\/ul>\n<p>Er is een continu\u00fcm van standaarddialecten tussen Noordelijke en Zuidelijke Udmurt, en literaire Udmurt bevat kenmerken uit beide gebieden. Besermyan is scherper gedefinieerd.<\/p>\n<p>De verschillen tussen de dialecten zijn hoe dan ook niet significant en betreffen voornamelijk verschillen in woordenschat, die voornamelijk toe te schrijven zijn aan de sterkere invloed van het Tataars in het zuidelijke uiteinde van het Oedmoertsprekende gebied. Er bestaan ook nog enkele verschillen in morfologie en fonologie, bijv.<\/p>\n<ul>\n<li>Zuid-Oedmoert heeft een accusatief &#8211; \u044b\u0437, in tegenstelling tot noordelijk &#8211; \u0442\u044b.<\/li>\n<li>De zuidwestelijke Udmurt onderscheidt een achtklinkerfoneem.<\/li>\n<li>Besermyan heeft in plaats van standaard Udmurt (waardoor slechts zes klinkerfonemen worden ge\u00efdentificeerd), en in plaats van standaard Udmurt.<\/li>\n<\/ul>\n<p><strong>Cyrillisch alfabet<\/strong><\/p>\n<p>\u0410\/\u0430, \u0411\/\u0431, \u0412\/\u0432, \u0413\/\u0433, \u0414\/\u0434, \u0415\/\u0435, \u0401\/\u0451, \u0416\/\u0436, \u04dc\/\u04dd, \u0417\/\u0437, \u04de\/\u04df, \u0418\/\u0438, \u04e4\/\u04e5, \u0419\/\u0439, \u041a\/\u043a, \u041b\/\u043b, \u041c\/\u043c, \u041d\/\u043d, \u041e\/\u043e, \u04e6\/\u04e7, \u041f\/\u043f, \u0420\/\u0440, \u0421\/\u0441, \u0422\/\u0442, \u0423\/\u0443, \u0424\/\u0444, \u0425\/\u0445, \u0426\/\u0446, \u0427\/\u0447, \u04f4\/\u04f5, \u0428\/\u0448, \u0429\/\u0449, \u042a\/\u044a, \u042b\/\u044b, \u042c\/\u044c, \u042d\/\u044d, \u042e\/\u044e, \u042f\/\u044f<\/p>\n<p>Sommige tekens (\u04dc\/\u04dd, \u04de\/\u04df, \u04e4\/\u04e5, \u04f4\/\u04f5) zijn uniek voor het alfabet van de Oedmurttaal.[\/vc_column_text][\/vc_column][\/vc_row][vc_row css_animation=&#8221;&#8221; row_type=&#8221;row&#8221; use_row_as_full_screen_section=&#8221;no&#8221; type=&#8221;grid&#8221; angled_section=&#8221;no&#8221; text_align=&#8221;left&#8221; background_image_as_pattern=&#8221;without_pattern&#8221;][vc_column][vc_empty_space][\/vc_column][\/vc_row][vc_row css_animation=&#8221;&#8221; row_type=&#8221;row&#8221; use_row_as_full_screen_section=&#8221;no&#8221; type=&#8221;grid&#8221; angled_section=&#8221;no&#8221; text_align=&#8221;left&#8221; background_image_as_pattern=&#8221;without_pattern&#8221;][vc_column][vc_empty_space][vc_column_text]<\/p>\n<p style=\"text-align: center;\">Als u een vertaling van uw documenten in de Udmurt nodig heeft, neem dan contact op met DutchTrans. We leveren <a href=\"https:\/\/www.dutchtrans.co.uk\/nl\/diensten\/\">zeer nauwkeurige vertaaldiensten<\/a> voor bedrijven en particulieren en we werken met klanten van over de hele wereld. Bezoek ons <a href=\"https:\/\/www.dutchtrans.co.uk\/contact\/translation-services-in-london\/\">vertaalbureau in Londen<\/a> of neem online contact op en geniet van eersteklas diensten tegen lage tarieven.<\/p>\n<p>[\/vc_column_text][\/vc_column][\/vc_row][vc_row css_animation=&#8221;&#8221; row_type=&#8221;row&#8221; use_row_as_full_screen_section=&#8221;no&#8221; type=&#8221;grid&#8221; angled_section=&#8221;no&#8221; text_align=&#8221;left&#8221; background_image_as_pattern=&#8221;without_pattern&#8221;][vc_column][vc_empty_space][\/vc_column][\/vc_row][vc_row css_animation=&#8221;&#8221; row_type=&#8221;row&#8221; use_row_as_full_screen_section=&#8221;no&#8221; type=&#8221;grid&#8221; angled_section=&#8221;no&#8221; text_align=&#8221;left&#8221; background_image_as_pattern=&#8221;without_pattern&#8221; css=&#8221;.vc_custom_1473098385290{background-color: #9899cb !important;}&#8221;][vc_column][vc_row_inner row_type=&#8221;row&#8221; type=&#8221;full_width&#8221; text_align=&#8221;left&#8221; css_animation=&#8221;&#8221;][vc_column_inner]<div class=\"call_to_action normal\" style=\"background-color: #9899cb;\"><div class=\"container_inner\"><div class=\"two_columns_75_25 clearfix\"><div class=\"text_wrapper column1\"><div class=\"call_to_action_text  font_size_inherit font_weight_inherit\" style=\"font-size:24px;font-weight: 700;\"><span style=\"color: #ffffff; text-align: center;\">NEEM OP ELK MOMENT CONTACT MET ONS OP MET UW VRAGEN<\/span><\/div><\/div><div class=\"button_wrapper column2\"><a itemprop=\"url\" href=\"https:\/\/www.dutchtrans.co.uk\/chat-popup\/\" class=\"qbutton white \" target=\"_self\" style=\"color: #ffffff;\" >Live chat<\/a><\/div><\/div><\/div><\/div>[\/vc_column_inner][\/vc_row_inner][\/vc_column][\/vc_row][vc_row css_animation=&#8221;&#8221; row_type=&#8221;row&#8221; use_row_as_full_screen_section=&#8221;no&#8221; type=&#8221;grid&#8221; angled_section=&#8221;no&#8221; text_align=&#8221;left&#8221; background_image_as_pattern=&#8221;without_pattern&#8221;][vc_column][vc_empty_space][\/vc_column][\/vc_row]<\/p>\n<\/div>","protected":false},"excerpt":{"rendered":"<p>[vc_row css_animation=&#8221;&#8221; row_type=&#8221;row&#8221; use_row_as_full_screen_section=&#8221;no&#8221; type=&#8221;grid&#8221; angled_section=&#8221;no&#8221; text_align=&#8221;left&#8221; background_image_as_pattern=&#8221;without_pattern&#8221;][vc_column][vc_empty_space][vc_column_text] Udmurt Taal Vertaling [\/vc_column_text][vc_empty_space][vc_column_text] Als je hebt gehoord over de Udmurt-taal en er meer over wilt weten of vertaaldiensten van en naar het Udmurt wilt, dan is DutchTrans waarschijnlijk het enige bureau dat het kan vertalen. [\/vc_column_text][vc_empty_space][\/vc_column][\/vc_row][vc_row&#8230;<\/p>\n","protected":false},"author":1,"featured_media":16363,"parent":0,"menu_order":0,"comment_status":"closed","ping_status":"closed","template":"full_width.php","meta":{"_acf_changed":false,"footnotes":""},"class_list":["post-38675","page","type-page","status-publish","has-post-thumbnail","hentry"],"acf":[],"yoast_head":"<!-- This site is optimized with the Yoast SEO Premium plugin v26.5 (Yoast SEO v26.5) - https:\/\/yoast.com\/wordpress\/plugins\/seo\/ -->\n<title>Nauwkeurige Udmurt vertaaldiensten tegen lage tarieven<\/title>\n<meta name=\"description\" content=\"Als je Udmurt vertaaldiensten nodig hebt voor je documenten, zijn wij een van de weinige vertaalbureaus die dit voor je kunnen doen!\" \/>\n<meta name=\"robots\" content=\"index, follow, max-snippet:-1, max-image-preview:large, max-video-preview:-1\" \/>\n<link rel=\"canonical\" href=\"https:\/\/www.dutchtrans.co.uk\/nl\/udmurt-taal-vertaling\/\" \/>\n<meta property=\"og:locale\" content=\"nl_NL\" \/>\n<meta property=\"og:type\" content=\"article\" \/>\n<meta property=\"og:title\" content=\"Nauwkeurige Udmurt vertaaldiensten tegen lage tarieven\" \/>\n<meta property=\"og:description\" content=\"Als je Udmurt vertaaldiensten nodig hebt voor je documenten, zijn wij een van de weinige vertaalbureaus die dit voor je kunnen doen!\" \/>\n<meta property=\"og:url\" content=\"https:\/\/www.dutchtrans.co.uk\/nl\/udmurt-taal-vertaling\/\" \/>\n<meta property=\"og:site_name\" content=\"Dutchtrans\" \/>\n<meta property=\"article:publisher\" content=\"https:\/\/www.facebook.com\/DutchTrans\" \/>\n<meta property=\"article:modified_time\" content=\"2024-09-01T10:57:50+00:00\" \/>\n<meta property=\"og:image\" content=\"https:\/\/www.dutchtrans.co.uk\/wp-content\/uploads\/2019\/01\/Udmurt-language-translation.png\" \/>\n<meta name=\"twitter:card\" content=\"summary_large_image\" \/>\n<meta name=\"twitter:title\" content=\"Udmurt taal vertaling\" \/>\n<meta name=\"twitter:site\" content=\"@DutchTrans\" \/>\n<meta name=\"twitter:label1\" content=\"Geschatte leestijd\" \/>\n\t<meta name=\"twitter:data1\" content=\"9 minuten\" \/>\n<!-- \/ Yoast SEO Premium plugin. -->","yoast_head_json":{"title":"Nauwkeurige Udmurt vertaaldiensten tegen lage tarieven","description":"Als je Udmurt vertaaldiensten nodig hebt voor je documenten, zijn wij een van de weinige vertaalbureaus die dit voor je kunnen doen!","robots":{"index":"index","follow":"follow","max-snippet":"max-snippet:-1","max-image-preview":"max-image-preview:large","max-video-preview":"max-video-preview:-1"},"canonical":"https:\/\/www.dutchtrans.co.uk\/nl\/udmurt-taal-vertaling\/","og_locale":"nl_NL","og_type":"article","og_title":"Nauwkeurige Udmurt vertaaldiensten tegen lage tarieven","og_description":"Als je Udmurt vertaaldiensten nodig hebt voor je documenten, zijn wij een van de weinige vertaalbureaus die dit voor je kunnen doen!","og_url":"https:\/\/www.dutchtrans.co.uk\/nl\/udmurt-taal-vertaling\/","og_site_name":"Dutchtrans","article_publisher":"https:\/\/www.facebook.com\/DutchTrans","article_modified_time":"2024-09-01T10:57:50+00:00","og_image":[{"url":"https:\/\/www.dutchtrans.co.uk\/wp-content\/uploads\/2019\/01\/Udmurt-language-translation.png","type":"","width":"","height":""}],"twitter_card":"summary_large_image","twitter_title":"Udmurt taal vertaling","twitter_site":"@DutchTrans","twitter_misc":{"Geschatte leestijd":"9 minuten"},"schema":{"@context":"https:\/\/schema.org","@graph":[{"@type":"WebPage","@id":"https:\/\/www.dutchtrans.co.uk\/nl\/udmurt-taal-vertaling\/","url":"https:\/\/www.dutchtrans.co.uk\/nl\/udmurt-taal-vertaling\/","name":"Nauwkeurige Udmurt vertaaldiensten tegen lage tarieven","isPartOf":{"@id":"https:\/\/www.dutchtrans.co.uk\/nl\/#website"},"primaryImageOfPage":{"@id":"https:\/\/www.dutchtrans.co.uk\/nl\/udmurt-taal-vertaling\/#primaryimage"},"image":{"@id":"https:\/\/www.dutchtrans.co.uk\/nl\/udmurt-taal-vertaling\/#primaryimage"},"thumbnailUrl":"https:\/\/www.dutchtrans.co.uk\/wp-content\/uploads\/2019\/01\/Udmurt-language-translation.png","datePublished":"2023-06-07T14:56:38+00:00","dateModified":"2024-09-01T10:57:50+00:00","description":"Als je Udmurt vertaaldiensten nodig hebt voor je documenten, zijn wij een van de weinige vertaalbureaus die dit voor je kunnen doen!","breadcrumb":{"@id":"https:\/\/www.dutchtrans.co.uk\/nl\/udmurt-taal-vertaling\/#breadcrumb"},"inLanguage":"nl-NL","potentialAction":[{"@type":"ReadAction","target":["https:\/\/www.dutchtrans.co.uk\/nl\/udmurt-taal-vertaling\/"]}]},{"@type":"ImageObject","inLanguage":"nl-NL","@id":"https:\/\/www.dutchtrans.co.uk\/nl\/udmurt-taal-vertaling\/#primaryimage","url":"https:\/\/www.dutchtrans.co.uk\/wp-content\/uploads\/2019\/01\/Udmurt-language-translation.png","contentUrl":"https:\/\/www.dutchtrans.co.uk\/wp-content\/uploads\/2019\/01\/Udmurt-language-translation.png","width":1920,"height":500,"caption":"Udmurt language translation"},{"@type":"BreadcrumbList","@id":"https:\/\/www.dutchtrans.co.uk\/nl\/udmurt-taal-vertaling\/#breadcrumb","itemListElement":[{"@type":"ListItem","position":1,"name":"Home","item":"https:\/\/www.dutchtrans.co.uk\/nl\/home\/"},{"@type":"ListItem","position":2,"name":"Udmurt taal vertaling"}]},{"@type":"WebSite","@id":"https:\/\/www.dutchtrans.co.uk\/nl\/#website","url":"https:\/\/www.dutchtrans.co.uk\/nl\/","name":"DutchTrans","description":"DutchTrans is a leading Dutch translation agency focusing on document and website translation, offering high quality Dutch to English translation services.","publisher":{"@id":"https:\/\/www.dutchtrans.co.uk\/nl\/#organization"},"potentialAction":[{"@type":"SearchAction","target":{"@type":"EntryPoint","urlTemplate":"https:\/\/www.dutchtrans.co.uk\/nl\/?s={search_term_string}"},"query-input":{"@type":"PropertyValueSpecification","valueRequired":true,"valueName":"search_term_string"}}],"inLanguage":"nl-NL"},{"@type":"Organization","@id":"https:\/\/www.dutchtrans.co.uk\/nl\/#organization","name":"DutchTrans - Translation Services","url":"https:\/\/www.dutchtrans.co.uk\/nl\/","logo":{"@type":"ImageObject","inLanguage":"nl-NL","@id":"https:\/\/www.dutchtrans.co.uk\/nl\/#\/schema\/logo\/image\/","url":"https:\/\/www.dutchtrans.co.uk\/wp-content\/uploads\/2015\/02\/DTlogo2.png","contentUrl":"https:\/\/www.dutchtrans.co.uk\/wp-content\/uploads\/2015\/02\/DTlogo2.png","width":197,"height":170,"caption":"DutchTrans - Translation Services"},"image":{"@id":"https:\/\/www.dutchtrans.co.uk\/nl\/#\/schema\/logo\/image\/"},"sameAs":["https:\/\/www.facebook.com\/DutchTrans","https:\/\/x.com\/DutchTrans","https:\/\/www.instagram.com\/DutchtransUK","https:\/\/www.linkedin.com\/company\/dutchtrans-co-uk","https:\/\/www.pinterest.com\/dutchtrans","https:\/\/www.youtube.com\/c\/DutchtransCoUk"]}]}},"_links":{"self":[{"href":"https:\/\/www.dutchtrans.co.uk\/nl\/wp-json\/wp\/v2\/pages\/38675","targetHints":{"allow":["GET"]}}],"collection":[{"href":"https:\/\/www.dutchtrans.co.uk\/nl\/wp-json\/wp\/v2\/pages"}],"about":[{"href":"https:\/\/www.dutchtrans.co.uk\/nl\/wp-json\/wp\/v2\/types\/page"}],"author":[{"embeddable":true,"href":"https:\/\/www.dutchtrans.co.uk\/nl\/wp-json\/wp\/v2\/users\/1"}],"replies":[{"embeddable":true,"href":"https:\/\/www.dutchtrans.co.uk\/nl\/wp-json\/wp\/v2\/comments?post=38675"}],"version-history":[{"count":4,"href":"https:\/\/www.dutchtrans.co.uk\/nl\/wp-json\/wp\/v2\/pages\/38675\/revisions"}],"predecessor-version":[{"id":42808,"href":"https:\/\/www.dutchtrans.co.uk\/nl\/wp-json\/wp\/v2\/pages\/38675\/revisions\/42808"}],"wp:featuredmedia":[{"embeddable":true,"href":"https:\/\/www.dutchtrans.co.uk\/nl\/wp-json\/wp\/v2\/media\/16363"}],"wp:attachment":[{"href":"https:\/\/www.dutchtrans.co.uk\/nl\/wp-json\/wp\/v2\/media?parent=38675"}],"curies":[{"name":"wp","href":"https:\/\/api.w.org\/{rel}","templated":true}]}}