{"id":38773,"date":"2023-06-09T07:46:11","date_gmt":"2023-06-09T07:46:11","guid":{"rendered":"https:\/\/www.dutchtrans.co.uk\/paspoort-vertaaldiensten\/"},"modified":"2023-06-09T07:46:21","modified_gmt":"2023-06-09T07:46:21","slug":"paspoort-vertaaldiensten","status":"publish","type":"page","link":"https:\/\/www.dutchtrans.co.uk\/nl\/paspoort-vertaaldiensten\/","title":{"rendered":"Paspoort Vertaaldiensten"},"content":{"rendered":"<div class=\"wpb-content-wrapper\"><p>[vc_row css_animation=&#8221;&#8221; row_type=&#8221;row&#8221; use_row_as_full_screen_section=&#8221;no&#8221; type=&#8221;grid&#8221; angled_section=&#8221;no&#8221; text_align=&#8221;left&#8221; background_image_as_pattern=&#8221;without_pattern&#8221;][vc_column][vc_empty_space][vc_column_text]<\/p>\n<h1 style=\"text-align: center; color: #36539d;\">Paspoort Vertaaldiensten<\/h1>\n<h3 style=\"text-align: center; color: #36539d;\">Krijg snel en goedkoop een be\u00ebdigde vertaling voor je paspoort<\/h3>\n<p>[\/vc_column_text][vc_empty_space][vc_column_text]<\/p>\n<p style=\"text-align: center;\">Als je een ander land wilt bezoeken of daar naartoe wilt emigreren, moet je misschien al je persoonlijke documenten vertalen, zoals je geboorte- en huwelijksakte, maar ook je paspoort. Onze vertaaldiensten voor paspoorten zijn snel en goedkoop, terwijl de vertaling van de hoogste kwaliteit is en gegarandeerd wordt geaccepteerd in elk Engels sprekend land.<\/p>\n<p>[\/vc_column_text][vc_empty_space][\/vc_column][\/vc_row][vc_row css_animation=&#8221;&#8221; row_type=&#8221;row&#8221; use_row_as_full_screen_section=&#8221;no&#8221; type=&#8221;grid&#8221; angled_section=&#8221;no&#8221; text_align=&#8221;left&#8221; background_image_as_pattern=&#8221;without_pattern&#8221;][vc_column width=&#8221;1\/3&#8243;][vc_empty_space][vc_single_image image=&#8221;10750&#8243; img_size=&#8221;250&#215;250&#8243; alignment=&#8221;center&#8221; qode_css_animation=&#8221;&#8221;][vc_empty_space][\/vc_column][vc_column width=&#8221;2\/3&#8243;][vc_empty_space][vc_column_text]<\/p>\n<h3 style=\"text-align: center; color: #36539d;\">Gecertificeerde vertaling van je paspoort<\/h3>\n<p>Als je van plan bent om een land te bezoeken waar mensen jouw taal niet verstaan, dan heb je waarschijnlijk een vertaling van je paspoort nodig. Bepaalde landen eisen paspoortvertalingen voor bepaalde talen. Sommige overheids- en immigratiediensten stellen deze voorwaarde ook om je paspoort in hun offici\u00eble taal te laten vertalen.<\/p>\n<p>Bij DutchTrans leveren we gecertificeerde paspoortvertaaldiensten van de hoogste kwaliteit tegen de laagste tarieven die u in Londen kunt vinden. Onze vakkundige professionals hebben een enorme expertise op juridisch gebied en ze kunnen binnen 24 uur of minder een vertaling van je paspoort maken van elke taal naar het Engels. We hebben onze vertalers zorgvuldig geselecteerd en we zorgen ervoor dat we getalenteerde lingu\u00efsten van over de hele wereld verzamelen, want we leveren <a href=\"https:\/\/www.dutchtrans.co.uk\/nl\/diensten\/\">vertaaldiensten<\/a> voor een breed scala aan talen.<\/p>\n<p>Bij DutchTrans hebben we onze paspoortvertaaldiensten vanaf het begin beschikbaar gesteld en de feedback die we van onze internationale klantenkring hebben ontvangen is gewoonweg geweldig. Neem contact op en vraag een gratis offerte aan![\/vc_column_text][vc_empty_space][\/vc_column][\/vc_row][vc_row css_animation=&#8221;&#8221; row_type=&#8221;row&#8221; use_row_as_full_screen_section=&#8221;no&#8221; type=&#8221;grid&#8221; angled_section=&#8221;no&#8221; text_align=&#8221;left&#8221; background_image_as_pattern=&#8221;without_pattern&#8221;][vc_column][vc_empty_space][vc_column_text]<\/p>\n<h3 style=\"text-align: center; color: #36539d;\">De voordelen van het gebruik van onze paspoortvertaaldiensten<\/h3>\n<p>[\/vc_column_text][vc_empty_space][\/vc_column][\/vc_row][vc_row css_animation=&#8221;&#8221; row_type=&#8221;row&#8221; use_row_as_full_screen_section=&#8221;no&#8221; type=&#8221;grid&#8221; angled_section=&#8221;no&#8221; text_align=&#8221;left&#8221; background_image_as_pattern=&#8221;without_pattern&#8221;][vc_column width=&#8221;1\/3&#8243; el_class=&#8221;border_Div&#8221;][vc_single_image image=&#8221;10768&#8243; img_size=&#8221;large&#8221; alignment=&#8221;center&#8221; qode_css_animation=&#8221;&#8221; title=&#8221;Paspoort vertaalproces  &#8220;][vc_column_text]<\/p>\n<p style=\"text-align: center;\">Met ons netwerk van meer dan 3000 professionele vertalers van over de hele wereld zijn we in staat om je paspoort uit meer dan <a href=\"https:\/\/www.dutchtrans.co.uk\/nl\/onze-talen\/\">120 talen<\/a> naar het Engels te vertalen en je een be\u00ebdigde vertaling te geven voor het paspoort of elk ander persoonlijk document dat je mogelijk wilt laten vertalen.<\/p>\n<p>[\/vc_column_text][\/vc_column][vc_column width=&#8221;1\/3&#8243; el_class=&#8221;border_Div&#8221;][vc_single_image image=&#8221;10778&#8243; img_size=&#8221;large&#8221; alignment=&#8221;center&#8221; qode_css_animation=&#8221;&#8221; title=&#8221;We bieden lage tarieven&#8221;][vc_column_text]<\/p>\n<p style=\"text-align: center;\">Je kunt een be\u00ebdigde vertaling van je paspoort krijgen voor slechts \u00a320 per pagina, wat waarschijnlijk de laagste prijs is die je in het Verenigd Koninkrijk kunt vinden! We kunnen zo laag gaan dankzij onze zeer effici\u00ebnte workflow, waardoor we dingen snel voor elkaar krijgen!<\/p>\n<p>[\/vc_column_text][\/vc_column][vc_column width=&#8221;1\/3&#8243; el_class=&#8221;border_Div&#8221;][vc_single_image image=&#8221;10759&#8243; img_size=&#8221;150&#215;150&#8243; alignment=&#8221;center&#8221; qode_css_animation=&#8221;&#8221; title=&#8221;Levering volgende dag&#8221;][vc_column_text]<\/p>\n<p style=\"text-align: center;\">We begrijpen dat er soms noodgevallen kunnen zijn en onze spoed- en vertaaldienst voor de volgende dag is er om je in zo&#8217;n situatie te helpen. Je kunt je paspoort binnen 24 uur of minder laten vertalen, zonder extra kosten.<\/p>\n<p>[\/vc_column_text][\/vc_column][\/vc_row][vc_row css_animation=&#8221;&#8221; row_type=&#8221;row&#8221; use_row_as_full_screen_section=&#8221;yes&#8221; type=&#8221;full_width&#8221; angled_section=&#8221;no&#8221; text_align=&#8221;left&#8221; background_image_as_pattern=&#8221;without_pattern&#8221; el_class=&#8221;callaction&#8221;][vc_column][vc_empty_space][vc_row_inner row_type=&#8221;row&#8221; type=&#8221;full_width&#8221; text_align=&#8221;left&#8221; css_animation=&#8221;&#8221;][vc_column_inner]<div class=\"call_to_action normal\" style=\"background-color: #f08700;\"><div class=\"container_inner\"><div class=\"two_columns_75_25 clearfix\"><div class=\"text_wrapper column1\"><div class=\"call_to_action_text  font_size_inherit font_weight_inherit\" style=\"font-size:24px;font-weight: 700;\"><span style=\"text-align: center;\"><img decoding=\"async\" class=\"alignleft wp-image-12297 size-full\" src=\"https:\/\/www.dutchtrans.co.uk\/wp-content\/uploads\/2018\/05\/certified-translation-price.png\" alt=\"prijs be\u00ebdigde vertaling\" width=\"63\" height=\"57\">  BEREKEN UW BE\u00cbDIGDE VERTAALPRIJS<\/span><\/div><\/div><div class=\"button_wrapper column2\"><a itemprop=\"url\" href=\"https:\/\/www.dutchtrans.co.uk\/certified-translation-tool\/\" class=\"qbutton white \" target=\"_self\" style=\"color: #ffffff;border-color: #ffffff;\" data-hover-background-color=#ffffff data-hover-border-color=#ffffff data-hover-color=#a2a2a2>Klik hier<\/a><\/div><\/div><\/div><\/div>[\/vc_column_inner][\/vc_row_inner][vc_empty_space][\/vc_column][\/vc_row][vc_row css_animation=&#8221;&#8221; row_type=&#8221;row&#8221; use_row_as_full_screen_section=&#8221;no&#8221; type=&#8221;grid&#8221; angled_section=&#8221;no&#8221; text_align=&#8221;left&#8221; background_image_as_pattern=&#8221;without_pattern&#8221;][vc_column width=&#8221;2\/3&#8243;][vc_empty_space][vc_column_text]<\/p>\n<h3 style=\"text-align: center; color: #36539d;\">Professionele vertaling goed gedaan<\/h3>\n<p>Heeft een overheid een paspoortvertaling van je nodig? Wordt het onmiddellijk ge\u00ebist door een bepaalde instantie? Heb je een vertaald paspoort nodig voordat je een land binnenkomt?<\/p>\n<p>Ondanks de aard van je vereisten moet je een ervaren lingu\u00efst hebben die paspoorten met uiterste zorg kan vertalen, omdat paspoorten wereldwijd worden gebruikt voor reisdoeleinden en worden gecontroleerd door autoriteiten, agentschappen en instellingen.<\/p>\n<p>Het paspoort is een cruciaal document en daarom moet de vertaling ervan nauwkeurig en professioneel zijn. Om dat punt van perfectie te bereiken, bieden we onze klanten een volledig vertaalproces waarbij de vertaling wordt nagelezen door een andere vertaler, zodat er geen ruimte is voor fouten. De vertaling wordt dan naar jou gestuurd voor goedkeuring en pas daarna voegen we de vertaling toe aan het originele sjabloon (zodat de vertaling er precies zo uitziet als het origineel), vullen we het certificaat van nauwkeurigheid in en sturen we je het eindresultaat.<\/p>\n<p>We zijn ons volledig bewust van de grote behoefte aan vertrouwelijkheid die met dergelijke documenten gepaard gaat en daarom laat <a href=\"https:\/\/www.dutchtrans.co.uk\/nl\/\">DutchTrans<\/a> geen middel onbeproefd om vertalingen van professionele kwaliteit te leveren en tegelijkertijd de volledige vertrouwelijkheid van al uw documenten te waarborgen. Onze professionaliteit wordt gekenmerkt door de manier waarop we de vertrouwelijkheid van dergelijke documenten respecteren en naleven.[\/vc_column_text][\/vc_column][vc_column width=&#8221;1\/3&#8243;][vc_empty_space][vc_single_image image=&#8221;10790&#8243; img_size=&#8221;250&#215;250&#8243; alignment=&#8221;center&#8221; qode_css_animation=&#8221;&#8221;][\/vc_column][\/vc_row][vc_row css_animation=&#8221;&#8221; row_type=&#8221;row&#8221; use_row_as_full_screen_section=&#8221;no&#8221; type=&#8221;grid&#8221; angled_section=&#8221;no&#8221; text_align=&#8221;left&#8221; background_image_as_pattern=&#8221;without_pattern&#8221;][vc_column width=&#8221;1\/3&#8243;][vc_empty_space][vc_single_image image=&#8221;11553&#8243; img_size=&#8221;250&#215;250&#8243; alignment=&#8221;center&#8221; qode_css_animation=&#8221;&#8221;][vc_empty_space][\/vc_column][vc_column width=&#8221;2\/3&#8243;][vc_empty_space][vc_column_text]<\/p>\n<h3 style=\"text-align: center; color: #36539d;\">Excellentie in be\u00ebdigde vertaling voor immigratie in het Verenigd Koninkrijk<\/h3>\n<p style=\"text-align: left;\">DutchTrans heeft de afgelopen jaren voortdurend uitstekende paspoortvertaalservices geleverd. Ons meegaand beleid voor onze klanten, zoals lage prijzen en snelle levering van diensten van hoge kwaliteit, heeft ons naar de top van de vertaalindustrie geleid.<\/p>\n<p style=\"text-align: left;\">Dit is precies de reden waarom we in alles wat we doen succesvol zijn. Elke klant die in het verleden met ons heeft gewerkt, waaronder individuen, overheden, overheidsinstanties, multinationale reuzen en particuliere ondernemingen vertrouwen op onze diensten en komen nog steeds naar ons toe wanneer ze meer vertalingen nodig hebben.<\/p>\n<p style=\"text-align: left;\">We gebruiken alleen vertalers die goed thuis zijn in het juridische veld en die zich bewust zijn van de juridische implicaties en vereisten als het gaat om <a href=\"https:\/\/www.dutchtrans.co.uk\/nl\/uk-gecertificeerde-vertaling\/\">be\u00ebdigde vertalingen<\/a>. Zo leveren we vertalingen die gegarandeerd worden geaccepteerd door elke staatsinstelling in het Verenigd Koninkrijk. We zorgen ervoor dat de vertaling er precies zo uitziet als het origineel, we geven je een certificaat van nauwkeurigheid dat getuigt van de nauwkeurigheid van de vertaling en we verzegelen elke pagina om elke kans op vervalsing of fraude uit te sluiten.<\/p>\n<p>[\/vc_column_text][vc_empty_space][\/vc_column][\/vc_row][vc_row css_animation=&#8221;&#8221; row_type=&#8221;row&#8221; use_row_as_full_screen_section=&#8221;no&#8221; type=&#8221;grid&#8221; angled_section=&#8221;no&#8221; text_align=&#8221;left&#8221; background_image_as_pattern=&#8221;without_pattern&#8221;][vc_column width=&#8221;2\/3&#8243;][vc_empty_space][vc_column_text]<\/p>\n<h3 style=\"text-align: center; color: #36539d;\">Snelle vertaling van je paspoort<\/h3>\n<p>Als je iets op de markt gaat kopen, hoe weet je dan zeker dat het product echt is? Je controleert het label en waarschijnlijk ook de certificeringen. Zo belangrijk is certificering, waarom dan geen vertalingen. Ook wanneer je op reis gaat en je paspoort vertaald moet worden, wordt je gevraagd om een be\u00ebdigde paspoortvertaling in te dienen. En dat is wanneer de problemen beginnen, je begint na te denken over het feit dat je in Groot-Brittanni\u00eb bent, waar elke service in overvloed te vinden is en weinig tot geen manier om te weten welke de beste is.<\/p>\n<p>DutchTrans doorbreekt die stereotype denkwijze. Met uitstekende gecertificeerde vertaaldiensten is DutchTrans het nummer \u00e9\u00e9n vertaalbedrijf in Groot-Brittanni\u00eb. En we leveren allerlei vertaaldiensten, waaronder een be\u00ebdigde vertaling van je paspoort. Onze klanten zijn waardevol voor ons en we staan altijd klaar om hen te helpen bij hun projecten. Onze immigratiespecialisten zorgen voor de paspoortvertalingen. Als onderdeel van hun expertise zijn ze volledig op de hoogte van alle vereisten die komen kijken bij paspoortvertalingen. Dus als je een paspoort hebt dat vertaald moet worden met een certificaat van nauwkeurigheid, dan wachten we op je om ons te bellen of met ons te praten via onze live chat optie.[\/vc_column_text][vc_empty_space][\/vc_column][vc_column width=&#8221;1\/3&#8243;][vc_empty_space][vc_single_image image=&#8221;14989&#8243; img_size=&#8221;250&#215;250&#8243; alignment=&#8221;center&#8221; qode_css_animation=&#8221;&#8221;][vc_empty_space][\/vc_column][\/vc_row][vc_row css_animation=&#8221;&#8221; row_type=&#8221;row&#8221; use_row_as_full_screen_section=&#8221;no&#8221; type=&#8221;grid&#8221; angled_section=&#8221;no&#8221; text_align=&#8221;left&#8221; background_image_as_pattern=&#8221;without_pattern&#8221;][vc_column][vc_empty_space][vc_column_text]<\/p>\n<p style=\"text-align: center;\">Als je je paspoort snel en nauwkeurig wilt laten vertalen, neem dan contact met ons op wanneer het jou uitkomt. We staan 24\/7 voor je klaar om vragen te beantwoorden of een gratis, directe offerte voor je vertaling te maken.<\/p>\n<p>[\/vc_column_text][vc_empty_space][\/vc_column][\/vc_row][vc_row css_animation=&#8221;&#8221; row_type=&#8221;row&#8221; use_row_as_full_screen_section=&#8221;no&#8221; type=&#8221;full_width&#8221; angled_section=&#8221;no&#8221; text_align=&#8221;left&#8221; background_image_as_pattern=&#8221;without_pattern&#8221;][vc_column][vc_column_text]<br \/>\n[\/vc_column_text][\/vc_column][\/vc_row][vc_row css_animation=&#8221;&#8221; row_type=&#8221;row&#8221; use_row_as_full_screen_section=&#8221;no&#8221; type=&#8221;grid&#8221; angled_section=&#8221;no&#8221; text_align=&#8221;left&#8221; background_image_as_pattern=&#8221;without_pattern&#8221; css=&#8221;.vc_custom_1473098385290{background-color: #9899cb !important;}&#8221;][vc_column][vc_row_inner row_type=&#8221;row&#8221; type=&#8221;full_width&#8221; text_align=&#8221;left&#8221; css_animation=&#8221;&#8221;][vc_column_inner]<div class=\"call_to_action normal\" style=\"background-color: #9899cb;\"><div class=\"container_inner\"><div class=\"two_columns_75_25 clearfix\"><div class=\"text_wrapper column1\"><div class=\"call_to_action_text  font_size_inherit font_weight_inherit\" style=\"font-size:24px;font-weight: 700;\"><span style=\"color: #ffffff; text-align: center;\">NEEM OP ELK MOMENT CONTACT MET ONS OP MET UW VRAGEN<\/span><\/div><\/div><div class=\"button_wrapper column2\"><a itemprop=\"url\" href=\"https:\/\/www.dutchtrans.co.uk\/chat-popup\/\" class=\"qbutton white \" target=\"_self\" style=\"color: #ffffff;\" >Live chat<\/a><\/div><\/div><\/div><\/div>[\/vc_column_inner][\/vc_row_inner][\/vc_column][\/vc_row][vc_row css_animation=&#8221;&#8221; row_type=&#8221;row&#8221; use_row_as_full_screen_section=&#8221;no&#8221; type=&#8221;grid&#8221; angled_section=&#8221;no&#8221; text_align=&#8221;left&#8221; background_image_as_pattern=&#8221;without_pattern&#8221;][vc_column][vc_empty_space][\/vc_column][\/vc_row]<\/p>\n<\/div>","protected":false},"excerpt":{"rendered":"<p>[vc_row css_animation=&#8221;&#8221; row_type=&#8221;row&#8221; use_row_as_full_screen_section=&#8221;no&#8221; type=&#8221;grid&#8221; angled_section=&#8221;no&#8221; text_align=&#8221;left&#8221; background_image_as_pattern=&#8221;without_pattern&#8221;][vc_column][vc_empty_space][vc_column_text] Paspoort Vertaaldiensten Krijg snel en goedkoop een be\u00ebdigde vertaling voor je paspoort [\/vc_column_text][vc_empty_space][vc_column_text] Als je een ander land wilt bezoeken of daar naartoe wilt emigreren, moet je misschien al je persoonlijke documenten vertalen, zoals je geboorte- en&#8230;<\/p>\n","protected":false},"author":1,"featured_media":10739,"parent":0,"menu_order":0,"comment_status":"closed","ping_status":"closed","template":"full_width.php","meta":{"_acf_changed":false,"footnotes":""},"class_list":["post-38773","page","type-page","status-publish","has-post-thumbnail","hentry"],"acf":[],"yoast_head":"<!-- This site is optimized with the Yoast SEO Premium plugin v26.5 (Yoast SEO v26.5) - https:\/\/yoast.com\/wordpress\/plugins\/seo\/ -->\n<title>Snelle en goedkope paspoortvertaaldiensten vanuit elke taal<\/title>\n<meta name=\"description\" content=\"In Londen en snelle en goedkope maar gecertificeerde paspoortvertaaldiensten nodig? DutchTrans is er voor jou, waar ter wereld je ook bent.\" \/>\n<meta name=\"robots\" content=\"index, follow, max-snippet:-1, max-image-preview:large, max-video-preview:-1\" \/>\n<link rel=\"canonical\" href=\"https:\/\/www.dutchtrans.co.uk\/nl\/paspoort-vertaaldiensten\/\" \/>\n<meta property=\"og:locale\" content=\"nl_NL\" \/>\n<meta property=\"og:type\" content=\"article\" \/>\n<meta property=\"og:title\" content=\"Paspoort Vertaaldiensten\" \/>\n<meta property=\"og:description\" content=\"In Londen en snelle en goedkope maar gecertificeerde paspoortvertaaldiensten nodig? DutchTrans is er voor jou, waar ter wereld je ook bent.\" \/>\n<meta property=\"og:url\" content=\"https:\/\/www.dutchtrans.co.uk\/nl\/paspoort-vertaaldiensten\/\" \/>\n<meta property=\"og:site_name\" content=\"Dutchtrans\" \/>\n<meta property=\"article:publisher\" content=\"https:\/\/www.facebook.com\/DutchTrans\" \/>\n<meta property=\"article:modified_time\" content=\"2023-06-09T07:46:21+00:00\" \/>\n<meta property=\"og:image\" content=\"https:\/\/www.dutchtrans.co.uk\/wp-content\/uploads\/2018\/03\/passport-translation-services.png\" \/>\n\t<meta property=\"og:image:width\" content=\"1920\" \/>\n\t<meta property=\"og:image:height\" content=\"500\" \/>\n\t<meta property=\"og:image:type\" content=\"image\/png\" \/>\n<meta name=\"twitter:card\" content=\"summary_large_image\" \/>\n<meta name=\"twitter:site\" content=\"@DutchTrans\" \/>\n<meta name=\"twitter:label1\" content=\"Geschatte leestijd\" \/>\n\t<meta name=\"twitter:data1\" content=\"10 minuten\" \/>\n<!-- \/ Yoast SEO Premium plugin. -->","yoast_head_json":{"title":"Snelle en goedkope paspoortvertaaldiensten vanuit elke taal","description":"In Londen en snelle en goedkope maar gecertificeerde paspoortvertaaldiensten nodig? DutchTrans is er voor jou, waar ter wereld je ook bent.","robots":{"index":"index","follow":"follow","max-snippet":"max-snippet:-1","max-image-preview":"max-image-preview:large","max-video-preview":"max-video-preview:-1"},"canonical":"https:\/\/www.dutchtrans.co.uk\/nl\/paspoort-vertaaldiensten\/","og_locale":"nl_NL","og_type":"article","og_title":"Paspoort Vertaaldiensten","og_description":"In Londen en snelle en goedkope maar gecertificeerde paspoortvertaaldiensten nodig? DutchTrans is er voor jou, waar ter wereld je ook bent.","og_url":"https:\/\/www.dutchtrans.co.uk\/nl\/paspoort-vertaaldiensten\/","og_site_name":"Dutchtrans","article_publisher":"https:\/\/www.facebook.com\/DutchTrans","article_modified_time":"2023-06-09T07:46:21+00:00","og_image":[{"width":1920,"height":500,"url":"https:\/\/www.dutchtrans.co.uk\/wp-content\/uploads\/2018\/03\/passport-translation-services.png","type":"image\/png"}],"twitter_card":"summary_large_image","twitter_site":"@DutchTrans","twitter_misc":{"Geschatte leestijd":"10 minuten"},"schema":{"@context":"https:\/\/schema.org","@graph":[{"@type":"WebPage","@id":"https:\/\/www.dutchtrans.co.uk\/nl\/paspoort-vertaaldiensten\/","url":"https:\/\/www.dutchtrans.co.uk\/nl\/paspoort-vertaaldiensten\/","name":"Snelle en goedkope paspoortvertaaldiensten vanuit elke taal","isPartOf":{"@id":"https:\/\/www.dutchtrans.co.uk\/nl\/#website"},"primaryImageOfPage":{"@id":"https:\/\/www.dutchtrans.co.uk\/nl\/paspoort-vertaaldiensten\/#primaryimage"},"image":{"@id":"https:\/\/www.dutchtrans.co.uk\/nl\/paspoort-vertaaldiensten\/#primaryimage"},"thumbnailUrl":"https:\/\/www.dutchtrans.co.uk\/wp-content\/uploads\/2018\/03\/passport-translation-services.png","datePublished":"2023-06-09T07:46:11+00:00","dateModified":"2023-06-09T07:46:21+00:00","description":"In Londen en snelle en goedkope maar gecertificeerde paspoortvertaaldiensten nodig? DutchTrans is er voor jou, waar ter wereld je ook bent.","breadcrumb":{"@id":"https:\/\/www.dutchtrans.co.uk\/nl\/paspoort-vertaaldiensten\/#breadcrumb"},"inLanguage":"nl-NL","potentialAction":[{"@type":"ReadAction","target":["https:\/\/www.dutchtrans.co.uk\/nl\/paspoort-vertaaldiensten\/"]}]},{"@type":"ImageObject","inLanguage":"nl-NL","@id":"https:\/\/www.dutchtrans.co.uk\/nl\/paspoort-vertaaldiensten\/#primaryimage","url":"https:\/\/www.dutchtrans.co.uk\/wp-content\/uploads\/2018\/03\/passport-translation-services.png","contentUrl":"https:\/\/www.dutchtrans.co.uk\/wp-content\/uploads\/2018\/03\/passport-translation-services.png","width":1920,"height":500,"caption":"passport translation services"},{"@type":"BreadcrumbList","@id":"https:\/\/www.dutchtrans.co.uk\/nl\/paspoort-vertaaldiensten\/#breadcrumb","itemListElement":[{"@type":"ListItem","position":1,"name":"Home","item":"https:\/\/www.dutchtrans.co.uk\/nl\/home\/"},{"@type":"ListItem","position":2,"name":"Paspoort Vertaaldiensten"}]},{"@type":"WebSite","@id":"https:\/\/www.dutchtrans.co.uk\/nl\/#website","url":"https:\/\/www.dutchtrans.co.uk\/nl\/","name":"DutchTrans","description":"DutchTrans is a leading Dutch translation agency focusing on document and website translation, offering high quality Dutch to English translation services.","publisher":{"@id":"https:\/\/www.dutchtrans.co.uk\/nl\/#organization"},"potentialAction":[{"@type":"SearchAction","target":{"@type":"EntryPoint","urlTemplate":"https:\/\/www.dutchtrans.co.uk\/nl\/?s={search_term_string}"},"query-input":{"@type":"PropertyValueSpecification","valueRequired":true,"valueName":"search_term_string"}}],"inLanguage":"nl-NL"},{"@type":"Organization","@id":"https:\/\/www.dutchtrans.co.uk\/nl\/#organization","name":"DutchTrans - Translation Services","url":"https:\/\/www.dutchtrans.co.uk\/nl\/","logo":{"@type":"ImageObject","inLanguage":"nl-NL","@id":"https:\/\/www.dutchtrans.co.uk\/nl\/#\/schema\/logo\/image\/","url":"https:\/\/www.dutchtrans.co.uk\/wp-content\/uploads\/2015\/02\/DTlogo2.png","contentUrl":"https:\/\/www.dutchtrans.co.uk\/wp-content\/uploads\/2015\/02\/DTlogo2.png","width":197,"height":170,"caption":"DutchTrans - Translation Services"},"image":{"@id":"https:\/\/www.dutchtrans.co.uk\/nl\/#\/schema\/logo\/image\/"},"sameAs":["https:\/\/www.facebook.com\/DutchTrans","https:\/\/x.com\/DutchTrans","https:\/\/www.instagram.com\/DutchtransUK","https:\/\/www.linkedin.com\/company\/dutchtrans-co-uk","https:\/\/www.pinterest.com\/dutchtrans","https:\/\/www.youtube.com\/c\/DutchtransCoUk"]}]}},"_links":{"self":[{"href":"https:\/\/www.dutchtrans.co.uk\/nl\/wp-json\/wp\/v2\/pages\/38773","targetHints":{"allow":["GET"]}}],"collection":[{"href":"https:\/\/www.dutchtrans.co.uk\/nl\/wp-json\/wp\/v2\/pages"}],"about":[{"href":"https:\/\/www.dutchtrans.co.uk\/nl\/wp-json\/wp\/v2\/types\/page"}],"author":[{"embeddable":true,"href":"https:\/\/www.dutchtrans.co.uk\/nl\/wp-json\/wp\/v2\/users\/1"}],"replies":[{"embeddable":true,"href":"https:\/\/www.dutchtrans.co.uk\/nl\/wp-json\/wp\/v2\/comments?post=38773"}],"version-history":[{"count":3,"href":"https:\/\/www.dutchtrans.co.uk\/nl\/wp-json\/wp\/v2\/pages\/38773\/revisions"}],"predecessor-version":[{"id":38776,"href":"https:\/\/www.dutchtrans.co.uk\/nl\/wp-json\/wp\/v2\/pages\/38773\/revisions\/38776"}],"wp:featuredmedia":[{"embeddable":true,"href":"https:\/\/www.dutchtrans.co.uk\/nl\/wp-json\/wp\/v2\/media\/10739"}],"wp:attachment":[{"href":"https:\/\/www.dutchtrans.co.uk\/nl\/wp-json\/wp\/v2\/media?parent=38773"}],"curies":[{"name":"wp","href":"https:\/\/api.w.org\/{rel}","templated":true}]}}