{"id":38825,"date":"2023-06-09T10:00:16","date_gmt":"2023-06-09T10:00:16","guid":{"rendered":"https:\/\/www.dutchtrans.co.uk\/notariele-vertaaldiensten\/"},"modified":"2024-09-01T11:06:03","modified_gmt":"2024-09-01T11:06:03","slug":"notariele-vertaaldiensten","status":"publish","type":"page","link":"https:\/\/www.dutchtrans.co.uk\/nl\/notariele-vertaaldiensten\/","title":{"rendered":"Notari\u00eble vertaaldiensten"},"content":{"rendered":"<div class=\"wpb-content-wrapper\"><p>[vc_row css_animation=&#8221;&#8221; row_type=&#8221;row&#8221; use_row_as_full_screen_section=&#8221;no&#8221; type=&#8221;grid&#8221; angled_section=&#8221;no&#8221; text_align=&#8221;left&#8221; background_image_as_pattern=&#8221;without_pattern&#8221;][vc_column][vc_empty_space][vc_column_text]<\/p>\n<h1 style=\"text-align: center; color: #36539d;\">Notari\u00eble vertaaldiensten<\/h1>\n<h3 style=\"text-align: center; color: #36539d;\">Britse notari\u00eble vertaling van documenten<\/h3>\n<p>[\/vc_column_text][vc_empty_space][vc_column_text]<\/p>\n<p style=\"text-align: center;\">Verhuizen naar een ander land? Ga je trouwen met een buitenlander of wil je toegelaten worden tot een universiteit in het buitenland? U hebt bijna altijd be\u00ebdigde of notari\u00eble vertaaldiensten nodig voor uw documenten. <a href=\"https:\/\/www.dutchtrans.co.uk\/nl\/\">DutchTrans<\/a>, als een van de beste vertaalbedrijven ter wereld, heeft alle voorwaarden om notari\u00eble vertaaldiensten voor het VK en de VS te leveren tegen een eerlijke prijs.<\/p>\n<p>[\/vc_column_text][vc_empty_space][\/vc_column][\/vc_row][vc_row css_animation=&#8221;&#8221; row_type=&#8221;row&#8221; use_row_as_full_screen_section=&#8221;no&#8221; type=&#8221;grid&#8221; angled_section=&#8221;no&#8221; text_align=&#8221;left&#8221; background_image_as_pattern=&#8221;without_pattern&#8221;][vc_column width=&#8221;1\/3&#8243;][vc_empty_space][vc_single_image image=&#8221;11508&#8243; img_size=&#8221;&#8221; alignment=&#8221;center&#8221; qode_css_animation=&#8221;&#8221;][vc_empty_space][\/vc_column][vc_column width=&#8221;2\/3&#8243;][vc_empty_space][vc_column_text]<\/p>\n<h3 style=\"text-align: center; color: #36539d;\">Waarom op ons rekenen voor een snelle notari\u00eble vertaling van documenten?<\/h3>\n<p>Omdat de behoeften aan vertalingen in de wereld snel veranderen, houden we de vereisten van de Britse en Amerikaanse immigratiediensten in de gaten en werken we onze regels regelmatig bij. Bijvoorbeeld, notari\u00eble vertaaldiensten zijn vereist voor wettelijke documenten zoals geboorteakten en huwelijksakten in immigratiediensten. In sommige gevallen eisen de autoriteiten zelfs notari\u00eble vertalingen voor zakelijke documenten.<\/p>\n<p>Documenten, persoonlijk of commercieel, die juridische implicaties hebben, moeten gecertificeerd of notarieel bekrachtigd worden. Onze vertalers en projectmanagers werken nauw samen met de notaris en we zorgen ervoor dat aan de eisen van onze klant wordt voldaan volgens de vereisten van de betreffende instellingen. Als je bijvoorbeeld een notari\u00eble vertaling van je geboorteakte nodig hebt voor gebruik in het Verenigd Koninkrijk, dan kunnen wij dat voor je doen. Hetzelfde geldt voor alle andere persoonlijke documenten voor gebruik in het VK of de VS.<\/p>\n<p>Nadat we de vertaling hebben gemaakt en het certificaat van nauwkeurigheid hebben ondertekend, presenteren we de documenten aan de notaris die ze ondertekent en stempelt, waardoor de vertaling een notari\u00eble vertaling wordt.[\/vc_column_text][vc_empty_space][\/vc_column][\/vc_row][vc_row css_animation=&#8221;&#8221; row_type=&#8221;row&#8221; use_row_as_full_screen_section=&#8221;no&#8221; type=&#8221;grid&#8221; angled_section=&#8221;no&#8221; text_align=&#8221;left&#8221; background_image_as_pattern=&#8221;without_pattern&#8221;][vc_column][vc_empty_space][vc_column_text]<\/p>\n<p style=\"text-align: center;\">Je kunt op verschillende manieren contact met ons opnemen: telefonisch of online, maar je kunt ook langskomen bij ons <a href=\"https:\/\/www.dutchtrans.co.uk\/contact\/translation-services-in-london\/\">vertaalbureau in Londen<\/a>. Dutch Trans helpt je graag met elke vertaling die je nodig hebt.<\/p>\n<p>[\/vc_column_text][vc_empty_space][\/vc_column][\/vc_row][vc_row css_animation=&#8221;&#8221; row_type=&#8221;row&#8221; use_row_as_full_screen_section=&#8221;no&#8221; type=&#8221;grid&#8221; angled_section=&#8221;no&#8221; text_align=&#8221;left&#8221; background_image_as_pattern=&#8221;without_pattern&#8221;][vc_column width=&#8221;1\/3&#8243; el_class=&#8221;border_Div&#8221;][vc_single_image image=&#8221;9687&#8243; img_size=&#8221;large&#8221; alignment=&#8221;center&#8221; qode_css_animation=&#8221;&#8221; title=&#8221;Gratis online offerte&#8221;][vc_column_text]<\/p>\n<p style=\"text-align: center;\">We weten dat het veel tijd kost om bij meerdere bedrijven offertes op te vragen, daarom bieden we een gratis online offerte aan op DutchTrans. Onze live chatoptie, e-mail en telefoondiensten bieden onmiddellijke toegang tot onze projectmanagers. Je kunt op elk moment online een offerte aanvragen voor je project. Onze getrainde medewerkers zullen je niet alleen een offerte geven, maar je ook begeleiden bij het type vertaling dat je wilt. Onze online offerte geeft je ook de mogelijkheid om onze prijzen te vergelijken voordat je je bestelling plaatst.<\/p>\n<p>[\/vc_column_text][\/vc_column][vc_column width=&#8221;1\/3&#8243; el_class=&#8221;border_Div&#8221;][vc_single_image image=&#8221;9696&#8243; img_size=&#8221;large&#8221; alignment=&#8221;center&#8221; qode_css_animation=&#8221;&#8221; title=&#8221;Kwaliteit&#8221;][vc_column_text]<\/p>\n<p style=\"text-align: center;\">Notari\u00eble vertalingen zijn van vitaal belang voor je en ze moeten foutloos en authentiek zijn. We verzekeren beide dat onze kwaliteitscontrole altijd op punt staat, omdat we nooit concessies doen aan de kwaliteit. Ons werkproces is systematisch en wordt regelmatig geanalyseerd door onze experts, waardoor er geen ruimte is voor fouten. Een andere manier om kwaliteit en precisie in het hele proces in evenwicht te brengen, is het gebruik van de juiste terminologie in de vertaalde tekst. Bij ons hoef je je dus geen zorgen te maken over de kwaliteit van de vertaling, notarieel, be\u00ebdigd of regulier.<\/p>\n<p>[\/vc_column_text][\/vc_column][vc_column width=&#8221;1\/3&#8243; el_class=&#8221;border_Div&#8221;][vc_single_image image=&#8221;9705&#8243; img_size=&#8221;150&#215;150&#8243; alignment=&#8221;center&#8221; qode_css_animation=&#8221;&#8221; title=&#8221;24\/7 Beschikbaarheid&#8221;][vc_column_text]<\/p>\n<p style=\"text-align: center;\">We werken onvermoeibaar, afhankelijk van ons werk zijn we altijd open, dag en nacht, zelfs in het weekend. Je kunt al je vragen stellen, je kunt je bestelling online plaatsen en je kunt je vertalingen op elke dag van de week ontvangen, ook in het weekend. En met onze live chatoptie kun je op elk moment contact opnemen met onze projectmanagers. Op elk moment dat je een urgente vertaling nodig hebt, zelfs een notari\u00eble vertaling van je geboorteakte, staat DutchTrans altijd voor je klaar.<\/p>\n<p>[\/vc_column_text][\/vc_column][\/vc_row][vc_row css_animation=&#8221;&#8221; row_type=&#8221;row&#8221; use_row_as_full_screen_section=&#8221;yes&#8221; type=&#8221;full_width&#8221; angled_section=&#8221;no&#8221; text_align=&#8221;left&#8221; background_image_as_pattern=&#8221;without_pattern&#8221; el_class=&#8221;callaction&#8221;][vc_column][vc_empty_space][vc_row_inner row_type=&#8221;row&#8221; type=&#8221;full_width&#8221; text_align=&#8221;left&#8221; css_animation=&#8221;&#8221;][vc_column_inner]<div class=\"call_to_action normal\" style=\"background-color: #f08700;\"><div class=\"container_inner\"><div class=\"two_columns_75_25 clearfix\"><div class=\"text_wrapper column1\"><div class=\"call_to_action_text  font_size_inherit font_weight_inherit\" style=\"font-size:24px;font-weight: 700;\"><span style=\"text-align: center;\"><img decoding=\"async\" class=\"alignleft wp-image-12297 size-full\" src=\"https:\/\/www.dutchtrans.co.uk\/wp-content\/uploads\/2018\/05\/certified-translation-price.png\" alt=\"prijs be\u00ebdigde vertaling\" width=\"63\" height=\"57\" \/> BEREKEN UW BE\u00cbDIGDE VERTAALPRIJS<\/span><\/div><\/div><div class=\"button_wrapper column2\"><a itemprop=\"url\" href=\"https:\/\/www.dutchtrans.co.uk\/certified-translation-tool\/\" class=\"qbutton white \" target=\"_self\" style=\"color: #ffffff;border-color: #ffffff;\" data-hover-background-color=#ffffff data-hover-border-color=#ffffff data-hover-color=#a2a2a2>Klik hier<\/a><\/div><\/div><\/div><\/div>[\/vc_column_inner][\/vc_row_inner][vc_empty_space][\/vc_column][\/vc_row][vc_row css_animation=&#8221;&#8221; row_type=&#8221;row&#8221; use_row_as_full_screen_section=&#8221;no&#8221; type=&#8221;grid&#8221; angled_section=&#8221;no&#8221; text_align=&#8221;left&#8221; background_image_as_pattern=&#8221;without_pattern&#8221;][vc_column width=&#8221;2\/3&#8243;][vc_empty_space][vc_column_text]<\/p>\n<h3 style=\"text-align: center; color: #36539d;\">Hoe werkt het?<\/h3>\n<p>Bij Dutch Trans begrijpen we dat vertalen de behoefte van vandaag is. Daarom behandelen we elk project met veel zorg. Bij notari\u00eble vertaaldiensten zorgen we ervoor dat de vertaling wordt uitgevoerd volgens de regels van het land waarvoor het document bestemd is. Onze experts zijn zich volledig bewust van het feit dat elk land andere regels heeft met betrekking tot het waarmerken of notarieel bekrachtigen van bepaalde documenten en de vertalingen daarvan. De regels in het Verenigd Koninkrijk voor het vertalen van documenten zijn anders dan in de VS. Een echtheidscertificaat is vaak vereist in het Verenigd Koninkrijk wanneer immigratiedocumenten worden vertaald. In de VS kunnen vertalingen echter alleen notarieel worden vastgelegd door de handtekening van een notaris. De regels kunnen per land verschillen als het gaat om notarisatie, dus wij werken in overeenstemming met die voorwaarden.<\/p>\n<p>Als een klant een notari\u00eble vertaling van documenten nodig heeft, neemt de projectmanager eerst contact op met de vertalers die gekwalificeerd zijn in beide talen. Vervolgens neemt de projectmanager contact op met de juridische experts om er zeker van te zijn dat de eis van de klant voor notarisatie geldig is in dat specifieke land.<\/p>\n<p> Minuten later geven we de geschatte prijs en tijd voor het betreffende vertaalproject, inclusief de notarisatie van het document. Nadat het project is afgerond, wordt het notari\u00eble document in zijn huidige vorm aan de klant geleverd. En zelfs daarna blijven we beschikbaar voor onze klanten als ze verdere hulp van onze kant nodig hebben, want dat is waar DutchTrans voor staat, gegarandeerde klanttevredenheid.<\/p>\n<p>[\/vc_column_text][\/vc_column][vc_column width=&#8221;1\/3&#8243;][vc_empty_space][vc_single_image image=&#8221;11517&#8243; img_size=&#8221;&#8221; alignment=&#8221;center&#8221; qode_css_animation=&#8221;&#8221;][\/vc_column][\/vc_row][vc_row css_animation=&#8221;&#8221; row_type=&#8221;row&#8221; use_row_as_full_screen_section=&#8221;no&#8221; type=&#8221;grid&#8221; angled_section=&#8221;no&#8221; text_align=&#8221;left&#8221; background_image_as_pattern=&#8221;without_pattern&#8221;][vc_column width=&#8221;1\/3&#8243;][vc_empty_space][vc_single_image image=&#8221;24316&#8243; img_size=&#8221;&#8221; alignment=&#8221;center&#8221; qode_css_animation=&#8221;&#8221;][vc_empty_space][\/vc_column][vc_column width=&#8221;2\/3&#8243;][vc_empty_space][vc_column_text]<\/p>\n<h3 style=\"text-align: center; color: #36539d;\">Betaalbare diensten 24\/7 beschikbaar<\/h3>\n<p>Ons kantoor in Londen levert vertaaldiensten voor bedrijven en particulieren tegen betaalbare tarieven. Onze be\u00ebdigde vertaling wordt notarieel bekrachtigd en naar je verzonden via e-mail of post als je harde kopie\u00ebn nodig hebt, of je kunt naar ons kantoor komen om je documenten op te halen.<\/p>\n<p>Met onze diensten bespaart u zowel tijd als geld. Als je de vertaling laat maken door een freelancer, moet je hem meenemen naar de notaris om zijn identiteit te laten verifi\u00ebren voordat de notaris de vertaling stempelt. Meestal is dat niet mogelijk of moet je je tijd besteden aan het afspreken met de vertaler en samen naar de notaris gaan. De eenvoudigste manier om je vertaling notarieel te laten bekrachtigen is door het door ons te laten doen, omdat wij alles van vertaling tot certificering en notarisatie afhandelen zonder dat jij iets hoeft te doen.<\/p>\n<p>We zijn op elk moment beschikbaar en je kunt ons &#8216;s avonds laat of in het weekend online vinden. We rekenen geen extra tarieven als je je vertaling sneller nodig hebt en we doen nooit concessies aan de kwaliteit. We werken met meer dan 3.000 vertalers, kunnen vanuit elke taal naar het Engels vertalen en kunnen je vertaling binnen een dag klaar hebben.[\/vc_column_text][vc_empty_space][\/vc_column][\/vc_row][vc_row css_animation=&#8221;&#8221; row_type=&#8221;row&#8221; use_row_as_full_screen_section=&#8221;no&#8221; type=&#8221;grid&#8221; angled_section=&#8221;no&#8221; text_align=&#8221;left&#8221; background_image_as_pattern=&#8221;without_pattern&#8221;][vc_column width=&#8221;2\/3&#8243;][vc_empty_space][vc_column_text]<\/p>\n<h3 style=\"text-align: center; color: #36539d;\">Goedkope notari\u00eble vertaling van documenten<\/h3>\n<p>In bepaalde gevallen is een notari\u00eble vertaling van documenten verplicht. Aangezien het om een prestigieuze overheidsinstelling gaat, mag daar niets misgaan. Meestal vergeten mensen het belangrijkste aspect van hun documenten tijdens het reizen, de vertaling. Sommigen nemen zelfs pas op het laatste moment de moeite.<\/p>\n<p>We raden onze waardevolle klanten echter aan om dergelijke discrepanties voor te blijven. Zoals eerder gezegd, is de notari\u00eble vertaling van documenten geen zaak die je licht opvat. Daarom is het beter om de juiste informatie te krijgen over de vertaling van je belangrijke documenten. Wat de reden ook is, je moet een goede kennis hebben van alle vereisten. DutchTrans UK is de nummer \u00e9\u00e9n bron van notari\u00eble vertalingen. Onze projectmanagers houden voortdurend contact met de ambtenaren van het notariskantoor.<\/p>\n<p> Zodra ze een document ontvangen dat vertaald en notarieel bekrachtigd moet worden, zorgen ze ervoor dat ze voor elk klein dingetje in het proces zorgen. Bij ons kun je dus gewoon ontspannen terwijl wij ervoor zorgen dat je direct een notari\u00eble vertaling ontvangt. Als je vragen hebt, kun je contact met ons opnemen via onze live chatoptie en dan begeleiden we je door het proces.[\/vc_column_text][\/vc_column][vc_column width=&#8221;1\/3&#8243;][vc_empty_space][vc_single_image image=&#8221;14999&#8243; img_size=&#8221;&#8221; alignment=&#8221;center&#8221; qode_css_animation=&#8221;&#8221;][\/vc_column][\/vc_row][vc_row css_animation=&#8221;&#8221; row_type=&#8221;row&#8221; use_row_as_full_screen_section=&#8221;no&#8221; type=&#8221;grid&#8221; angled_section=&#8221;no&#8221; text_align=&#8221;left&#8221; background_image_as_pattern=&#8221;without_pattern&#8221;][vc_column][vc_empty_space][vc_column_text]<\/p>\n<h3 style=\"text-align: center; color: #36539d;\">Snelle levering<\/h3>\n<p>[\/vc_column_text][vc_empty_space][vc_column_text]<\/p>\n<p style=\"text-align: center;\">Bij DutchTrans zijn we goed op de hoogte van de vereisten van immigratie en onderwijsinstellingen als het gaat om het indienen van documenten en we leveren geldige <a href=\"https:\/\/www.dutchtrans.co.uk\/nl\/uk-gecertificeerde-vertaling\/\">be\u00ebdigde vertalingen<\/a> met of zonder notari\u00eble verklaring zoals vereist. We weten ook dat klanten snelle diensten nodig hebben; daarom leveren we alle vertalingen in de snelst mogelijke tijd. Onze projectmanagers blijven in contact met onze klanten en we houden ons aan onze belofte om de juiste vertaling te leveren, in strikte overeenstemming met de regels van de instelling waarvoor het document bedoeld is. We zorgen ervoor dat onze klanten niet naar verschillende plaatsen hoeven te gaan voor verschillende diensten en bieden ze een alles-in-\u00e9\u00e9n service binnen de kortste tijd, meestal binnen 24 uur. De levertijd hangt echter af van de documenten en hun complexiteit.<\/p>\n<p>[\/vc_column_text][\/vc_column][\/vc_row][vc_row css_animation=&#8221;&#8221; row_type=&#8221;row&#8221; use_row_as_full_screen_section=&#8221;no&#8221; type=&#8221;grid&#8221; angled_section=&#8221;no&#8221; text_align=&#8221;left&#8221; background_image_as_pattern=&#8221;without_pattern&#8221;][vc_column][vc_empty_space][vc_column_text][\/vc_column_text][vc_empty_space][\/vc_column][\/vc_row][vc_row css_animation=&#8221;&#8221; row_type=&#8221;row&#8221; use_row_as_full_screen_section=&#8221;no&#8221; type=&#8221;grid&#8221; angled_section=&#8221;no&#8221; text_align=&#8221;left&#8221; background_image_as_pattern=&#8221;without_pattern&#8221; css=&#8221;.vc_custom_1473098385290{background-color: #9899cb !important;}&#8221;][vc_column][vc_row_inner row_type=&#8221;row&#8221; type=&#8221;full_width&#8221; text_align=&#8221;left&#8221; css_animation=&#8221;&#8221;][vc_column_inner]<div class=\"call_to_action normal\" style=\"background-color: #9899cb;\"><div class=\"container_inner\"><div class=\"two_columns_75_25 clearfix\"><div class=\"text_wrapper column1\"><div class=\"call_to_action_text  font_size_inherit font_weight_inherit\" style=\"font-size:24px;font-weight: 700;\"><span style=\"color: #ffffff; text-align: center;\">NEEM OP ELK MOMENT CONTACT MET ONS OP MET UW VRAGEN<\/span><\/div><\/div><div class=\"button_wrapper column2\"><a itemprop=\"url\" href=\"https:\/\/www.dutchtrans.co.uk\/chat-popup\/\" class=\"qbutton white \" target=\"_self\" style=\"color: #ffffff;\" >Live chat<\/a><\/div><\/div><\/div><\/div>[\/vc_column_inner][\/vc_row_inner][\/vc_column][\/vc_row][vc_row css_animation=&#8221;&#8221; row_type=&#8221;row&#8221; use_row_as_full_screen_section=&#8221;no&#8221; type=&#8221;grid&#8221; angled_section=&#8221;no&#8221; text_align=&#8221;left&#8221; background_image_as_pattern=&#8221;without_pattern&#8221;][vc_column][vc_empty_space][\/vc_column][\/vc_row]<\/p>\n<\/div>","protected":false},"excerpt":{"rendered":"<p>[vc_row css_animation=&#8221;&#8221; row_type=&#8221;row&#8221; use_row_as_full_screen_section=&#8221;no&#8221; type=&#8221;grid&#8221; angled_section=&#8221;no&#8221; text_align=&#8221;left&#8221; background_image_as_pattern=&#8221;without_pattern&#8221;][vc_column][vc_empty_space][vc_column_text] Notari\u00eble vertaaldiensten Britse notari\u00eble vertaling van documenten [\/vc_column_text][vc_empty_space][vc_column_text] Verhuizen naar een ander land? Ga je trouwen met een buitenlander of wil je toegelaten worden tot een universiteit in het buitenland? U hebt bijna altijd be\u00ebdigde of notari\u00eble&#8230;<\/p>\n","protected":false},"author":1,"featured_media":9656,"parent":0,"menu_order":0,"comment_status":"closed","ping_status":"closed","template":"full_width.php","meta":{"_acf_changed":false,"footnotes":""},"class_list":["post-38825","page","type-page","status-publish","has-post-thumbnail","hentry"],"acf":[],"yoast_head":"<!-- This site is optimized with the Yoast SEO Premium plugin v26.5 (Yoast SEO v26.5) - https:\/\/yoast.com\/wordpress\/plugins\/seo\/ -->\n<title>Deskundige notari\u00eble vertalingen in Londen<\/title>\n<meta name=\"description\" content=\"Als je notari\u00eble vertaaldiensten nodig hebt voor immigratie in het Verenigd Koninkrijk tegen eerlijke prijzen, kun je terecht bij ons kantoor in Londen en we zijn 24\/7 beschikbaar.\" \/>\n<meta name=\"robots\" content=\"index, follow, max-snippet:-1, max-image-preview:large, max-video-preview:-1\" \/>\n<link rel=\"canonical\" href=\"https:\/\/www.dutchtrans.co.uk\/nl\/notariele-vertaaldiensten\/\" \/>\n<meta property=\"og:locale\" content=\"nl_NL\" \/>\n<meta property=\"og:type\" content=\"article\" \/>\n<meta property=\"og:title\" content=\"Notari\u00eble vertaaldiensten voor persoonlijke documenten in Londen, Verenigd Koninkrijk\" \/>\n<meta property=\"og:description\" content=\"Als je notari\u00eble vertaaldiensten nodig hebt voor immigratie in het Verenigd Koninkrijk tegen eerlijke prijzen, kun je terecht bij ons kantoor in Londen en we zijn 24\/7 beschikbaar.\" \/>\n<meta property=\"og:url\" content=\"https:\/\/www.dutchtrans.co.uk\/nl\/notariele-vertaaldiensten\/\" \/>\n<meta property=\"og:site_name\" content=\"Dutchtrans\" \/>\n<meta property=\"article:publisher\" content=\"https:\/\/www.facebook.com\/DutchTrans\" \/>\n<meta property=\"article:modified_time\" content=\"2024-09-01T11:06:03+00:00\" \/>\n<meta property=\"og:image\" content=\"https:\/\/www.dutchtrans.co.uk\/wp-content\/uploads\/2018\/02\/notarized-translation-services.png\" \/>\n<meta name=\"twitter:card\" content=\"summary_large_image\" \/>\n<meta name=\"twitter:title\" content=\"Notari\u00eble vertaaldiensten\" \/>\n<meta name=\"twitter:site\" content=\"@DutchTrans\" \/>\n<meta name=\"twitter:label1\" content=\"Geschatte leestijd\" \/>\n\t<meta name=\"twitter:data1\" content=\"7 minuten\" \/>\n<!-- \/ Yoast SEO Premium plugin. -->","yoast_head_json":{"title":"Deskundige notari\u00eble vertalingen in Londen","description":"Als je notari\u00eble vertaaldiensten nodig hebt voor immigratie in het Verenigd Koninkrijk tegen eerlijke prijzen, kun je terecht bij ons kantoor in Londen en we zijn 24\/7 beschikbaar.","robots":{"index":"index","follow":"follow","max-snippet":"max-snippet:-1","max-image-preview":"max-image-preview:large","max-video-preview":"max-video-preview:-1"},"canonical":"https:\/\/www.dutchtrans.co.uk\/nl\/notariele-vertaaldiensten\/","og_locale":"nl_NL","og_type":"article","og_title":"Notari\u00eble vertaaldiensten voor persoonlijke documenten in Londen, Verenigd Koninkrijk","og_description":"Als je notari\u00eble vertaaldiensten nodig hebt voor immigratie in het Verenigd Koninkrijk tegen eerlijke prijzen, kun je terecht bij ons kantoor in Londen en we zijn 24\/7 beschikbaar.","og_url":"https:\/\/www.dutchtrans.co.uk\/nl\/notariele-vertaaldiensten\/","og_site_name":"Dutchtrans","article_publisher":"https:\/\/www.facebook.com\/DutchTrans","article_modified_time":"2024-09-01T11:06:03+00:00","og_image":[{"url":"https:\/\/www.dutchtrans.co.uk\/wp-content\/uploads\/2018\/02\/notarized-translation-services.png","type":"","width":"","height":""}],"twitter_card":"summary_large_image","twitter_title":"Notari\u00eble vertaaldiensten","twitter_site":"@DutchTrans","twitter_misc":{"Geschatte leestijd":"7 minuten"},"schema":{"@context":"https:\/\/schema.org","@graph":[{"@type":"WebPage","@id":"https:\/\/www.dutchtrans.co.uk\/nl\/notariele-vertaaldiensten\/","url":"https:\/\/www.dutchtrans.co.uk\/nl\/notariele-vertaaldiensten\/","name":"Deskundige notari\u00eble vertalingen in Londen","isPartOf":{"@id":"https:\/\/www.dutchtrans.co.uk\/nl\/#website"},"primaryImageOfPage":{"@id":"https:\/\/www.dutchtrans.co.uk\/nl\/notariele-vertaaldiensten\/#primaryimage"},"image":{"@id":"https:\/\/www.dutchtrans.co.uk\/nl\/notariele-vertaaldiensten\/#primaryimage"},"thumbnailUrl":"https:\/\/www.dutchtrans.co.uk\/wp-content\/uploads\/2018\/02\/notarized-translation-services.png","datePublished":"2023-06-09T10:00:16+00:00","dateModified":"2024-09-01T11:06:03+00:00","description":"Als je notari\u00eble vertaaldiensten nodig hebt voor immigratie in het Verenigd Koninkrijk tegen eerlijke prijzen, kun je terecht bij ons kantoor in Londen en we zijn 24\/7 beschikbaar.","breadcrumb":{"@id":"https:\/\/www.dutchtrans.co.uk\/nl\/notariele-vertaaldiensten\/#breadcrumb"},"inLanguage":"nl-NL","potentialAction":[{"@type":"ReadAction","target":["https:\/\/www.dutchtrans.co.uk\/nl\/notariele-vertaaldiensten\/"]}]},{"@type":"ImageObject","inLanguage":"nl-NL","@id":"https:\/\/www.dutchtrans.co.uk\/nl\/notariele-vertaaldiensten\/#primaryimage","url":"https:\/\/www.dutchtrans.co.uk\/wp-content\/uploads\/2018\/02\/notarized-translation-services.png","contentUrl":"https:\/\/www.dutchtrans.co.uk\/wp-content\/uploads\/2018\/02\/notarized-translation-services.png","width":1920,"height":500,"caption":"notarized translation services"},{"@type":"BreadcrumbList","@id":"https:\/\/www.dutchtrans.co.uk\/nl\/notariele-vertaaldiensten\/#breadcrumb","itemListElement":[{"@type":"ListItem","position":1,"name":"Home","item":"https:\/\/www.dutchtrans.co.uk\/nl\/home\/"},{"@type":"ListItem","position":2,"name":"Notari\u00eble vertaaldiensten"}]},{"@type":"WebSite","@id":"https:\/\/www.dutchtrans.co.uk\/nl\/#website","url":"https:\/\/www.dutchtrans.co.uk\/nl\/","name":"DutchTrans","description":"DutchTrans is a leading Dutch translation agency focusing on document and website translation, offering high quality Dutch to English translation services.","publisher":{"@id":"https:\/\/www.dutchtrans.co.uk\/nl\/#organization"},"potentialAction":[{"@type":"SearchAction","target":{"@type":"EntryPoint","urlTemplate":"https:\/\/www.dutchtrans.co.uk\/nl\/?s={search_term_string}"},"query-input":{"@type":"PropertyValueSpecification","valueRequired":true,"valueName":"search_term_string"}}],"inLanguage":"nl-NL"},{"@type":"Organization","@id":"https:\/\/www.dutchtrans.co.uk\/nl\/#organization","name":"DutchTrans - Translation Services","url":"https:\/\/www.dutchtrans.co.uk\/nl\/","logo":{"@type":"ImageObject","inLanguage":"nl-NL","@id":"https:\/\/www.dutchtrans.co.uk\/nl\/#\/schema\/logo\/image\/","url":"https:\/\/www.dutchtrans.co.uk\/wp-content\/uploads\/2015\/02\/DTlogo2.png","contentUrl":"https:\/\/www.dutchtrans.co.uk\/wp-content\/uploads\/2015\/02\/DTlogo2.png","width":197,"height":170,"caption":"DutchTrans - Translation Services"},"image":{"@id":"https:\/\/www.dutchtrans.co.uk\/nl\/#\/schema\/logo\/image\/"},"sameAs":["https:\/\/www.facebook.com\/DutchTrans","https:\/\/x.com\/DutchTrans","https:\/\/www.instagram.com\/DutchtransUK","https:\/\/www.linkedin.com\/company\/dutchtrans-co-uk","https:\/\/www.pinterest.com\/dutchtrans","https:\/\/www.youtube.com\/c\/DutchtransCoUk"]}]}},"_links":{"self":[{"href":"https:\/\/www.dutchtrans.co.uk\/nl\/wp-json\/wp\/v2\/pages\/38825","targetHints":{"allow":["GET"]}}],"collection":[{"href":"https:\/\/www.dutchtrans.co.uk\/nl\/wp-json\/wp\/v2\/pages"}],"about":[{"href":"https:\/\/www.dutchtrans.co.uk\/nl\/wp-json\/wp\/v2\/types\/page"}],"author":[{"embeddable":true,"href":"https:\/\/www.dutchtrans.co.uk\/nl\/wp-json\/wp\/v2\/users\/1"}],"replies":[{"embeddable":true,"href":"https:\/\/www.dutchtrans.co.uk\/nl\/wp-json\/wp\/v2\/comments?post=38825"}],"version-history":[{"count":5,"href":"https:\/\/www.dutchtrans.co.uk\/nl\/wp-json\/wp\/v2\/pages\/38825\/revisions"}],"predecessor-version":[{"id":42858,"href":"https:\/\/www.dutchtrans.co.uk\/nl\/wp-json\/wp\/v2\/pages\/38825\/revisions\/42858"}],"wp:featuredmedia":[{"embeddable":true,"href":"https:\/\/www.dutchtrans.co.uk\/nl\/wp-json\/wp\/v2\/media\/9656"}],"wp:attachment":[{"href":"https:\/\/www.dutchtrans.co.uk\/nl\/wp-json\/wp\/v2\/media?parent=38825"}],"curies":[{"name":"wp","href":"https:\/\/api.w.org\/{rel}","templated":true}]}}